     {"id":9758,"date":"2025-08-04T09:44:38","date_gmt":"2025-08-04T09:44:38","guid":{"rendered":"https:\/\/www.linas.com.au\/?page_id=9758"},"modified":"2025-12-16T14:01:28","modified_gmt":"2025-12-16T14:01:28","slug":"work-holiday-in-australia","status":"publish","type":"page","link":"https:\/\/www.linas.com.au\/lt\/work-holiday-in-australia\/","title":{"rendered":"Darbas ir atostogos Australijoje"},"content":{"rendered":"<div data-elementor-type=\"wp-page\" data-elementor-id=\"9758\" class=\"elementor elementor-9758\" data-elementor-settings=\"{&quot;scroll_snap&quot;:&quot;yes&quot;,&quot;ha_cmc_init_switcher&quot;:&quot;no&quot;}\" data-elementor-post-type=\"page\">\n\t\t\t\t\t\t<section class=\"elementor-section elementor-top-section elementor-element elementor-element-3df86bb6 elementor-section-height-min-height elementor-section-stretched elementor-section-boxed elementor-section-height-default elementor-section-items-middle\" data-id=\"3df86bb6\" data-element_type=\"section\" data-e-type=\"section\" data-settings=\"{&quot;background_background&quot;:&quot;classic&quot;,&quot;shape_divider_bottom&quot;:&quot;tilt&quot;,&quot;stretch_section&quot;:&quot;section-stretched&quot;,&quot;_ha_eqh_enable&quot;:false}\">\n\t\t\t\t\t\t\t<div class=\"elementor-background-overlay\"><\/div>\n\t\t\t\t\t\t<div class=\"elementor-shape elementor-shape-bottom\" aria-hidden=\"true\" data-negative=\"false\">\n\t\t\t<svg xmlns=\"http:\/\/www.w3.org\/2000\/svg\" viewbox=\"0 0 1000 100\" preserveaspectratio=\"none\">\n\t<path class=\"elementor-shape-fill\" d=\"M0,6V0h1000v100L0,6z\"\/>\n<\/svg>\t\t<\/div>\n\t\t\t\t\t<div class=\"elementor-container elementor-column-gap-default\">\n\t\t\t\t\t<div class=\"elementor-column elementor-col-100 elementor-top-column elementor-element elementor-element-1edd3038\" data-id=\"1edd3038\" data-element_type=\"column\" data-e-type=\"column\">\n\t\t\t<div class=\"elementor-widget-wrap elementor-element-populated\">\n\t\t\t\t\t\t<div class=\"elementor-element elementor-element-6d57e04c elementor-widget elementor-widget-theme-post-title elementor-page-title elementor-widget-heading\" data-id=\"6d57e04c\" data-element_type=\"widget\" data-e-type=\"widget\" data-widget_type=\"theme-post-title.default\">\n\t\t\t\t<div class=\"elementor-widget-container\">\n\t\t\t\t\t<h1 class=\"elementor-heading-title elementor-size-default\">Darbas ir atostogos Australijoje<\/h1>\t\t\t\t<\/div>\n\t\t\t\t<\/div>\n\t\t\t\t\t<\/div>\n\t\t<\/div>\n\t\t\t\t\t<\/div>\n\t\t<\/section>\n\t\t\t\t<section class=\"elementor-section elementor-top-section elementor-element elementor-element-48f253cd elementor-section-stretched elementor-section-boxed elementor-section-height-default elementor-section-height-default\" data-id=\"48f253cd\" data-element_type=\"section\" data-e-type=\"section\" data-settings=\"{&quot;stretch_section&quot;:&quot;section-stretched&quot;,&quot;_ha_eqh_enable&quot;:false}\">\n\t\t\t\t\t\t<div class=\"elementor-container elementor-column-gap-default\">\n\t\t\t\t\t<div class=\"elementor-column elementor-col-100 elementor-top-column elementor-element elementor-element-600c70e\" data-id=\"600c70e\" data-element_type=\"column\" data-e-type=\"column\" data-settings=\"{&quot;background_background&quot;:&quot;classic&quot;}\">\n\t\t\t<div class=\"elementor-widget-wrap elementor-element-populated\">\n\t\t\t\t\t<div class=\"elementor-background-overlay\"><\/div>\n\t\t\t\t\t\t<section class=\"elementor-section elementor-inner-section elementor-element elementor-element-0f4f8e4 elementor-section-boxed elementor-section-height-default elementor-section-height-default\" data-id=\"0f4f8e4\" data-element_type=\"section\" data-e-type=\"section\" data-settings=\"{&quot;_ha_eqh_enable&quot;:false}\">\n\t\t\t\t\t\t<div class=\"elementor-container elementor-column-gap-default\">\n\t\t\t\t\t<div class=\"elementor-column elementor-col-100 elementor-inner-column elementor-element elementor-element-b490c43\" data-id=\"b490c43\" data-element_type=\"column\" data-e-type=\"column\">\n\t\t\t<div class=\"elementor-widget-wrap elementor-element-populated\">\n\t\t\t\t\t\t<div class=\"elementor-element elementor-element-19f1189 elementor-widget elementor-widget-text-editor\" data-id=\"19f1189\" data-element_type=\"widget\" data-e-type=\"widget\" data-widget_type=\"text-editor.default\">\n\t\t\t\t<div class=\"elementor-widget-container\">\n\t\t\t\t\t\t\t\t\t<h3><b>Darbas ir atostogos Australijoje (417 ir 462)<\/b><\/h3><p class=\"translation-block\"><b>Travel. Work. Explore.<\/b><b><br><\/b><span style=\"font-weight: 400;\"> A <\/span><b>Working Holiday Visa (subclass 417 or 462)<\/b><span style=\"font-weight: 400;\">, also known as a <\/span><b>Work &amp; Holiday visa (WHV Australia)<\/b><span style=\"font-weight: 400;\">, is the perfect way to experience life in Australia. These visas let you <\/span><b>live, work, and travel<\/b><span style=\"font-weight: 400;\"> across the country for up to 12 months \u2013 and even longer if you qualify for extensions. Available to young people (usually aged 18\u201330) from eligible countries, they\u2019re a flexible and affordable way to make your Aussie dream a reality.<\/span><\/p><h5><b>Kod\u0117l verta rinktis darbo ir atostog\u0173 viz\u0105?<\/b><\/h5><ul><li style=\"font-weight: 400;\" aria-level=\"1\"><b>\u012eperkamas b\u016bdas gyventi u\u017esienyje metus (ar ilgiau)<\/b><b><br \/><\/b><span style=\"font-weight: 400;\">Skirtingai nei student\u0173 ar turistin\u0117s vizos, <\/span><b>Darbo ir atostog\u0173 viza<\/b><span style=\"font-weight: 400;\"> galite u\u017esidirbti keliaudami, tod\u0117l nei\u0161\u0161vaistysite savo santaup\u0173.<\/span><span style=\"font-weight: 400;\"><br \/><\/span><\/li><li style=\"font-weight: 400;\" aria-level=\"1\"><b>\u012egyjama vertingos darbo patirties.<\/b><b><br \/><\/b><span style=\"font-weight: 400;\"> \u012e savo CV \u012ftraukite tarptautinius darbus. Darbo Australijoje patirtis rodo lankstum\u0105, iniciatyvum\u0105 ir tarpkult\u016brinius \u012fg\u016bd\u017eius, kuriuos vertina darbdaviai.<\/span><span style=\"font-weight: 400;\"><br \/><\/span><\/li><li style=\"font-weight: 400;\" aria-level=\"1\"><b>Vie\u0161nag\u0117 ilgiau nei metus<\/b><b><br \/><\/b><span style=\"font-weight: 400;\"> \u2714\ufe0f Per pirmuosius metus atlikite 88 dienas nurodyto regioninio darbo, kad gal\u0117tum\u0117te kreiptis d\u0117l antr\u0173j\u0173 met\u0173 WHV Australia.<\/span><span style=\"font-weight: 400;\"><br \/><\/span><span style=\"font-weight: 400;\"> \u2714\ufe0f Antraisiais metais dirbkite 179 dienas, kad gautum\u0117te teis\u0119 \u012f tre\u010di\u0105j\u012f sta\u017e\u0105.<\/span><span style=\"font-weight: 400;\"><br \/><\/span><\/li><li style=\"font-weight: 400;\" aria-level=\"1\"><b>Gyvenkite australieti\u0161k\u0105 gyvenimo b\u016bd\u0105 ir i\u0161bandykite vanden\u012f.<\/b><b><br \/><\/b><span style=\"font-weight: 400;\">Nuo papl\u016bdimio dien\u0173 ir kelioni\u0173 keliais iki gyvybing\u0173 miest\u0173 ir kasdienio gyvenimo - Australij\u0105 pa\u017einsite kaip vietinis gyventojas.<\/span><span style=\"font-weight: 400;\"><br \/><\/span><\/li><li style=\"font-weight: 400;\" aria-level=\"1\"><b>Puikus atspirties ta\u0161kas j\u016bs\u0173 atei\u010diai<\/b><b><br \/><\/b><span style=\"font-weight: 400;\">Galvojate pasilikti ilgiau? Svetain\u0117 <\/span><b>417 ir 462 vizos<\/b><span style=\"font-weight: 400;\"> tai puikus b\u016bdas i\u0161bandyti gyvenim\u0105 Australijoje prie\u0161 pereinant prie studento vizos ar kitos ilgalaik\u0117s galimyb\u0117s.<\/span><span style=\"font-weight: 400;\"><br \/><\/span><\/li><\/ul><h5><b>Darbo atostog\u0173 prad\u017eios paketas - tik 65 \u20ac<\/b><\/h5><p><b>Atvykite \u012f Australij\u0105 ramiai (ir sutaupykite pinig\u0173).<\/b><\/p><p><span style=\"font-weight: 400;\">Pirmosios dienos Australijoje gali b\u016bti sunkiausios: nauja \u0161alis, joki\u0173 ry\u0161i\u0173 ir ilgas s\u0105ra\u0161as reikal\u0173, kuriuos reikia sutvarkyti. Naudodamiesi \u0161iuo paketu b\u016bsite pasiruo\u0161\u0119, tur\u0117site ry\u0161i\u0173 ir sulauksite palaikymo:<\/span><\/p><p><span style=\"font-weight: 400;\">\u2705 <\/span><b>2 m\u0117nesi\u0173 kelion\u0117s draudimas<\/b><span style=\"font-weight: 400;\"> - verta daugiau nei <\/span><b>\u20ac120<\/b><span style=\"font-weight: 400;\"> (esate apdraustas nuo pirmos dienos)<\/span><span style=\"font-weight: 400;\"><br \/><\/span><span style=\"font-weight: 400;\"> \u2705 <\/span><b>Australijos SIM kortel\u0117 + duomenys<\/b><span style=\"font-weight: 400;\"> - paprastai <\/span><b>\u20ac18<\/b><span style=\"font-weight: 400;\">, paruo\u0161tas naudoti vos tik nusileidus<\/span><span style=\"font-weight: 400;\"><br \/><\/span><span style=\"font-weight: 400;\"> \u2705 <\/span><b>TFN s\u0105rankos pagalba<\/b><span style=\"font-weight: 400;\"> - prad\u0117kite dirbti ir u\u017edirbti grei\u010diau<\/span><span style=\"font-weight: 400;\"><br \/><\/span><span style=\"font-weight: 400;\"> \u2705 <\/span><b>Darbui paruo\u0161tas gyvenimo apra\u0161ymo \u0161ablonas + darbo patarimai<\/b><span style=\"font-weight: 400;\"> - padaryti puik\u0173 pirm\u0105j\u012f \u012fsp\u016bd\u012f<\/span><span style=\"font-weight: 400;\"><br \/><\/span><span style=\"font-weight: 400;\"> \u2705 <\/span><b>Vietos kontaktinis asmuo Australijoje<\/b><span style=\"font-weight: 400;\"> - jei jums reikia pagalbos, galime tik para\u0161yti \u017einut\u0119<\/span><\/p><p><span style=\"font-weight: 400;\">Tai baig\u0117si <\/span><b>140 eur\u0173 vert\u0117s<\/b><span style=\"font-weight: 400;\"> - ir ne\u012fkainojama ramyb\u0117 - tik u\u017e <\/span><b>\u20ac65<\/b><span style=\"font-weight: 400;\">.<\/span><\/p><p><span style=\"font-weight: 400;\">\ud83d\udc49 <\/span><b>I\u0161venkite streso, sutaupykite pinig\u0173 ir \u017einokite, kad nuo pat atvykimo turite partner\u012f Australijoje.<\/b><\/p><p><b>\u27a1 Susisiekite su mumis \u0161iandien ir nuvyksime \u012f Australij\u0105!<\/b><\/p>\t\t\t\t\t\t\t\t<\/div>\n\t\t\t\t<\/div>\n\t\t\t\t\t<\/div>\n\t\t<\/div>\n\t\t\t\t\t<\/div>\n\t\t<\/section>\n\t\t\t\t<div class=\"elementor-element elementor-element-56077bfd elementor-widget__width-auto get-free-consultation elementor-widget elementor-widget-button\" data-id=\"56077bfd\" data-element_type=\"widget\" data-e-type=\"widget\" data-widget_type=\"button.default\">\n\t\t\t\t<div class=\"elementor-widget-container\">\n\t\t\t\t\t\t\t\t\t<div class=\"elementor-button-wrapper\">\n\t\t\t\t\t<a class=\"elementor-button elementor-button-link elementor-size-sm elementor-animation-float\" href=\"\/lt\/wh\/\">\n\t\t\t\t\t\t<span class=\"elementor-button-content-wrapper\">\n\t\t\t\t\t\t\t\t\t<span class=\"elementor-button-text\">Arrival Pack<\/span>\n\t\t\t\t\t<\/span>\n\t\t\t\t\t<\/a>\n\t\t\t\t<\/div>\n\t\t\t\t\t\t\t\t<\/div>\n\t\t\t\t<\/div>\n\t\t\t\t\t<\/div>\n\t\t<\/div>\n\t\t\t\t\t<\/div>\n\t\t<\/section>\n\t\t\t\t<\/div>","protected":false},"excerpt":{"rendered":"<p>Work &amp; Holiday in Australia (417 &amp; 462) Travel. Work. Explore. A Working Holiday Visa (subclass 417 or 462), also known as a Work &amp; Holiday visa (WHV Australia), is the perfect way to experience life in Australia. These visas let you live, work, and travel across the country for up to 12 months \u2013 [&hellip;]<\/p>\n","protected":false},"author":2,"featured_media":5355,"parent":0,"menu_order":0,"comment_status":"closed","ping_status":"closed","template":"","meta":{"footnotes":""},"class_list":["post-9758","page","type-page","status-publish","has-post-thumbnail","hentry"],"yoast_head":"<!-- This site is optimized with the Yoast SEO plugin v27.5 - https:\/\/yoast.com\/product\/yoast-seo-wordpress\/ -->\n<title>Work &amp; Holiday in Australia - Study In Australia<\/title>\n<meta name=\"description\" content=\"Discover how to live, work, and travel with a Work &amp; Holiday in Australia. Get tips, visa guidance, and start your Aussie adventure today!\" \/>\n<meta name=\"robots\" content=\"index, follow, max-snippet:-1, max-image-preview:large, max-video-preview:-1\" \/>\n<link rel=\"canonical\" href=\"https:\/\/www.linas.com.au\/lt\/work-holiday-in-australia\/\" \/>\n<meta property=\"og:locale\" content=\"lt_LT\" \/>\n<meta property=\"og:type\" content=\"article\" \/>\n<meta property=\"og:title\" content=\"Work &amp; Holiday in Australia - Study In Australia\" \/>\n<meta property=\"og:description\" content=\"Discover how to live, work, and travel with a Work &amp; Holiday in Australia. Get tips, visa guidance, and start your Aussie adventure today!\" \/>\n<meta property=\"og:url\" content=\"https:\/\/www.linas.com.au\/lt\/work-holiday-in-australia\/\" \/>\n<meta property=\"og:site_name\" content=\"Study In Australia\" \/>\n<meta property=\"article:modified_time\" content=\"2025-12-16T14:01:28+00:00\" \/>\n<meta property=\"og:image\" content=\"https:\/\/www.linas.com.au\/wp-content\/uploads\/2021\/09\/8.png\" \/>\n\t<meta property=\"og:image:width\" content=\"1080\" \/>\n\t<meta property=\"og:image:height\" content=\"1080\" \/>\n\t<meta property=\"og:image:type\" content=\"image\/png\" \/>\n<meta name=\"twitter:card\" content=\"summary_large_image\" \/>\n<meta name=\"twitter:label1\" content=\"Est. reading time\" \/>\n\t<meta name=\"twitter:data1\" content=\"2 minut\u0117s\" \/>\n<script type=\"application\/ld+json\" class=\"yoast-schema-graph\">{\"@context\":\"https:\\\/\\\/schema.org\",\"@graph\":[{\"@type\":\"WebPage\",\"@id\":\"https:\\\/\\\/www.linas.com.au\\\/et\\\/work-holiday-in-australia\\\/\",\"url\":\"https:\\\/\\\/www.linas.com.au\\\/et\\\/work-holiday-in-australia\\\/\",\"name\":\"Work &amp; Holiday in Australia - Study In Australia\",\"isPartOf\":{\"@id\":\"https:\\\/\\\/www.linas.com.au\\\/#website\"},\"primaryImageOfPage\":{\"@id\":\"https:\\\/\\\/www.linas.com.au\\\/et\\\/work-holiday-in-australia\\\/#primaryimage\"},\"image\":{\"@id\":\"https:\\\/\\\/www.linas.com.au\\\/et\\\/work-holiday-in-australia\\\/#primaryimage\"},\"thumbnailUrl\":\"https:\\\/\\\/www.linas.com.au\\\/wp-content\\\/uploads\\\/2021\\\/09\\\/8.png\",\"datePublished\":\"2025-08-04T09:44:38+00:00\",\"dateModified\":\"2025-12-16T14:01:28+00:00\",\"description\":\"Discover how to live, work, and travel with a Work & Holiday in Australia. Get tips, visa guidance, and start your Aussie adventure today!\",\"breadcrumb\":{\"@id\":\"https:\\\/\\\/www.linas.com.au\\\/et\\\/work-holiday-in-australia\\\/#breadcrumb\"},\"inLanguage\":\"lt-LT\",\"potentialAction\":[{\"@type\":\"ReadAction\",\"target\":[\"https:\\\/\\\/www.linas.com.au\\\/et\\\/work-holiday-in-australia\\\/\"]}]},{\"@type\":\"ImageObject\",\"inLanguage\":\"lt-LT\",\"@id\":\"https:\\\/\\\/www.linas.com.au\\\/et\\\/work-holiday-in-australia\\\/#primaryimage\",\"url\":\"https:\\\/\\\/www.linas.com.au\\\/wp-content\\\/uploads\\\/2021\\\/09\\\/8.png\",\"contentUrl\":\"https:\\\/\\\/www.linas.com.au\\\/wp-content\\\/uploads\\\/2021\\\/09\\\/8.png\",\"width\":1080,\"height\":1080,\"caption\":\"$9000 Bachelor In Business\"},{\"@type\":\"BreadcrumbList\",\"@id\":\"https:\\\/\\\/www.linas.com.au\\\/et\\\/work-holiday-in-australia\\\/#breadcrumb\",\"itemListElement\":[{\"@type\":\"ListItem\",\"position\":1,\"name\":\"Home\",\"item\":\"https:\\\/\\\/www.linas.com.au\\\/\"},{\"@type\":\"ListItem\",\"position\":2,\"name\":\"Work &amp; Holiday in Australia\"}]},{\"@type\":\"WebSite\",\"@id\":\"https:\\\/\\\/www.linas.com.au\\\/#website\",\"url\":\"https:\\\/\\\/www.linas.com.au\\\/\",\"name\":\"Study In Australia\",\"description\":\"\",\"publisher\":{\"@id\":\"https:\\\/\\\/www.linas.com.au\\\/#organization\"},\"potentialAction\":[{\"@type\":\"SearchAction\",\"target\":{\"@type\":\"EntryPoint\",\"urlTemplate\":\"https:\\\/\\\/www.linas.com.au\\\/?s={search_term_string}\"},\"query-input\":{\"@type\":\"PropertyValueSpecification\",\"valueRequired\":true,\"valueName\":\"search_term_string\"}}],\"inLanguage\":\"lt-LT\"},{\"@type\":\"Organization\",\"@id\":\"https:\\\/\\\/www.linas.com.au\\\/#organization\",\"name\":\"LinAs Student Agency\",\"url\":\"https:\\\/\\\/www.linas.com.au\\\/\",\"logo\":{\"@type\":\"ImageObject\",\"inLanguage\":\"lt-LT\",\"@id\":\"https:\\\/\\\/www.linas.com.au\\\/#\\\/schema\\\/logo\\\/image\\\/\",\"url\":\"https:\\\/\\\/www.linas.com.au\\\/wp-content\\\/uploads\\\/2025\\\/12\\\/social_logo.jpg\",\"contentUrl\":\"https:\\\/\\\/www.linas.com.au\\\/wp-content\\\/uploads\\\/2025\\\/12\\\/social_logo.jpg\",\"width\":800,\"height\":315,\"caption\":\"LinAs Student Agency\"},\"image\":{\"@id\":\"https:\\\/\\\/www.linas.com.au\\\/#\\\/schema\\\/logo\\\/image\\\/\"},\"sameAs\":[\"https:\\\/\\\/www.instagram.com\\\/linasaustralia\\\/\"]}]}<\/script>\n<!-- \/ Yoast SEO plugin. -->","yoast_head_json":{"title":"Work &amp; Holiday in Australia - Study In Australia","description":"Su\u017einokite, kaip gyventi, dirbti ir keliauti Australijoje su \u201eWork &amp; Holiday\u201c viza. Gaukite patarim\u0173, viz\u0173 gaires ir prad\u0117kite savo australieti\u0161k\u0105 nuotyk\u012f jau \u0161iandien!","robots":{"index":"index","follow":"follow","max-snippet":"max-snippet:-1","max-image-preview":"max-image-preview:large","max-video-preview":"max-video-preview:-1"},"canonical":"https:\/\/www.linas.com.au\/lt\/work-holiday-in-australia\/","og_locale":"lt_LT","og_type":"article","og_title":"Work &amp; Holiday in Australia - Study In Australia","og_description":"Discover how to live, work, and travel with a Work & Holiday in Australia. Get tips, visa guidance, and start your Aussie adventure today!","og_url":"https:\/\/www.linas.com.au\/lt\/work-holiday-in-australia\/","og_site_name":"Study In Australia","article_modified_time":"2025-12-16T14:01:28+00:00","og_image":[{"width":1080,"height":1080,"url":"https:\/\/www.linas.com.au\/wp-content\/uploads\/2021\/09\/8.png","type":"image\/png"}],"twitter_card":"summary_large_image","twitter_misc":{"Est. reading time":"2 minut\u0117s"},"schema":{"@context":"https:\/\/schema.org","@graph":[{"@type":"WebPage","@id":"https:\/\/www.linas.com.au\/et\/work-holiday-in-australia\/","url":"https:\/\/www.linas.com.au\/et\/work-holiday-in-australia\/","name":"Work &amp; Holiday in Australia - Study In Australia","isPartOf":{"@id":"https:\/\/www.linas.com.au\/#website"},"primaryImageOfPage":{"@id":"https:\/\/www.linas.com.au\/et\/work-holiday-in-australia\/#primaryimage"},"image":{"@id":"https:\/\/www.linas.com.au\/et\/work-holiday-in-australia\/#primaryimage"},"thumbnailUrl":"https:\/\/www.linas.com.au\/wp-content\/uploads\/2021\/09\/8.png","datePublished":"2025-08-04T09:44:38+00:00","dateModified":"2025-12-16T14:01:28+00:00","description":"Su\u017einokite, kaip gyventi, dirbti ir keliauti Australijoje su \u201eWork &amp; Holiday\u201c viza. Gaukite patarim\u0173, viz\u0173 gaires ir prad\u0117kite savo australieti\u0161k\u0105 nuotyk\u012f jau \u0161iandien!","breadcrumb":{"@id":"https:\/\/www.linas.com.au\/et\/work-holiday-in-australia\/#breadcrumb"},"inLanguage":"lt-LT","potentialAction":[{"@type":"ReadAction","target":["https:\/\/www.linas.com.au\/et\/work-holiday-in-australia\/"]}]},{"@type":"ImageObject","inLanguage":"lt-LT","@id":"https:\/\/www.linas.com.au\/et\/work-holiday-in-australia\/#primaryimage","url":"https:\/\/www.linas.com.au\/wp-content\/uploads\/2021\/09\/8.png","contentUrl":"https:\/\/www.linas.com.au\/wp-content\/uploads\/2021\/09\/8.png","width":1080,"height":1080,"caption":"$9000 Bachelor In Business"},{"@type":"BreadcrumbList","@id":"https:\/\/www.linas.com.au\/et\/work-holiday-in-australia\/#breadcrumb","itemListElement":[{"@type":"ListItem","position":1,"name":"Home","item":"https:\/\/www.linas.com.au\/"},{"@type":"ListItem","position":2,"name":"Work &amp; Holiday in Australia"}]},{"@type":"WebSite","@id":"https:\/\/www.linas.com.au\/#website","url":"https:\/\/www.linas.com.au\/","name":"Study In Australia","description":"","publisher":{"@id":"https:\/\/www.linas.com.au\/#organization"},"potentialAction":[{"@type":"SearchAction","target":{"@type":"EntryPoint","urlTemplate":"https:\/\/www.linas.com.au\/?s={search_term_string}"},"query-input":{"@type":"PropertyValueSpecification","valueRequired":true,"valueName":"search_term_string"}}],"inLanguage":"lt-LT"},{"@type":"Organization","@id":"https:\/\/www.linas.com.au\/#organization","name":"LinAs Student Agency","url":"https:\/\/www.linas.com.au\/","logo":{"@type":"ImageObject","inLanguage":"lt-LT","@id":"https:\/\/www.linas.com.au\/#\/schema\/logo\/image\/","url":"https:\/\/www.linas.com.au\/wp-content\/uploads\/2025\/12\/social_logo.jpg","contentUrl":"https:\/\/www.linas.com.au\/wp-content\/uploads\/2025\/12\/social_logo.jpg","width":800,"height":315,"caption":"LinAs Student Agency"},"image":{"@id":"https:\/\/www.linas.com.au\/#\/schema\/logo\/image\/"},"sameAs":["https:\/\/www.instagram.com\/linasaustralia\/"]}]}},"_links":{"self":[{"href":"https:\/\/www.linas.com.au\/lt\/wp-json\/wp\/v2\/pages\/9758","targetHints":{"allow":["GET"]}}],"collection":[{"href":"https:\/\/www.linas.com.au\/lt\/wp-json\/wp\/v2\/pages"}],"about":[{"href":"https:\/\/www.linas.com.au\/lt\/wp-json\/wp\/v2\/types\/page"}],"author":[{"embeddable":true,"href":"https:\/\/www.linas.com.au\/lt\/wp-json\/wp\/v2\/users\/2"}],"replies":[{"embeddable":true,"href":"https:\/\/www.linas.com.au\/lt\/wp-json\/wp\/v2\/comments?post=9758"}],"version-history":[{"count":12,"href":"https:\/\/www.linas.com.au\/lt\/wp-json\/wp\/v2\/pages\/9758\/revisions"}],"predecessor-version":[{"id":10533,"href":"https:\/\/www.linas.com.au\/lt\/wp-json\/wp\/v2\/pages\/9758\/revisions\/10533"}],"wp:featuredmedia":[{"embeddable":true,"href":"https:\/\/www.linas.com.au\/lt\/wp-json\/wp\/v2\/media\/5355"}],"wp:attachment":[{"href":"https:\/\/www.linas.com.au\/lt\/wp-json\/wp\/v2\/media?parent=9758"}],"curies":[{"name":"wp","href":"https:\/\/api.w.org\/{rel}","templated":true}]}}