     {"id":9201,"date":"2025-07-23T14:34:18","date_gmt":"2025-07-23T14:34:18","guid":{"rendered":"https:\/\/www.linas.com.au\/?page_id=9201"},"modified":"2025-12-15T17:15:44","modified_gmt":"2025-12-15T17:15:44","slug":"bachelor-degrees","status":"publish","type":"page","link":"https:\/\/www.linas.com.au\/lt\/courses\/bachelor-degrees\/","title":{"rendered":"Bakalauro laipsniai"},"content":{"rendered":"<div data-elementor-type=\"wp-page\" data-elementor-id=\"9201\" class=\"elementor elementor-9201\" data-elementor-settings=\"{&quot;scroll_snap&quot;:&quot;yes&quot;,&quot;ha_cmc_init_switcher&quot;:&quot;no&quot;}\" data-elementor-post-type=\"page\">\n\t\t\t\t\t\t<section class=\"elementor-section elementor-top-section elementor-element elementor-element-3df86bb6 elementor-section-height-min-height elementor-section-stretched elementor-section-boxed elementor-section-height-default elementor-section-items-middle\" data-id=\"3df86bb6\" data-element_type=\"section\" data-e-type=\"section\" data-settings=\"{&quot;background_background&quot;:&quot;classic&quot;,&quot;shape_divider_bottom&quot;:&quot;tilt&quot;,&quot;stretch_section&quot;:&quot;section-stretched&quot;,&quot;_ha_eqh_enable&quot;:false}\">\n\t\t\t\t\t\t\t<div class=\"elementor-background-overlay\"><\/div>\n\t\t\t\t\t\t<div class=\"elementor-shape elementor-shape-bottom\" aria-hidden=\"true\" data-negative=\"false\">\n\t\t\t<svg xmlns=\"http:\/\/www.w3.org\/2000\/svg\" viewbox=\"0 0 1000 100\" preserveaspectratio=\"none\">\n\t<path class=\"elementor-shape-fill\" d=\"M0,6V0h1000v100L0,6z\"\/>\n<\/svg>\t\t<\/div>\n\t\t\t\t\t<div class=\"elementor-container elementor-column-gap-default\">\n\t\t\t\t\t<div class=\"elementor-column elementor-col-100 elementor-top-column elementor-element elementor-element-1edd3038\" data-id=\"1edd3038\" data-element_type=\"column\" data-e-type=\"column\">\n\t\t\t<div class=\"elementor-widget-wrap elementor-element-populated\">\n\t\t\t\t\t\t<div class=\"elementor-element elementor-element-6d57e04c elementor-widget elementor-widget-theme-post-title elementor-page-title elementor-widget-heading\" data-id=\"6d57e04c\" data-element_type=\"widget\" data-e-type=\"widget\" data-widget_type=\"theme-post-title.default\">\n\t\t\t\t<div class=\"elementor-widget-container\">\n\t\t\t\t\t<h1 class=\"elementor-heading-title elementor-size-default\">Bakalauro laipsniai<\/h1>\t\t\t\t<\/div>\n\t\t\t\t<\/div>\n\t\t\t\t\t<\/div>\n\t\t<\/div>\n\t\t\t\t\t<\/div>\n\t\t<\/section>\n\t\t\t\t<section class=\"elementor-section elementor-top-section elementor-element elementor-element-48f253cd elementor-section-stretched elementor-section-boxed elementor-section-height-default elementor-section-height-default\" data-id=\"48f253cd\" data-element_type=\"section\" data-e-type=\"section\" data-settings=\"{&quot;stretch_section&quot;:&quot;section-stretched&quot;,&quot;_ha_eqh_enable&quot;:false}\">\n\t\t\t\t\t\t<div class=\"elementor-container elementor-column-gap-default\">\n\t\t\t\t\t<div class=\"elementor-column elementor-col-100 elementor-top-column elementor-element elementor-element-600c70e\" data-id=\"600c70e\" data-element_type=\"column\" data-e-type=\"column\" data-settings=\"{&quot;background_background&quot;:&quot;classic&quot;}\">\n\t\t\t<div class=\"elementor-widget-wrap elementor-element-populated\">\n\t\t\t\t\t<div class=\"elementor-background-overlay\"><\/div>\n\t\t\t\t\t\t<section class=\"elementor-section elementor-inner-section elementor-element elementor-element-0f4f8e4 elementor-section-boxed elementor-section-height-default elementor-section-height-default\" data-id=\"0f4f8e4\" data-element_type=\"section\" data-e-type=\"section\" data-settings=\"{&quot;_ha_eqh_enable&quot;:false}\">\n\t\t\t\t\t\t<div class=\"elementor-container elementor-column-gap-default\">\n\t\t\t\t\t<div class=\"elementor-column elementor-col-100 elementor-inner-column elementor-element elementor-element-b490c43\" data-id=\"b490c43\" data-element_type=\"column\" data-e-type=\"column\">\n\t\t\t<div class=\"elementor-widget-wrap elementor-element-populated\">\n\t\t\t\t\t\t<div class=\"elementor-element elementor-element-19f1189 elementor-widget elementor-widget-text-editor\" data-id=\"19f1189\" data-element_type=\"widget\" data-e-type=\"widget\" data-widget_type=\"text-editor.default\">\n\t\t\t\t<div class=\"elementor-widget-container\">\n\t\t\t\t\t\t\t\t\t<h3><b>Studijuokite i\u0161maniai. Keliaukite po pasaul\u012f. Baigti studijas ir tur\u0117ti ateit\u012f.<\/b><\/h3><p><span style=\"font-weight: 400;\">A <\/span><b>Bakalauro laipsnis Australijoje<\/b><span style=\"font-weight: 400;\"> tai j\u016bs\u0173 bilietas \u012f tarptautin\u012f pripa\u017einim\u0105, karjeros augim\u0105 ir ilgalaikes vizas. Nesvarbu, ar dar tik baigiate mokykl\u0105, ar jau turite universitetini\u0173 kredit\u0173, \"LinAs\" gali pad\u0117ti rasti tinkam\u0105 kurs\u0105, dr\u0105siai pateikti parai\u0161k\u0105 ir suplanuoti tolesnius \u017eingsnius.<\/span><\/p><h5><b>\ud83c\udf0d Kod\u0117l verta studijuoti bakalauro studijas Australijoje?<\/b><\/h5><ul><li style=\"font-weight: 400;\" aria-level=\"1\"><span style=\"font-weight: 400;\">Visame pasaulyje pripa\u017e\u012fstamas 3-4 met\u0173 i\u0161silavinimas<\/span><span style=\"font-weight: 400;\"><br \/><\/span><\/li><li style=\"font-weight: 400;\" aria-level=\"1\"><span style=\"font-weight: 400;\">Mokymas angl\u0173 kalba, orientuotas \u012f realaus pasaulio \u012fg\u016bd\u017eius<\/span><span style=\"font-weight: 400;\"><br \/><\/span><\/li><li style=\"font-weight: 400;\" aria-level=\"1\"><span style=\"font-weight: 400;\">Lankstus pri\u0117mimas (vasario, liepos, kartais spalio m\u0117n.)<\/span><span style=\"font-weight: 400;\"><br \/><\/span><\/li><li style=\"font-weight: 400;\" aria-level=\"1\"><span style=\"font-weight: 400;\">Teis\u0119 \u012f <\/span><b>485 laikinoji absolvent\u0173 viza<\/b><b><br \/><\/b><\/li><li style=\"font-weight: 400;\" aria-level=\"1\"><span style=\"font-weight: 400;\">Veda \u012f magistrant\u016bros studijas arba b\u016bsimas migracijos galimybes<\/span><span style=\"font-weight: 400;\"><br \/><\/span><\/li><\/ul><p><b>\u2714 Fakt\u0173 patikrinimas:<\/b><span style=\"font-weight: 400;\"> Taip, Australijoje \u012fgij\u0119 bakalauro laipsn\u012f galite pretenduoti \u012f <\/span><b>485 vizos srautas \"Darbas po studij\u0173<\/b><span style=\"font-weight: 400;\">, jei ji trunka ne trumpiau kaip 2 akademinius metus (92 savaites) ir yra \u012fregistruota CRICOS.<\/span><\/p><h5><b>\ud83d\udca1 Kurso strukt\u016bra<\/b><\/h5><p><span style=\"font-weight: 400;\">Bakalauro laipsniai paprastai trunka ilgiau nei <\/span><b>6-8 semestrai<\/b><span style=\"font-weight: 400;\">, o mokiniai baigia:<\/span><\/p><ul><li style=\"font-weight: 400;\" aria-level=\"1\"><span style=\"font-weight: 400;\">Iki <\/span><b>4 dalykai per semestr\u0105<\/b><b><br \/><\/b><\/li><li style=\"font-weight: 400;\" aria-level=\"1\"><span style=\"font-weight: 400;\">Aplink <\/span><b>8 dalykai per metus<\/b><b><br \/><\/b><\/li><li style=\"font-weight: 400;\" aria-level=\"1\"><span style=\"font-weight: 400;\">Studij\u0173 tvarkara\u0161\u010diai, leid\u017eiantys skirti laiko darbui ir gyvenimui.<\/span><span style=\"font-weight: 400;\"><br \/><\/span><\/li><li style=\"font-weight: 400;\" aria-level=\"1\"><span style=\"font-weight: 400;\">Ilgos vasaros atostogos ir lanksti parama universitete<\/span><span style=\"font-weight: 400;\"><br \/><\/span><\/li><\/ul><h5><b>\ud83d\udcb8 Kiek tai kainuoja?<\/b><\/h5><ul><li style=\"font-weight: 400;\" aria-level=\"1\"><span style=\"font-weight: 400;\">Vidutinis mokestis u\u017e moksl\u0105 svyruoja nuo <\/span><b>AU$14,000 iki $25,000 per metus<\/b><b><br \/><\/b><\/li><li style=\"font-weight: 400;\" aria-level=\"1\"><span style=\"font-weight: 400;\">Kai kurios specializuotos programos gali kainuoti brangiau<\/span><span style=\"font-weight: 400;\"><br \/><\/span><\/li><li style=\"font-weight: 400;\" aria-level=\"1\"><b>Mok\u0117jimo planai<\/b><span style=\"font-weight: 400;\"> ir <\/span><b>stipendijos<\/b><span style=\"font-weight: 400;\"> gali b\u016bti prieinami<\/span><span style=\"font-weight: 400;\"><br \/><\/span><span style=\"font-weight: 400;\"> Pad\u0117sime rasti j\u016bs\u0173 poreikius atitinkan\u010dias parinktis. <\/span><b>biud\u017eetas ir tikslai<\/b><span style=\"font-weight: 400;\">.<\/span><span style=\"font-weight: 400;\"><br \/><\/span><\/li><\/ul><h5><b>\ud83e\uddfe Viza + 485 podiplomini\u0173 studij\u0173 viza<\/b><\/h5><ul><li style=\"font-weight: 400;\" aria-level=\"1\"><span style=\"font-weight: 400;\">Gausite <\/span><b>Student\u0173 viza<\/b><span style=\"font-weight: 400;\"> galioja j\u016bs\u0173 studij\u0173 laikotarpiu.<\/span><span style=\"font-weight: 400;\"><br \/><\/span><\/li><li style=\"font-weight: 400;\" aria-level=\"1\"><span style=\"font-weight: 400;\">Baig\u0119 studijas (ne ma\u017eiau kaip 2 metus) galite kreiptis d\u0117l <\/span><b>485 laikinoji absolvent\u0173 viza<\/b><b><br \/><\/b><span style=\"font-weight: 400;\"> \u2192 Likti ir dirbti Australijoje <\/span><b>Dar 2-4 metai<\/b><span style=\"font-weight: 400;\">, priklausomai nuo studij\u0173 vietos ir kvalifikacijos.<\/span><span style=\"font-weight: 400;\"><br \/><\/span><\/li><\/ul><h5><b>\ud83e\udde0 Jau studijuoji universitete?<\/b><\/h5><p><span style=\"font-weight: 400;\">Jums gali b\u016bti suteikta teis\u0117 \u012f <\/span><b>kredit\u0173 perk\u0117limas<\/b><span style=\"font-weight: 400;\">, taip suma\u017einant ir <\/span><b>trukm\u0117 ir i\u0161laidos<\/b><span style=\"font-weight: 400;\"> savo laipsn\u012f.<\/span><\/p><p><span style=\"font-weight: 400;\">Mes jums pad\u0117sime:<\/span><\/p><ol><li style=\"font-weight: 400;\" aria-level=\"1\"><span style=\"font-weight: 400;\">Per\u017ei\u016br\u0117kite savo ankstesnes studijas<\/span><span style=\"font-weight: 400;\"><br \/><\/span><\/li><li style=\"font-weight: 400;\" aria-level=\"1\"><span style=\"font-weight: 400;\">Analizuokite galimus tem\u0173 atitikmenis<\/span><span style=\"font-weight: 400;\"><br \/><\/span><\/li><li style=\"font-weight: 400;\" aria-level=\"1\"><span style=\"font-weight: 400;\">Pateikti parai\u0161k\u0105 d\u0117l ankstesnio mokymosi pripa\u017einimo<\/span><span style=\"font-weight: 400;\"><br \/><\/span><\/li><li style=\"font-weight: 400;\" aria-level=\"1\"><span style=\"font-weight: 400;\">Prad\u0117kite grei\u010diau<\/span><span style=\"font-weight: 400;\"><br \/><\/span><\/li><\/ol><h5><b>\ud83d\udcac Kaip mes padedame<\/b><\/h5><ul><li style=\"font-weight: 400;\" aria-level=\"1\"><span style=\"font-weight: 400;\">Rekomenduoti <\/span><b>geriausi universitetai j\u016bs\u0173 tikslams pasiekti<\/b><b><br \/><\/b><\/li><li style=\"font-weight: 400;\" aria-level=\"1\"><span style=\"font-weight: 400;\">Palyginkite <\/span><b>kursai, vietos ir viz\u0173 rezultatai<\/b><b><br \/><\/b><\/li><li style=\"font-weight: 400;\" aria-level=\"1\"><span style=\"font-weight: 400;\">Pad\u0117kite kreiptis d\u0117l turim\u0173 <\/span><b>stipendijos<\/b><b><br \/><\/b><\/li><li style=\"font-weight: 400;\" aria-level=\"1\"><span style=\"font-weight: 400;\">Pad\u0117site susipa\u017einti su atvykimo reikalavimais ir dokumentais.<\/span><span style=\"font-weight: 400;\"><br \/><\/span><\/li><\/ul><p><span style=\"font-weight: 400;\">Palaikykite savo plan\u0105 d\u0117l <\/span><b>485 viza ir daugiau<\/b><\/p><p><span id=\"docs-internal-guid-04af7da5-7fff-6677-5eac-52505ea4f529\"><span style=\"font-size: 11pt; font-family: Arial, sans-serif; background-color: transparent; font-weight: bold; font-variant-numeric: normal; font-variant-east-asian: normal; font-variant-alternates: normal; font-variant-position: normal; font-variant-emoji: normal; vertical-align: baseline; white-space-collapse: preserve;\">Norite studijuoti bakalauro studijas Australijoje? Suraskime jums tinkam\u0105 kurs\u0105.<\/span><\/span><b><\/b><\/p>\t\t\t\t\t\t\t\t<\/div>\n\t\t\t\t<\/div>\n\t\t\t\t\t<\/div>\n\t\t<\/div>\n\t\t\t\t\t<\/div>\n\t\t<\/section>\n\t\t\t\t<div class=\"elementor-element elementor-element-56077bfd elementor-widget__width-auto get-free-consultation elementor-widget elementor-widget-button\" data-id=\"56077bfd\" data-element_type=\"widget\" data-e-type=\"widget\" data-widget_type=\"button.default\">\n\t\t\t\t<div class=\"elementor-widget-container\">\n\t\t\t\t\t\t\t\t\t<div class=\"elementor-button-wrapper\">\n\t\t\t\t\t<a class=\"elementor-button elementor-button-link elementor-size-sm elementor-animation-float\" href=\"\/lt\/linas-contact-us\/\">\n\t\t\t\t\t\t<span class=\"elementor-button-content-wrapper\">\n\t\t\t\t\t\t\t\t\t<span class=\"elementor-button-text\">Prad\u0117kite dabar<\/span>\n\t\t\t\t\t<\/span>\n\t\t\t\t\t<\/a>\n\t\t\t\t<\/div>\n\t\t\t\t\t\t\t\t<\/div>\n\t\t\t\t<\/div>\n\t\t\t\t\t<\/div>\n\t\t<\/div>\n\t\t\t\t\t<\/div>\n\t\t<\/section>\n\t\t\t\t<\/div>","protected":false},"excerpt":{"rendered":"<p>Study smart. Go global. Graduate with a future. A Bachelor degree in Australia is your ticket to international recognition, career growth, and long-term visa pathways. Whether you\u2019re just finishing school or already have university credits, LinAs can help you find the right course, apply with confidence, and plan your next steps. \ud83c\udf0d Why Study a [&hellip;]<\/p>\n","protected":false},"author":2,"featured_media":5355,"parent":9190,"menu_order":0,"comment_status":"closed","ping_status":"closed","template":"","meta":{"footnotes":""},"class_list":["post-9201","page","type-page","status-publish","has-post-thumbnail","hentry"],"yoast_head":"<!-- This site is optimized with the Yoast SEO plugin v27.5 - https:\/\/yoast.com\/product\/yoast-seo-wordpress\/ -->\n<title>Bachelor Degrees - Study In Australia<\/title>\n<meta name=\"description\" content=\"Explore Bachelor degrees in Australia with LinAs \u2013 gain international recognition, career growth, and post-study visa opportunities.\" \/>\n<meta name=\"robots\" content=\"index, follow, max-snippet:-1, max-image-preview:large, max-video-preview:-1\" \/>\n<link rel=\"canonical\" href=\"https:\/\/www.linas.com.au\/lt\/courses\/bachelor-degrees\/\" \/>\n<meta property=\"og:locale\" content=\"lt_LT\" \/>\n<meta property=\"og:type\" content=\"article\" \/>\n<meta property=\"og:title\" content=\"Bachelor Degrees - Study In Australia\" \/>\n<meta property=\"og:description\" content=\"Explore Bachelor degrees in Australia with LinAs \u2013 gain international recognition, career growth, and post-study visa opportunities.\" \/>\n<meta property=\"og:url\" content=\"https:\/\/www.linas.com.au\/lt\/courses\/bachelor-degrees\/\" \/>\n<meta property=\"og:site_name\" content=\"Study In Australia\" \/>\n<meta property=\"article:modified_time\" content=\"2025-12-15T17:15:44+00:00\" \/>\n<meta property=\"og:image\" content=\"https:\/\/www.linas.com.au\/wp-content\/uploads\/2021\/09\/8.png\" \/>\n\t<meta property=\"og:image:width\" content=\"1080\" \/>\n\t<meta property=\"og:image:height\" content=\"1080\" \/>\n\t<meta property=\"og:image:type\" content=\"image\/png\" \/>\n<meta name=\"twitter:card\" content=\"summary_large_image\" \/>\n<meta name=\"twitter:label1\" content=\"Est. reading time\" \/>\n\t<meta name=\"twitter:data1\" content=\"2 minut\u0117s\" \/>\n<script type=\"application\/ld+json\" class=\"yoast-schema-graph\">{\"@context\":\"https:\\\/\\\/schema.org\",\"@graph\":[{\"@type\":\"WebPage\",\"@id\":\"https:\\\/\\\/www.linas.com.au\\\/lt\\\/courses\\\/bachelor-degrees\\\/\",\"url\":\"https:\\\/\\\/www.linas.com.au\\\/lt\\\/courses\\\/bachelor-degrees\\\/\",\"name\":\"Bachelor Degrees - Study In Australia\",\"isPartOf\":{\"@id\":\"https:\\\/\\\/www.linas.com.au\\\/#website\"},\"primaryImageOfPage\":{\"@id\":\"https:\\\/\\\/www.linas.com.au\\\/lt\\\/courses\\\/bachelor-degrees\\\/#primaryimage\"},\"image\":{\"@id\":\"https:\\\/\\\/www.linas.com.au\\\/lt\\\/courses\\\/bachelor-degrees\\\/#primaryimage\"},\"thumbnailUrl\":\"https:\\\/\\\/www.linas.com.au\\\/wp-content\\\/uploads\\\/2021\\\/09\\\/8.png\",\"datePublished\":\"2025-07-23T14:34:18+00:00\",\"dateModified\":\"2025-12-15T17:15:44+00:00\",\"description\":\"Explore Bachelor degrees in Australia with LinAs \u2013 gain international recognition, career growth, and post-study visa opportunities.\",\"breadcrumb\":{\"@id\":\"https:\\\/\\\/www.linas.com.au\\\/lt\\\/courses\\\/bachelor-degrees\\\/#breadcrumb\"},\"inLanguage\":\"lt-LT\",\"potentialAction\":[{\"@type\":\"ReadAction\",\"target\":[\"https:\\\/\\\/www.linas.com.au\\\/lt\\\/courses\\\/bachelor-degrees\\\/\"]}]},{\"@type\":\"ImageObject\",\"inLanguage\":\"lt-LT\",\"@id\":\"https:\\\/\\\/www.linas.com.au\\\/lt\\\/courses\\\/bachelor-degrees\\\/#primaryimage\",\"url\":\"https:\\\/\\\/www.linas.com.au\\\/wp-content\\\/uploads\\\/2021\\\/09\\\/8.png\",\"contentUrl\":\"https:\\\/\\\/www.linas.com.au\\\/wp-content\\\/uploads\\\/2021\\\/09\\\/8.png\",\"width\":1080,\"height\":1080,\"caption\":\"$9000 Bachelor In Business\"},{\"@type\":\"BreadcrumbList\",\"@id\":\"https:\\\/\\\/www.linas.com.au\\\/lt\\\/courses\\\/bachelor-degrees\\\/#breadcrumb\",\"itemListElement\":[{\"@type\":\"ListItem\",\"position\":1,\"name\":\"Home\",\"item\":\"https:\\\/\\\/www.linas.com.au\\\/\"},{\"@type\":\"ListItem\",\"position\":2,\"name\":\"Courses\",\"item\":\"https:\\\/\\\/www.linas.com.au\\\/courses\\\/\"},{\"@type\":\"ListItem\",\"position\":3,\"name\":\"Bachelor Degrees\"}]},{\"@type\":\"WebSite\",\"@id\":\"https:\\\/\\\/www.linas.com.au\\\/#website\",\"url\":\"https:\\\/\\\/www.linas.com.au\\\/\",\"name\":\"Study In Australia\",\"description\":\"\",\"publisher\":{\"@id\":\"https:\\\/\\\/www.linas.com.au\\\/#organization\"},\"potentialAction\":[{\"@type\":\"SearchAction\",\"target\":{\"@type\":\"EntryPoint\",\"urlTemplate\":\"https:\\\/\\\/www.linas.com.au\\\/?s={search_term_string}\"},\"query-input\":{\"@type\":\"PropertyValueSpecification\",\"valueRequired\":true,\"valueName\":\"search_term_string\"}}],\"inLanguage\":\"lt-LT\"},{\"@type\":\"Organization\",\"@id\":\"https:\\\/\\\/www.linas.com.au\\\/#organization\",\"name\":\"LinAs Student Agency\",\"url\":\"https:\\\/\\\/www.linas.com.au\\\/\",\"logo\":{\"@type\":\"ImageObject\",\"inLanguage\":\"lt-LT\",\"@id\":\"https:\\\/\\\/www.linas.com.au\\\/#\\\/schema\\\/logo\\\/image\\\/\",\"url\":\"https:\\\/\\\/www.linas.com.au\\\/wp-content\\\/uploads\\\/2025\\\/12\\\/social_logo.jpg\",\"contentUrl\":\"https:\\\/\\\/www.linas.com.au\\\/wp-content\\\/uploads\\\/2025\\\/12\\\/social_logo.jpg\",\"width\":800,\"height\":315,\"caption\":\"LinAs Student Agency\"},\"image\":{\"@id\":\"https:\\\/\\\/www.linas.com.au\\\/#\\\/schema\\\/logo\\\/image\\\/\"},\"sameAs\":[\"https:\\\/\\\/www.instagram.com\\\/linasaustralia\\\/\"]}]}<\/script>\n<!-- \/ Yoast SEO plugin. -->","yoast_head_json":{"title":"Bakalauro studijos \u2013 studijos Australijoje","description":"Atraskite bakalauro studijas Australijoje su \u201eLinAs\u201c \u2013 \u012fgykite tarptautin\u012f pripa\u017einim\u0105, karjeros galimybes ir galimyb\u0119 gauti po studij\u0173 suteikiam\u0105 viz\u0105.","robots":{"index":"index","follow":"follow","max-snippet":"max-snippet:-1","max-image-preview":"max-image-preview:large","max-video-preview":"max-video-preview:-1"},"canonical":"https:\/\/www.linas.com.au\/lt\/courses\/bachelor-degrees\/","og_locale":"lt_LT","og_type":"article","og_title":"Bachelor Degrees - Study In Australia","og_description":"Explore Bachelor degrees in Australia with LinAs \u2013 gain international recognition, career growth, and post-study visa opportunities.","og_url":"https:\/\/www.linas.com.au\/lt\/courses\/bachelor-degrees\/","og_site_name":"Study In Australia","article_modified_time":"2025-12-15T17:15:44+00:00","og_image":[{"width":1080,"height":1080,"url":"https:\/\/www.linas.com.au\/wp-content\/uploads\/2021\/09\/8.png","type":"image\/png"}],"twitter_card":"summary_large_image","twitter_misc":{"Est. reading time":"2 minut\u0117s"},"schema":{"@context":"https:\/\/schema.org","@graph":[{"@type":"WebPage","@id":"https:\/\/www.linas.com.au\/lt\/courses\/bachelor-degrees\/","url":"https:\/\/www.linas.com.au\/lt\/courses\/bachelor-degrees\/","name":"Bakalauro studijos \u2013 studijos Australijoje","isPartOf":{"@id":"https:\/\/www.linas.com.au\/#website"},"primaryImageOfPage":{"@id":"https:\/\/www.linas.com.au\/lt\/courses\/bachelor-degrees\/#primaryimage"},"image":{"@id":"https:\/\/www.linas.com.au\/lt\/courses\/bachelor-degrees\/#primaryimage"},"thumbnailUrl":"https:\/\/www.linas.com.au\/wp-content\/uploads\/2021\/09\/8.png","datePublished":"2025-07-23T14:34:18+00:00","dateModified":"2025-12-15T17:15:44+00:00","description":"Atraskite bakalauro studijas Australijoje su \u201eLinAs\u201c \u2013 \u012fgykite tarptautin\u012f pripa\u017einim\u0105, karjeros galimybes ir galimyb\u0119 gauti po studij\u0173 suteikiam\u0105 viz\u0105.","breadcrumb":{"@id":"https:\/\/www.linas.com.au\/lt\/courses\/bachelor-degrees\/#breadcrumb"},"inLanguage":"lt-LT","potentialAction":[{"@type":"ReadAction","target":["https:\/\/www.linas.com.au\/lt\/courses\/bachelor-degrees\/"]}]},{"@type":"ImageObject","inLanguage":"lt-LT","@id":"https:\/\/www.linas.com.au\/lt\/courses\/bachelor-degrees\/#primaryimage","url":"https:\/\/www.linas.com.au\/wp-content\/uploads\/2021\/09\/8.png","contentUrl":"https:\/\/www.linas.com.au\/wp-content\/uploads\/2021\/09\/8.png","width":1080,"height":1080,"caption":"$9000 Bachelor In Business"},{"@type":"BreadcrumbList","@id":"https:\/\/www.linas.com.au\/lt\/courses\/bachelor-degrees\/#breadcrumb","itemListElement":[{"@type":"ListItem","position":1,"name":"Home","item":"https:\/\/www.linas.com.au\/"},{"@type":"ListItem","position":2,"name":"Courses","item":"https:\/\/www.linas.com.au\/courses\/"},{"@type":"ListItem","position":3,"name":"Bachelor Degrees"}]},{"@type":"WebSite","@id":"https:\/\/www.linas.com.au\/#website","url":"https:\/\/www.linas.com.au\/","name":"Study In Australia","description":"","publisher":{"@id":"https:\/\/www.linas.com.au\/#organization"},"potentialAction":[{"@type":"SearchAction","target":{"@type":"EntryPoint","urlTemplate":"https:\/\/www.linas.com.au\/?s={search_term_string}"},"query-input":{"@type":"PropertyValueSpecification","valueRequired":true,"valueName":"search_term_string"}}],"inLanguage":"lt-LT"},{"@type":"Organization","@id":"https:\/\/www.linas.com.au\/#organization","name":"LinAs Student Agency","url":"https:\/\/www.linas.com.au\/","logo":{"@type":"ImageObject","inLanguage":"lt-LT","@id":"https:\/\/www.linas.com.au\/#\/schema\/logo\/image\/","url":"https:\/\/www.linas.com.au\/wp-content\/uploads\/2025\/12\/social_logo.jpg","contentUrl":"https:\/\/www.linas.com.au\/wp-content\/uploads\/2025\/12\/social_logo.jpg","width":800,"height":315,"caption":"LinAs Student Agency"},"image":{"@id":"https:\/\/www.linas.com.au\/#\/schema\/logo\/image\/"},"sameAs":["https:\/\/www.instagram.com\/linasaustralia\/"]}]}},"_links":{"self":[{"href":"https:\/\/www.linas.com.au\/lt\/wp-json\/wp\/v2\/pages\/9201","targetHints":{"allow":["GET"]}}],"collection":[{"href":"https:\/\/www.linas.com.au\/lt\/wp-json\/wp\/v2\/pages"}],"about":[{"href":"https:\/\/www.linas.com.au\/lt\/wp-json\/wp\/v2\/types\/page"}],"author":[{"embeddable":true,"href":"https:\/\/www.linas.com.au\/lt\/wp-json\/wp\/v2\/users\/2"}],"replies":[{"embeddable":true,"href":"https:\/\/www.linas.com.au\/lt\/wp-json\/wp\/v2\/comments?post=9201"}],"version-history":[{"count":7,"href":"https:\/\/www.linas.com.au\/lt\/wp-json\/wp\/v2\/pages\/9201\/revisions"}],"predecessor-version":[{"id":10449,"href":"https:\/\/www.linas.com.au\/lt\/wp-json\/wp\/v2\/pages\/9201\/revisions\/10449"}],"up":[{"embeddable":true,"href":"https:\/\/www.linas.com.au\/lt\/wp-json\/wp\/v2\/pages\/9190"}],"wp:featuredmedia":[{"embeddable":true,"href":"https:\/\/www.linas.com.au\/lt\/wp-json\/wp\/v2\/media\/5355"}],"wp:attachment":[{"href":"https:\/\/www.linas.com.au\/lt\/wp-json\/wp\/v2\/media?parent=9201"}],"curies":[{"name":"wp","href":"https:\/\/api.w.org\/{rel}","templated":true}]}}