     {"id":9103,"date":"2025-07-23T11:22:08","date_gmt":"2025-07-23T11:22:08","guid":{"rendered":"https:\/\/www.linas.com.au\/?page_id=9103"},"modified":"2025-12-16T12:54:26","modified_gmt":"2025-12-16T12:54:26","slug":"services","status":"publish","type":"page","link":"https:\/\/www.linas.com.au\/lt\/services\/","title":{"rendered":"Paslaugos"},"content":{"rendered":"<div data-elementor-type=\"wp-page\" data-elementor-id=\"9103\" class=\"elementor elementor-9103\" data-elementor-settings=\"{&quot;ha_cmc_init_switcher&quot;:&quot;no&quot;}\" data-elementor-post-type=\"page\">\n\t\t\t\t\t\t<section class=\"elementor-section elementor-top-section elementor-element elementor-element-3df86bb6 elementor-section-height-min-height elementor-section-stretched elementor-section-boxed elementor-section-height-default elementor-section-items-middle\" data-id=\"3df86bb6\" data-element_type=\"section\" data-e-type=\"section\" data-settings=\"{&quot;background_background&quot;:&quot;classic&quot;,&quot;shape_divider_bottom&quot;:&quot;tilt&quot;,&quot;stretch_section&quot;:&quot;section-stretched&quot;,&quot;_ha_eqh_enable&quot;:false}\">\n\t\t\t\t\t\t\t<div class=\"elementor-background-overlay\"><\/div>\n\t\t\t\t\t\t<div class=\"elementor-shape elementor-shape-bottom\" aria-hidden=\"true\" data-negative=\"false\">\n\t\t\t<svg xmlns=\"http:\/\/www.w3.org\/2000\/svg\" viewbox=\"0 0 1000 100\" preserveaspectratio=\"none\">\n\t<path class=\"elementor-shape-fill\" d=\"M0,6V0h1000v100L0,6z\"\/>\n<\/svg>\t\t<\/div>\n\t\t\t\t\t<div class=\"elementor-container elementor-column-gap-default\">\n\t\t\t\t\t<div class=\"elementor-column elementor-col-100 elementor-top-column elementor-element elementor-element-1edd3038\" data-id=\"1edd3038\" data-element_type=\"column\" data-e-type=\"column\">\n\t\t\t<div class=\"elementor-widget-wrap elementor-element-populated\">\n\t\t\t\t\t\t<div class=\"elementor-element elementor-element-6d57e04c elementor-widget elementor-widget-theme-post-title elementor-page-title elementor-widget-heading\" data-id=\"6d57e04c\" data-element_type=\"widget\" data-e-type=\"widget\" data-widget_type=\"theme-post-title.default\">\n\t\t\t\t<div class=\"elementor-widget-container\">\n\t\t\t\t\t<h1 class=\"elementor-heading-title elementor-size-default\">M\u016bs\u0173 paslaugos<\/h1>\t\t\t\t<\/div>\n\t\t\t\t<\/div>\n\t\t\t\t\t<\/div>\n\t\t<\/div>\n\t\t\t\t\t<\/div>\n\t\t<\/section>\n\t\t\t\t<section class=\"elementor-section elementor-top-section elementor-element elementor-element-48f253cd elementor-section-stretched elementor-section-boxed elementor-section-height-default elementor-section-height-default\" data-id=\"48f253cd\" data-element_type=\"section\" data-e-type=\"section\" data-settings=\"{&quot;stretch_section&quot;:&quot;section-stretched&quot;,&quot;_ha_eqh_enable&quot;:false}\">\n\t\t\t\t\t\t<div class=\"elementor-container elementor-column-gap-default\">\n\t\t\t\t\t<div class=\"elementor-column elementor-col-100 elementor-top-column elementor-element elementor-element-600c70e\" data-id=\"600c70e\" data-element_type=\"column\" data-e-type=\"column\" data-settings=\"{&quot;background_background&quot;:&quot;classic&quot;}\">\n\t\t\t<div class=\"elementor-widget-wrap elementor-element-populated\">\n\t\t\t\t\t<div class=\"elementor-background-overlay\"><\/div>\n\t\t\t\t\t\t<section class=\"elementor-section elementor-inner-section elementor-element elementor-element-b0bfeeb elementor-section-boxed elementor-section-height-default elementor-section-height-default\" data-id=\"b0bfeeb\" data-element_type=\"section\" data-e-type=\"section\" data-settings=\"{&quot;_ha_eqh_enable&quot;:false}\">\n\t\t\t\t\t\t<div class=\"elementor-container elementor-column-gap-default\">\n\t\t\t\t\t<div class=\"elementor-column elementor-col-33 elementor-inner-column elementor-element elementor-element-b3efb22\" data-id=\"b3efb22\" data-element_type=\"column\" data-e-type=\"column\">\n\t\t\t<div class=\"elementor-widget-wrap elementor-element-populated\">\n\t\t\t\t\t\t<div class=\"elementor-element elementor-element-75f25c7 ha-card--top ha-card--tablet-top ha-card--mobile-top elementor-widget elementor-widget-ha-card happy-addon ha-card\" data-id=\"75f25c7\" data-element_type=\"widget\" data-e-type=\"widget\" data-widget_type=\"ha-card.default\">\n\t\t\t\t<div class=\"elementor-widget-container\">\n\t\t\t\t\t\n\t\t\t\t\t<figure class=\"ha-card-figure\">\n\t\t\t\t<img fetchpriority=\"high\" decoding=\"async\" width=\"580\" height=\"387\" src=\"https:\/\/13.54.100.172\/wp-content\/uploads\/2025\/07\/marketing-1024x683.jpg\" class=\"attachment-large size-large wp-image-9426\" alt=\"\" srcset=\"https:\/\/13.54.100.172\/wp-content\/uploads\/2025\/07\/marketing-1024x683.jpg 1024w, https:\/\/13.54.100.172\/wp-content\/uploads\/2025\/07\/marketing-300x200.jpg 300w, https:\/\/13.54.100.172\/wp-content\/uploads\/2025\/07\/marketing-768x512.jpg 768w, https:\/\/13.54.100.172\/wp-content\/uploads\/2025\/07\/marketing-1200x800.jpg 1200w, https:\/\/13.54.100.172\/wp-content\/uploads\/2025\/07\/marketing.jpg 1279w\" sizes=\"(max-width: 580px) 100vw, 580px\" \/>\t\t\t\t\t\t\t<\/figure>\n\t\t\n\t\t<div class=\"ha-card-body\">\n\n\t\t\t<h2 class=\"ha-card-title\">Konsultacijos<\/h2>\n\t\t\t\t\t\t\t<div class=\"ha-card-text\">\n\t\t\t\t\t<p>U\u017esisakykite nemokam\u0105 konsultacij\u0105, kad su\u017einotum\u0117te apie kursus, student\u0173 viz\u0173 i\u0161davimo galimybes ir karjeros galimybes Australijoje. Nuo\u0161ird\u016bs patarimai i\u0161 komandos, pad\u0117jusios t\u016bkstan\u010diams u\u017esienio student\u0173.<\/p>\n\t\t\t\t<\/div>\n\t\t\t\n\t\t\t<a class=\"ha-btn\" href=\"https:\/\/www.linas.com.au\/lt\/services\/consultation\/\"><span class=\"ha-btn-text\">U\u017esisakykite nemokam\u0105 konsultacij\u0105<\/span><\/a>\t\t<\/div>\n\t\t\t\t\t\t<\/div>\n\t\t\t\t<\/div>\n\t\t\t\t\t<\/div>\n\t\t<\/div>\n\t\t\t\t<div class=\"elementor-column elementor-col-33 elementor-inner-column elementor-element elementor-element-5a9219c\" data-id=\"5a9219c\" data-element_type=\"column\" data-e-type=\"column\">\n\t\t\t<div class=\"elementor-widget-wrap elementor-element-populated\">\n\t\t\t\t\t\t<div class=\"elementor-element elementor-element-425b014 ha-card--top ha-card--tablet-top ha-card--mobile-top elementor-widget elementor-widget-ha-card happy-addon ha-card\" data-id=\"425b014\" data-element_type=\"widget\" data-e-type=\"widget\" data-widget_type=\"ha-card.default\">\n\t\t\t\t<div class=\"elementor-widget-container\">\n\t\t\t\t\t\n\t\t\t\t\t<figure class=\"ha-card-figure\">\n\t\t\t\t<img decoding=\"async\" width=\"580\" height=\"412\" src=\"https:\/\/13.54.100.172\/wp-content\/uploads\/2021\/03\/Untitled-design-18-1024x727.png\" class=\"attachment-large size-large wp-image-3623\" alt=\"\" srcset=\"https:\/\/13.54.100.172\/wp-content\/uploads\/2021\/03\/Untitled-design-18-1024x727.png 1024w, https:\/\/13.54.100.172\/wp-content\/uploads\/2021\/03\/Untitled-design-18-300x213.png 300w, https:\/\/13.54.100.172\/wp-content\/uploads\/2021\/03\/Untitled-design-18-768x545.png 768w, https:\/\/13.54.100.172\/wp-content\/uploads\/2021\/03\/Untitled-design-18-1536x1090.png 1536w, https:\/\/13.54.100.172\/wp-content\/uploads\/2021\/03\/Untitled-design-18-1200x852.png 1200w, https:\/\/13.54.100.172\/wp-content\/uploads\/2021\/03\/Untitled-design-18.png 1747w\" sizes=\"(max-width: 580px) 100vw, 580px\" \/>\t\t\t\t\t\t\t<\/figure>\n\t\t\n\t\t<div class=\"ha-card-body\">\n\n\t\t\t<h2 class=\"ha-card-title\">Visa Services<\/h2>\n\t\t\t\t\t\t\t<div class=\"ha-card-text\">\n\t\t\t\t\t<p>Gaukite i\u0161sami\u0105 pagalb\u0105 d\u0117l Australijos studento vizos. Su\u017einokite, kaip pateikti parai\u0161k\u0105, atsive\u017eti partner\u012f, rasti studij\u0173 galimybes su darbo teis\u0117mis ir migracijos keliais.<\/p>\n\t\t\t\t<\/div>\n\t\t\t\n\t\t\t<a class=\"ha-btn\" href=\"https:\/\/www.linas.com.au\/lt\/services\/student-visa\/\"><span class=\"ha-btn-text\">Pasikalb\u0117kite su mumis<\/span><\/a>\t\t<\/div>\n\t\t\t\t\t\t<\/div>\n\t\t\t\t<\/div>\n\t\t\t\t\t<\/div>\n\t\t<\/div>\n\t\t\t\t<div class=\"elementor-column elementor-col-33 elementor-inner-column elementor-element elementor-element-73f28e5\" data-id=\"73f28e5\" data-element_type=\"column\" data-e-type=\"column\">\n\t\t\t<div class=\"elementor-widget-wrap elementor-element-populated\">\n\t\t\t\t\t\t<div class=\"elementor-element elementor-element-8e87ea9 ha-card--top ha-card--tablet-top ha-card--mobile-top elementor-widget elementor-widget-ha-card happy-addon ha-card\" data-id=\"8e87ea9\" data-element_type=\"widget\" data-e-type=\"widget\" data-widget_type=\"ha-card.default\">\n\t\t\t\t<div class=\"elementor-widget-container\">\n\t\t\t\t\t\n\t\t\t\t\t<figure class=\"ha-card-figure\">\n\t\t\t\t<img decoding=\"async\" width=\"580\" height=\"310\" src=\"https:\/\/13.54.100.172\/wp-content\/uploads\/2021\/05\/immigration-seminar@4x-1024x547.png\" class=\"attachment-large size-large wp-image-4266\" alt=\"Free Immigration Seminar\" srcset=\"https:\/\/13.54.100.172\/wp-content\/uploads\/2021\/05\/immigration-seminar@4x-1024x547.png 1024w, https:\/\/13.54.100.172\/wp-content\/uploads\/2021\/05\/immigration-seminar@4x-300x160.png 300w, https:\/\/13.54.100.172\/wp-content\/uploads\/2021\/05\/immigration-seminar@4x-768x410.png 768w, https:\/\/13.54.100.172\/wp-content\/uploads\/2021\/05\/immigration-seminar@4x-1536x821.png 1536w, https:\/\/13.54.100.172\/wp-content\/uploads\/2021\/05\/immigration-seminar@4x-2048x1094.png 2048w, https:\/\/13.54.100.172\/wp-content\/uploads\/2021\/05\/immigration-seminar@4x-1200x641.png 1200w, https:\/\/13.54.100.172\/wp-content\/uploads\/2021\/05\/immigration-seminar@4x-1980x1058.png 1980w\" sizes=\"(max-width: 580px) 100vw, 580px\" \/>\t\t\t\t\t\t\t<\/figure>\n\t\t\n\t\t<div class=\"ha-card-body\">\n\n\t\t\t<h2 class=\"ha-card-title\">Migracijos paslaugos<\/h2>\n\t\t\t\t\t\t\t<div class=\"ha-card-text\">\n\t\t\t\t\t<p>Kai kurie studentai atvyksta \u012f Australij\u0105 d\u0117l patirties. Kiti - d\u0117l i\u0161silavinimo.\n O kai kurie atvyksta jau svajodami \u010dia pasilikti, dirbti ir kurti gyvenim\u0105.<\/p>\n\t\t\t\t<\/div>\n\t\t\t\n\t\t\t<a class=\"ha-btn\" href=\"https:\/\/www.linas.com.au\/lt\/services\/migration-services\/\"><span class=\"ha-btn-text\">Pasikalb\u0117kime apie j\u016bs\u0173 ateit\u012f<\/span><\/a>\t\t<\/div>\n\t\t\t\t\t\t<\/div>\n\t\t\t\t<\/div>\n\t\t\t\t\t<\/div>\n\t\t<\/div>\n\t\t\t\t\t<\/div>\n\t\t<\/section>\n\t\t\t\t<section class=\"elementor-section elementor-inner-section elementor-element elementor-element-918582a elementor-section-boxed elementor-section-height-default elementor-section-height-default\" data-id=\"918582a\" data-element_type=\"section\" data-e-type=\"section\" data-settings=\"{&quot;_ha_eqh_enable&quot;:false}\">\n\t\t\t\t\t\t<div class=\"elementor-container elementor-column-gap-default\">\n\t\t\t\t\t<div class=\"elementor-column elementor-col-33 elementor-inner-column elementor-element elementor-element-1b80d89\" data-id=\"1b80d89\" data-element_type=\"column\" data-e-type=\"column\">\n\t\t\t<div class=\"elementor-widget-wrap elementor-element-populated\">\n\t\t\t\t\t\t<div class=\"elementor-element elementor-element-9ab14e2 ha-card--top ha-card--tablet-top ha-card--mobile-top elementor-widget elementor-widget-ha-card happy-addon ha-card\" data-id=\"9ab14e2\" data-element_type=\"widget\" data-e-type=\"widget\" data-widget_type=\"ha-card.default\">\n\t\t\t\t<div class=\"elementor-widget-container\">\n\t\t\t\t\t\n\t\t\t\t\t<figure class=\"ha-card-figure\">\n\t\t\t\t<img loading=\"lazy\" decoding=\"async\" width=\"580\" height=\"326\" src=\"https:\/\/13.54.100.172\/wp-content\/uploads\/2021\/02\/insurance-min-1024x576.jpg\" class=\"attachment-large size-large wp-image-3094\" alt=\"\" srcset=\"https:\/\/13.54.100.172\/wp-content\/uploads\/2021\/02\/insurance-min-1024x576.jpg 1024w, https:\/\/13.54.100.172\/wp-content\/uploads\/2021\/02\/insurance-min-300x169.jpg 300w, https:\/\/13.54.100.172\/wp-content\/uploads\/2021\/02\/insurance-min-768x432.jpg 768w, https:\/\/13.54.100.172\/wp-content\/uploads\/2021\/02\/insurance-min-1536x864.jpg 1536w, https:\/\/13.54.100.172\/wp-content\/uploads\/2021\/02\/insurance-min-1200x675.jpg 1200w, https:\/\/13.54.100.172\/wp-content\/uploads\/2021\/02\/insurance-min.jpg 1920w\" sizes=\"(max-width: 580px) 100vw, 580px\" \/>\t\t\t\t\t\t\t<\/figure>\n\t\t\n\t\t<div class=\"ha-card-body\">\n\n\t\t\t<h2 class=\"ha-card-title\">Draudimas<\/h2>\n\t\t\t\t\t\t\t<div class=\"ha-card-text\">\n\t\t\t\t\t<p>Gaukite pagalb\u0105, kaip pasir\u016bpinti tinkamu sveikatos draudimu pagal Australijos viz\u0105. Mes greitai organizuojame OSHC arba OVHC, kad b\u016btum\u0117te apdraustas vos atvyk\u0119s.<\/p>\n\t\t\t\t<\/div>\n\t\t\t\n\t\t\t<a class=\"ha-btn\" href=\"https:\/\/www.linas.com.au\/lt\/services\/insurance\/\"><span class=\"ha-btn-text\">Pasikalb\u0117kite su mumis apie savo sveikatos draudim\u0105<\/span><\/a>\t\t<\/div>\n\t\t\t\t\t\t<\/div>\n\t\t\t\t<\/div>\n\t\t\t\t\t<\/div>\n\t\t<\/div>\n\t\t\t\t<div class=\"elementor-column elementor-col-33 elementor-inner-column elementor-element elementor-element-450c7f8\" data-id=\"450c7f8\" data-element_type=\"column\" data-e-type=\"column\">\n\t\t\t<div class=\"elementor-widget-wrap elementor-element-populated\">\n\t\t\t\t\t\t<div class=\"elementor-element elementor-element-822ab0b ha-card--top ha-card--tablet-top ha-card--mobile-top elementor-widget elementor-widget-ha-card happy-addon ha-card\" data-id=\"822ab0b\" data-element_type=\"widget\" data-e-type=\"widget\" data-widget_type=\"ha-card.default\">\n\t\t\t\t<div class=\"elementor-widget-container\">\n\t\t\t\t\t\n\t\t\t\t\t<figure class=\"ha-card-figure\">\n\t\t\t\t<img loading=\"lazy\" decoding=\"async\" width=\"580\" height=\"387\" src=\"https:\/\/13.54.100.172\/wp-content\/uploads\/2021\/10\/businessmen-6479839_1920-1024x683.jpg\" class=\"attachment-large size-large wp-image-6128\" alt=\"Boost you Career\" srcset=\"https:\/\/13.54.100.172\/wp-content\/uploads\/2021\/10\/businessmen-6479839_1920-1024x683.jpg 1024w, https:\/\/13.54.100.172\/wp-content\/uploads\/2021\/10\/businessmen-6479839_1920-300x200.jpg 300w, https:\/\/13.54.100.172\/wp-content\/uploads\/2021\/10\/businessmen-6479839_1920-768x512.jpg 768w, https:\/\/13.54.100.172\/wp-content\/uploads\/2021\/10\/businessmen-6479839_1920-1536x1024.jpg 1536w, https:\/\/13.54.100.172\/wp-content\/uploads\/2021\/10\/businessmen-6479839_1920-1200x800.jpg 1200w, https:\/\/13.54.100.172\/wp-content\/uploads\/2021\/10\/businessmen-6479839_1920.jpg 1920w\" sizes=\"(max-width: 580px) 100vw, 580px\" \/>\t\t\t\t\t\t\t<\/figure>\n\t\t\n\t\t<div class=\"ha-card-body\">\n\n\t\t\t<h2 class=\"ha-card-title\">Karjeros patarimai<\/h2>\n\t\t\t\t\t\t\t<div class=\"ha-card-text\">\n\t\t\t\t\t<p>Gaukite reali\u0173 patarim\u0173, kaip studijuoti, dirbti ir klest\u0117ti Australijoje. Su\u017einokite, kaip susirasti darb\u0105, keisti kursus, planuoti ateit\u012f ir ie\u0161koti ry\u0161i\u0173 su visuomene galimybi\u0173.<\/p>\n\t\t\t\t<\/div>\n\t\t\t\n\t\t\t<a class=\"ha-btn\" href=\"https:\/\/www.linas.com.au\/lt\/services\/career-tips-guides\/\"><span class=\"ha-btn-text\">U\u017esisakykite nemokam\u0105 konsultacij\u0105<\/span><\/a>\t\t<\/div>\n\t\t\t\t\t\t<\/div>\n\t\t\t\t<\/div>\n\t\t\t\t\t<\/div>\n\t\t<\/div>\n\t\t\t\t<div class=\"elementor-column elementor-col-33 elementor-inner-column elementor-element elementor-element-ec0d236\" data-id=\"ec0d236\" data-element_type=\"column\" data-e-type=\"column\">\n\t\t\t<div class=\"elementor-widget-wrap elementor-element-populated\">\n\t\t\t\t\t\t<div class=\"elementor-element elementor-element-dafe7b6 ha-card--top ha-card--tablet-top ha-card--mobile-top elementor-widget elementor-widget-ha-card happy-addon ha-card\" data-id=\"dafe7b6\" data-element_type=\"widget\" data-e-type=\"widget\" data-widget_type=\"ha-card.default\">\n\t\t\t\t<div class=\"elementor-widget-container\">\n\t\t\t\t\t\n\t\t\t\t\t<figure class=\"ha-card-figure\">\n\t\t\t\t<img loading=\"lazy\" decoding=\"async\" width=\"580\" height=\"387\" src=\"https:\/\/13.54.100.172\/wp-content\/uploads\/2021\/02\/accomodation_small.jpg\" class=\"attachment-large size-large wp-image-3196\" alt=\"Apgyvendinimas\" srcset=\"https:\/\/13.54.100.172\/wp-content\/uploads\/2021\/02\/accomodation_small.jpg 600w, https:\/\/13.54.100.172\/wp-content\/uploads\/2021\/02\/accomodation_small-300x200.jpg 300w\" sizes=\"(max-width: 580px) 100vw, 580px\" \/>\t\t\t\t\t\t\t<\/figure>\n\t\t\n\t\t<div class=\"ha-card-body\">\n\n\t\t\t<h2 class=\"ha-card-title\">Apgyvendinimas<\/h2>\n\t\t\t\t\t\t\t<div class=\"ha-card-text\">\n\t\t\t\t\t<p>Gaukite nemokam\u0105 pagalb\u0105 ie\u0161kant student\u0173 apgyvendinimo Australijoje. Ie\u0161kokite j\u016bs\u0173 poreikius atitinkan\u010di\u0173 nakvyn\u0117s nam\u0173, bendro b\u016bsto ir trumpalaiki\u0173 variant\u0173.<\/p>\n\t\t\t\t<\/div>\n\t\t\t\n\t\t\t<a class=\"ha-btn\" href=\"https:\/\/www.linas.com.au\/lt\/services\/accomodation-in-australia\/\"><span class=\"ha-btn-text\">Gaukite nemokam\u0105 konsultacij\u0105<\/span><\/a>\t\t<\/div>\n\t\t\t\t\t\t<\/div>\n\t\t\t\t<\/div>\n\t\t\t\t\t<\/div>\n\t\t<\/div>\n\t\t\t\t\t<\/div>\n\t\t<\/section>\n\t\t\t\t\t<\/div>\n\t\t<\/div>\n\t\t\t\t\t<\/div>\n\t\t<\/section>\n\t\t\t\t<\/div>","protected":false},"excerpt":{"rendered":"<p>Consultation Book a free consultation to explore courses, student visa options, and career paths in Australia. Honest advice from a team that\u2019s helped thousands of international students. Book your free consultation Visa Services Get step-by-step support for your Australian student visa. Learn how to apply, bring your partner, and find study options with work rights [&hellip;]<\/p>\n","protected":false},"author":2,"featured_media":0,"parent":0,"menu_order":0,"comment_status":"closed","ping_status":"closed","template":"","meta":{"footnotes":""},"class_list":["post-9103","page","type-page","status-publish","hentry"],"yoast_head":"<!-- This site is optimized with the Yoast SEO plugin v27.2 - https:\/\/yoast.com\/product\/yoast-seo-wordpress\/ -->\n<title>Services - Study In Australia<\/title>\n<meta name=\"description\" content=\"LinAs expert services for international students in Australia. free consultations, student visa, migration guidance, health insurance\" \/>\n<meta name=\"robots\" content=\"index, follow, max-snippet:-1, max-image-preview:large, max-video-preview:-1\" \/>\n<link rel=\"canonical\" href=\"https:\/\/www.linas.com.au\/lt\/services\/\" \/>\n<meta property=\"og:locale\" content=\"lt_LT\" \/>\n<meta property=\"og:type\" content=\"article\" \/>\n<meta property=\"og:title\" content=\"Services - Study In Australia\" \/>\n<meta property=\"og:description\" content=\"LinAs expert services for international students in Australia. free consultations, student visa, migration guidance, health insurance\" \/>\n<meta property=\"og:url\" content=\"https:\/\/www.linas.com.au\/lt\/services\/\" \/>\n<meta property=\"og:site_name\" content=\"Study In Australia\" \/>\n<meta property=\"article:modified_time\" content=\"2025-12-16T12:54:26+00:00\" \/>\n<meta property=\"og:image\" content=\"https:\/\/www.linas.com.au\/wp-content\/uploads\/2025\/07\/marketing-1024x683.jpg\" \/>\n<meta name=\"twitter:card\" content=\"summary_large_image\" \/>\n<meta name=\"twitter:label1\" content=\"Est. reading time\" \/>\n\t<meta name=\"twitter:data1\" content=\"3 minut\u0117s\" \/>\n<script type=\"application\/ld+json\" class=\"yoast-schema-graph\">{\"@context\":\"https:\/\/schema.org\",\"@graph\":[{\"@type\":\"WebPage\",\"@id\":\"https:\/\/www.linas.com.au\/services\/\",\"url\":\"https:\/\/www.linas.com.au\/services\/\",\"name\":\"Services - Study In Australia\",\"isPartOf\":{\"@id\":\"https:\/\/www.linas.com.au\/lt\/#website\"},\"primaryImageOfPage\":{\"@id\":\"https:\/\/www.linas.com.au\/services\/#primaryimage\"},\"image\":{\"@id\":\"https:\/\/www.linas.com.au\/services\/#primaryimage\"},\"thumbnailUrl\":\"https:\/\/www.linas.com.au\/wp-content\/uploads\/2025\/07\/marketing-1024x683.jpg\",\"datePublished\":\"2025-07-23T11:22:08+00:00\",\"dateModified\":\"2025-12-16T12:54:26+00:00\",\"description\":\"LinAs expert services for international students in Australia. free consultations, student visa, migration guidance, health insurance\",\"breadcrumb\":{\"@id\":\"https:\/\/www.linas.com.au\/services\/#breadcrumb\"},\"inLanguage\":\"lt-LT\",\"potentialAction\":[{\"@type\":\"ReadAction\",\"target\":[\"https:\/\/www.linas.com.au\/services\/\"]}]},{\"@type\":\"ImageObject\",\"inLanguage\":\"lt-LT\",\"@id\":\"https:\/\/www.linas.com.au\/services\/#primaryimage\",\"url\":\"https:\/\/www.linas.com.au\/wp-content\/uploads\/2025\/07\/marketing-1024x683.jpg\",\"contentUrl\":\"https:\/\/www.linas.com.au\/wp-content\/uploads\/2025\/07\/marketing-1024x683.jpg\"},{\"@type\":\"BreadcrumbList\",\"@id\":\"https:\/\/www.linas.com.au\/services\/#breadcrumb\",\"itemListElement\":[{\"@type\":\"ListItem\",\"position\":1,\"name\":\"Home\",\"item\":\"https:\/\/www.linas.com.au\/et\/\"},{\"@type\":\"ListItem\",\"position\":2,\"name\":\"Services\"}]},{\"@type\":\"WebSite\",\"@id\":\"https:\/\/www.linas.com.au\/lt\/#website\",\"url\":\"https:\/\/www.linas.com.au\/lt\/\",\"name\":\"Study In Australia\",\"description\":\"\",\"publisher\":{\"@id\":\"https:\/\/www.linas.com.au\/lt\/#organization\"},\"potentialAction\":[{\"@type\":\"SearchAction\",\"target\":{\"@type\":\"EntryPoint\",\"urlTemplate\":\"https:\/\/www.linas.com.au\/lt\/?s={search_term_string}\"},\"query-input\":{\"@type\":\"PropertyValueSpecification\",\"valueRequired\":true,\"valueName\":\"search_term_string\"}}],\"inLanguage\":\"lt-LT\"},{\"@type\":\"Organization\",\"@id\":\"https:\/\/www.linas.com.au\/lt\/#organization\",\"name\":\"LinAs Student Agency\",\"url\":\"https:\/\/www.linas.com.au\/lt\/\",\"logo\":{\"@type\":\"ImageObject\",\"inLanguage\":\"lt-LT\",\"@id\":\"https:\/\/www.linas.com.au\/lt\/#\/schema\/logo\/image\/\",\"url\":\"https:\/\/www.linas.com.au\/wp-content\/uploads\/2025\/12\/social_logo.jpg\",\"contentUrl\":\"https:\/\/www.linas.com.au\/wp-content\/uploads\/2025\/12\/social_logo.jpg\",\"width\":800,\"height\":315,\"caption\":\"LinAs Student Agency\"},\"image\":{\"@id\":\"https:\/\/www.linas.com.au\/lt\/#\/schema\/logo\/image\/\"},\"sameAs\":[\"https:\/\/www.instagram.com\/linasaustralia\/\"]}]}<\/script>\n<!-- \/ Yoast SEO plugin. -->","yoast_head_json":{"title":"Paslaugos | Studijos Australijoje","description":"\u201eLinAs\u201c paslaugos tarptautiniams studentams Australijoje: nemokamos konsultacijos, student\u0173 vizos, migracijos konsultacijos ir sveikatos draudimas.","robots":{"index":"index","follow":"follow","max-snippet":"max-snippet:-1","max-image-preview":"max-image-preview:large","max-video-preview":"max-video-preview:-1"},"canonical":"https:\/\/www.linas.com.au\/lt\/services\/","og_locale":"lt_LT","og_type":"article","og_title":"Services - Study In Australia","og_description":"LinAs expert services for international students in Australia. free consultations, student visa, migration guidance, health insurance","og_url":"https:\/\/www.linas.com.au\/lt\/services\/","og_site_name":"Study In Australia","article_modified_time":"2025-12-16T12:54:26+00:00","og_image":[{"url":"https:\/\/www.linas.com.au\/wp-content\/uploads\/2025\/07\/marketing-1024x683.jpg","type":"","width":"","height":""}],"twitter_card":"summary_large_image","twitter_misc":{"Est. reading time":"3 minut\u0117s"},"schema":{"@context":"https:\/\/schema.org","@graph":[{"@type":"WebPage","@id":"https:\/\/www.linas.com.au\/services\/","url":"https:\/\/www.linas.com.au\/services\/","name":"Paslaugos | Studijos Australijoje","isPartOf":{"@id":"https:\/\/www.linas.com.au\/lt\/#website"},"primaryImageOfPage":{"@id":"https:\/\/www.linas.com.au\/services\/#primaryimage"},"image":{"@id":"https:\/\/www.linas.com.au\/services\/#primaryimage"},"thumbnailUrl":"https:\/\/www.linas.com.au\/wp-content\/uploads\/2025\/07\/marketing-1024x683.jpg","datePublished":"2025-07-23T11:22:08+00:00","dateModified":"2025-12-16T12:54:26+00:00","description":"\u201eLinAs\u201c paslaugos tarptautiniams studentams Australijoje: nemokamos konsultacijos, student\u0173 vizos, migracijos konsultacijos ir sveikatos draudimas.","breadcrumb":{"@id":"https:\/\/www.linas.com.au\/services\/#breadcrumb"},"inLanguage":"lt-LT","potentialAction":[{"@type":"ReadAction","target":["https:\/\/www.linas.com.au\/services\/"]}]},{"@type":"ImageObject","inLanguage":"lt-LT","@id":"https:\/\/www.linas.com.au\/services\/#primaryimage","url":"https:\/\/www.linas.com.au\/wp-content\/uploads\/2025\/07\/marketing-1024x683.jpg","contentUrl":"https:\/\/www.linas.com.au\/wp-content\/uploads\/2025\/07\/marketing-1024x683.jpg"},{"@type":"BreadcrumbList","@id":"https:\/\/www.linas.com.au\/services\/#breadcrumb","itemListElement":[{"@type":"ListItem","position":1,"name":"Home","item":"https:\/\/www.linas.com.au\/et\/"},{"@type":"ListItem","position":2,"name":"Services"}]},{"@type":"WebSite","@id":"https:\/\/www.linas.com.au\/lt\/#website","url":"https:\/\/www.linas.com.au\/lt\/","name":"Study In Australia","description":"","publisher":{"@id":"https:\/\/www.linas.com.au\/lt\/#organization"},"potentialAction":[{"@type":"SearchAction","target":{"@type":"EntryPoint","urlTemplate":"https:\/\/www.linas.com.au\/lt\/?s={search_term_string}"},"query-input":{"@type":"PropertyValueSpecification","valueRequired":true,"valueName":"search_term_string"}}],"inLanguage":"lt-LT"},{"@type":"Organization","@id":"https:\/\/www.linas.com.au\/lt\/#organization","name":"LinAs Student Agency","url":"https:\/\/www.linas.com.au\/lt\/","logo":{"@type":"ImageObject","inLanguage":"lt-LT","@id":"https:\/\/www.linas.com.au\/lt\/#\/schema\/logo\/image\/","url":"https:\/\/www.linas.com.au\/wp-content\/uploads\/2025\/12\/social_logo.jpg","contentUrl":"https:\/\/www.linas.com.au\/wp-content\/uploads\/2025\/12\/social_logo.jpg","width":800,"height":315,"caption":"LinAs Student Agency"},"image":{"@id":"https:\/\/www.linas.com.au\/lt\/#\/schema\/logo\/image\/"},"sameAs":["https:\/\/www.instagram.com\/linasaustralia\/"]}]}},"_links":{"self":[{"href":"https:\/\/www.linas.com.au\/lt\/wp-json\/wp\/v2\/pages\/9103","targetHints":{"allow":["GET"]}}],"collection":[{"href":"https:\/\/www.linas.com.au\/lt\/wp-json\/wp\/v2\/pages"}],"about":[{"href":"https:\/\/www.linas.com.au\/lt\/wp-json\/wp\/v2\/types\/page"}],"author":[{"embeddable":true,"href":"https:\/\/www.linas.com.au\/lt\/wp-json\/wp\/v2\/users\/2"}],"replies":[{"embeddable":true,"href":"https:\/\/www.linas.com.au\/lt\/wp-json\/wp\/v2\/comments?post=9103"}],"version-history":[{"count":20,"href":"https:\/\/www.linas.com.au\/lt\/wp-json\/wp\/v2\/pages\/9103\/revisions"}],"predecessor-version":[{"id":10497,"href":"https:\/\/www.linas.com.au\/lt\/wp-json\/wp\/v2\/pages\/9103\/revisions\/10497"}],"wp:attachment":[{"href":"https:\/\/www.linas.com.au\/lt\/wp-json\/wp\/v2\/media?parent=9103"}],"curies":[{"name":"wp","href":"https:\/\/api.w.org\/{rel}","templated":true}]}}