     {"id":9063,"date":"2025-07-17T10:51:35","date_gmt":"2025-07-17T10:51:35","guid":{"rendered":"https:\/\/www.linas.com.au\/?page_id=9063"},"modified":"2025-12-19T11:27:01","modified_gmt":"2025-12-19T11:27:01","slug":"migration-services","status":"publish","type":"page","link":"https:\/\/www.linas.com.au\/lt\/services\/migration-services\/","title":{"rendered":"Migracijos paslaugos"},"content":{"rendered":"<div data-elementor-type=\"wp-page\" data-elementor-id=\"9063\" class=\"elementor elementor-9063\" data-elementor-settings=\"{&quot;ha_cmc_init_switcher&quot;:&quot;no&quot;}\" data-elementor-post-type=\"page\">\n\t\t\t\t\t\t<section class=\"elementor-section elementor-top-section elementor-element elementor-element-57060a50 elementor-section-height-min-height elementor-section-stretched elementor-section-items-top elementor-section-boxed elementor-section-height-default\" data-id=\"57060a50\" data-element_type=\"section\" data-e-type=\"section\" data-settings=\"{&quot;background_background&quot;:&quot;classic&quot;,&quot;shape_divider_bottom&quot;:&quot;tilt&quot;,&quot;stretch_section&quot;:&quot;section-stretched&quot;,&quot;_ha_eqh_enable&quot;:false}\">\n\t\t\t\t\t\t\t<div class=\"elementor-background-overlay\"><\/div>\n\t\t\t\t\t\t<div class=\"elementor-shape elementor-shape-bottom\" aria-hidden=\"true\" data-negative=\"false\">\n\t\t\t<svg xmlns=\"http:\/\/www.w3.org\/2000\/svg\" viewbox=\"0 0 1000 100\" preserveaspectratio=\"none\">\n\t<path class=\"elementor-shape-fill\" d=\"M0,6V0h1000v100L0,6z\"\/>\n<\/svg>\t\t<\/div>\n\t\t\t\t\t<div class=\"elementor-container elementor-column-gap-default\">\n\t\t\t\t\t<div class=\"elementor-column elementor-col-100 elementor-top-column elementor-element elementor-element-4ac56f50\" data-id=\"4ac56f50\" data-element_type=\"column\" data-e-type=\"column\">\n\t\t\t<div class=\"elementor-widget-wrap elementor-element-populated\">\n\t\t\t\t\t\t<div class=\"elementor-element elementor-element-348500ff elementor-widget elementor-widget-theme-post-title elementor-page-title elementor-widget-heading\" data-id=\"348500ff\" data-element_type=\"widget\" data-e-type=\"widget\" data-widget_type=\"theme-post-title.default\">\n\t\t\t\t<div class=\"elementor-widget-container\">\n\t\t\t\t\t<h1 class=\"elementor-heading-title elementor-size-default\">Migracijos paslaugos<\/h1>\t\t\t\t<\/div>\n\t\t\t\t<\/div>\n\t\t\t\t\t<\/div>\n\t\t<\/div>\n\t\t\t\t\t<\/div>\n\t\t<\/section>\n\t\t\t\t<section class=\"elementor-section elementor-top-section elementor-element elementor-element-d9c2369 elementor-section-stretched elementor-section-boxed elementor-section-height-default elementor-section-height-default\" data-id=\"d9c2369\" data-element_type=\"section\" data-e-type=\"section\" data-settings=\"{&quot;stretch_section&quot;:&quot;section-stretched&quot;,&quot;_ha_eqh_enable&quot;:false}\">\n\t\t\t\t\t\t\t<div class=\"elementor-background-overlay\"><\/div>\n\t\t\t\t\t\t\t<div class=\"elementor-container elementor-column-gap-default\">\n\t\t\t\t\t<div class=\"elementor-column elementor-col-100 elementor-top-column elementor-element elementor-element-8d9174d\" data-id=\"8d9174d\" data-element_type=\"column\" data-e-type=\"column\" data-settings=\"{&quot;background_background&quot;:&quot;classic&quot;}\">\n\t\t\t<div class=\"elementor-widget-wrap elementor-element-populated\">\n\t\t\t\t\t<div class=\"elementor-background-overlay\"><\/div>\n\t\t\t\t\t\t<div class=\"elementor-element elementor-element-9cc042e elementor-widget elementor-widget-text-editor\" data-id=\"9cc042e\" data-element_type=\"widget\" data-e-type=\"widget\" data-widget_type=\"text-editor.default\">\n\t\t\t\t<div class=\"elementor-widget-container\">\n\t\t\t\t\t\t\t\t\t<h3 style=\"text-align: left;\"><span style=\"color: #000000;\"><b>Planuojate Australijoje apsistoti ilgesniam laikui? Pasikalb\u0117kime apie galimybes.<\/b><\/span><\/h3><p><img fetchpriority=\"high\" decoding=\"async\" class=\"alignnone wp-image-8358 size-full\" style=\"border-radius: 10px;\" src=\"https:\/\/www.linas.com.au\/wp-content\/uploads\/2023\/07\/2-scaled.jpg\" alt=\"Migracijos paslaugos\" width=\"2560\" height=\"1792\" srcset=\"https:\/\/www.linas.com.au\/wp-content\/uploads\/2023\/07\/2-scaled.jpg 2560w, https:\/\/www.linas.com.au\/wp-content\/uploads\/2023\/07\/2-300x210.jpg 300w, https:\/\/www.linas.com.au\/wp-content\/uploads\/2023\/07\/2-1024x717.jpg 1024w, https:\/\/www.linas.com.au\/wp-content\/uploads\/2023\/07\/2-768x538.jpg 768w, https:\/\/www.linas.com.au\/wp-content\/uploads\/2023\/07\/2-1536x1075.jpg 1536w, https:\/\/www.linas.com.au\/wp-content\/uploads\/2023\/07\/2-2048x1434.jpg 2048w, https:\/\/www.linas.com.au\/wp-content\/uploads\/2023\/07\/2-1200x840.jpg 1200w, https:\/\/www.linas.com.au\/wp-content\/uploads\/2023\/07\/2-1980x1386.jpg 1980w\" sizes=\"(max-width: 2560px) 100vw, 2560px\" \/><\/p><p><span style=\"font-weight: 400;\">Kai kurie studentai atvyksta \u012f Australij\u0105 d\u0117l patirties. Kiti - d\u0117l i\u0161silavinimo.<\/span><span style=\"font-weight: 400;\"><br \/><\/span><span style=\"font-weight: 400;\"> Kai kurie atvyk\u0117liai jau svajoja \u010dia pasilikti, dirbti ir kurti gyvenim\u0105.<\/span><\/p><p><span style=\"font-weight: 400;\">Kad ir kokia b\u016bt\u0173 j\u016bs\u0173 istorija, jei galvojate apie tai, kad dabartin\u0117 viza jums nepad\u0117s, pad\u0117sime jums suprasti, kokios yra j\u016bs\u0173 galimyb\u0117s, ir pad\u0117sime susisiekti su tinkamais specialistais, kurie jums pad\u0117s.<\/span><\/p><h5><b>\u26a0\ufe0f <span style=\"color: #000000;\">Svarbus atsakomyb\u0117s ribojimas<\/span><\/b><\/h5><p><span style=\"font-weight: 400;\">Mes esame <\/span><b>ne migracijos agent\u016bra<\/b><span style=\"font-weight: 400;\"> ir <\/span><b>negali teikti patarim\u0173 imigracijos klausimais.<\/b><span style=\"font-weight: 400;\">.<\/span><span style=\"font-weight: 400;\"><br \/><\/span><span style=\"font-weight: 400;\"> Nor\u0117dami gauti patarim\u0173 d\u0117l nuolatin\u0117s gyvenamosios vietos, kvalifikuot\u0173 viz\u0173 ar pilietyb\u0117s, mes susisiekite su patikimais <\/span><b>MARA registruoti migracijos agentai<\/b><span style=\"font-weight: 400;\"> - vieninteliai specialistai, kuriems teis\u0117tai leid\u017eiama konsultuoti migracijos klausimais Australijoje.<\/span><\/p><ul><li style=\"font-weight: 400;\" aria-level=\"1\"><b>nukreipti jus pas MARA registruot\u0105 migracijos agent\u0105, kad \u0161is suteikt\u0173 individuali\u0105 konsultacij\u0105.<\/b><b><br \/><\/b><\/li><li style=\"font-weight: 400;\" aria-level=\"1\"><span style=\"font-weight: 400;\">Rekomenduoti studij\u0173 kryptis, kurios gali pad\u0117ti <\/span><b>Laikinosios absolvent\u0173 (485) arba kvalifikuotos vizos<\/b><b><br \/><\/b><\/li><li style=\"font-weight: 400;\" aria-level=\"1\"><span style=\"font-weight: 400;\">Pad\u0117kite pasirinkti<\/span><b> migracijai palank\u016bs kursai<\/b><\/li><li style=\"font-weight: 400;\" aria-level=\"1\"><span style=\"font-weight: 400;\">Vadovauti jums per visus <\/span><b>su \u0161vietimu susij\u0119 veiksmai<\/b><\/li><\/ul><h5><b>\ud83d\udca1 <span style=\"color: #000000;\">Kod\u0117l tai svarbu<\/span><\/b><\/h5><p><span style=\"font-weight: 400;\">Pasirink\u0119 tinkam\u0105 kurs\u0105 dabar, v\u0117liau galite atverti duris.<\/span><span style=\"font-weight: 400;\"><br \/><\/span><span style=\"font-weight: 400;\">Nesvarbu, ar norite pra\u0161yti 485 vizos, dirbti vis\u0105 darbo dien\u0105, ar ateityje nor\u0117tum\u0117te gauti nuolatin\u0119 gyvenam\u0105j\u0105 viet\u0105, <\/span><b>planavimo klausimai<\/b><span style=\"font-weight: 400;\">.<\/span><\/p><p><span style=\"font-weight: 400;\">Pad\u0117sime jums dabar priimti protingus studij\u0173 sprendimus, o likus\u012f darb\u0105 atliksime kartu su ekspertais.<\/span><\/p><h5><b>\ud83e\udde1 <span style=\"color: #000000;\">Planuokime i\u0161 anksto<\/span><\/b><\/h5><p><span style=\"font-weight: 400;\">Norite i\u0161tirti savo ilgalaikes galimybes Australijoje?<\/span><\/p><p><span style=\"font-weight: 400;\"><a href=\"https:\/\/www.linas.com.au\/lt\/linas-contact-us\/\">Let\u2019s talk<\/a> about your goals, your visa path, and what\u2019s possible next. Our partner migration agent will help you.<\/span><\/p>\t\t\t\t\t\t\t\t<\/div>\n\t\t\t\t<\/div>\n\t\t\t\t<div class=\"elementor-element elementor-element-3863c93b elementor-widget__width-auto get-free-consultation elementor-widget elementor-widget-button\" data-id=\"3863c93b\" data-element_type=\"widget\" data-e-type=\"widget\" data-widget_type=\"button.default\">\n\t\t\t\t<div class=\"elementor-widget-container\">\n\t\t\t\t\t\t\t\t\t<div class=\"elementor-button-wrapper\">\n\t\t\t\t\t<a class=\"elementor-button elementor-button-link elementor-size-sm elementor-animation-float\" href=\"\/lt\/linas-contact-us\/\">\n\t\t\t\t\t\t<span class=\"elementor-button-content-wrapper\">\n\t\t\t\t\t\t\t\t\t<span class=\"elementor-button-text\">Pasikalb\u0117kime apie j\u016bs\u0173 ateit\u012f<\/span>\n\t\t\t\t\t<\/span>\n\t\t\t\t\t<\/a>\n\t\t\t\t<\/div>\n\t\t\t\t\t\t\t\t<\/div>\n\t\t\t\t<\/div>\n\t\t\t\t\t<\/div>\n\t\t<\/div>\n\t\t\t\t\t<\/div>\n\t\t<\/section>\n\t\t\t\t<\/div>","protected":false},"excerpt":{"rendered":"<p>Planning to stay in Australia long-term? Let\u2019s talk options. Some students come to Australia for the experience. Others for the education. And some arrive already dreaming of staying, working, and building a life here. Whatever your story, if you\u2019re thinking beyond your current visa, we\u2019ll help you understand your options \u2014 and connect you with [&hellip;]<\/p>\n","protected":false},"author":2,"featured_media":0,"parent":9103,"menu_order":0,"comment_status":"closed","ping_status":"closed","template":"","meta":{"footnotes":""},"class_list":["post-9063","page","type-page","status-publish","hentry"],"yoast_head":"<!-- This site is optimized with the Yoast SEO plugin v27.2 - https:\/\/yoast.com\/product\/yoast-seo-wordpress\/ -->\n<title>Migration Services - Study In Australia<\/title>\n<meta name=\"description\" content=\"Explore expert Migration Services in Australia. Guidance on visas, study pathways, and connect with MARA-registered migration agents.\" \/>\n<meta name=\"robots\" content=\"index, follow, max-snippet:-1, max-image-preview:large, max-video-preview:-1\" \/>\n<link rel=\"canonical\" href=\"https:\/\/www.linas.com.au\/lt\/services\/migration-services\/\" \/>\n<meta property=\"og:locale\" content=\"lt_LT\" \/>\n<meta property=\"og:type\" content=\"article\" \/>\n<meta property=\"og:title\" content=\"Migration Services - Study In Australia\" \/>\n<meta property=\"og:description\" content=\"Explore expert Migration Services in Australia. Guidance on visas, study pathways, and connect with MARA-registered migration agents.\" \/>\n<meta property=\"og:url\" content=\"https:\/\/www.linas.com.au\/lt\/services\/migration-services\/\" \/>\n<meta property=\"og:site_name\" content=\"Study In Australia\" \/>\n<meta property=\"article:modified_time\" content=\"2025-12-19T11:27:01+00:00\" \/>\n<meta property=\"og:image\" content=\"https:\/\/www.linas.com.au\/wp-content\/uploads\/2023\/07\/2-scaled.jpg\" \/>\n<meta name=\"twitter:card\" content=\"summary_large_image\" \/>\n<meta name=\"twitter:label1\" content=\"Est. reading time\" \/>\n\t<meta name=\"twitter:data1\" content=\"2 minut\u0117s\" \/>\n<script type=\"application\/ld+json\" class=\"yoast-schema-graph\">{\"@context\":\"https:\/\/schema.org\",\"@graph\":[{\"@type\":\"WebPage\",\"@id\":\"https:\/\/www.linas.com.au\/services\/migration-services\/\",\"url\":\"https:\/\/www.linas.com.au\/services\/migration-services\/\",\"name\":\"Migration Services - Study In Australia\",\"isPartOf\":{\"@id\":\"https:\/\/www.linas.com.au\/lt\/#website\"},\"primaryImageOfPage\":{\"@id\":\"https:\/\/www.linas.com.au\/services\/migration-services\/#primaryimage\"},\"image\":{\"@id\":\"https:\/\/www.linas.com.au\/services\/migration-services\/#primaryimage\"},\"thumbnailUrl\":\"https:\/\/www.linas.com.au\/wp-content\/uploads\/2023\/07\/2-scaled.jpg\",\"datePublished\":\"2025-07-17T10:51:35+00:00\",\"dateModified\":\"2025-12-19T11:27:01+00:00\",\"description\":\"Explore expert Migration Services in Australia. Guidance on visas, study pathways, and connect with MARA-registered migration agents.\",\"breadcrumb\":{\"@id\":\"https:\/\/www.linas.com.au\/services\/migration-services\/#breadcrumb\"},\"inLanguage\":\"lt-LT\",\"potentialAction\":[{\"@type\":\"ReadAction\",\"target\":[\"https:\/\/www.linas.com.au\/services\/migration-services\/\"]}]},{\"@type\":\"ImageObject\",\"inLanguage\":\"lt-LT\",\"@id\":\"https:\/\/www.linas.com.au\/services\/migration-services\/#primaryimage\",\"url\":\"https:\/\/www.linas.com.au\/wp-content\/uploads\/2023\/07\/2-scaled.jpg\",\"contentUrl\":\"https:\/\/www.linas.com.au\/wp-content\/uploads\/2023\/07\/2-scaled.jpg\"},{\"@type\":\"BreadcrumbList\",\"@id\":\"https:\/\/www.linas.com.au\/services\/migration-services\/#breadcrumb\",\"itemListElement\":[{\"@type\":\"ListItem\",\"position\":1,\"name\":\"Home\",\"item\":\"https:\/\/www.linas.com.au\/et\/\"},{\"@type\":\"ListItem\",\"position\":2,\"name\":\"Services\",\"item\":\"https:\/\/www.linas.com.au\/services\/\"},{\"@type\":\"ListItem\",\"position\":3,\"name\":\"Migration Services\"}]},{\"@type\":\"WebSite\",\"@id\":\"https:\/\/www.linas.com.au\/lt\/#website\",\"url\":\"https:\/\/www.linas.com.au\/lt\/\",\"name\":\"Study In Australia\",\"description\":\"\",\"publisher\":{\"@id\":\"https:\/\/www.linas.com.au\/lt\/#organization\"},\"potentialAction\":[{\"@type\":\"SearchAction\",\"target\":{\"@type\":\"EntryPoint\",\"urlTemplate\":\"https:\/\/www.linas.com.au\/lt\/?s={search_term_string}\"},\"query-input\":{\"@type\":\"PropertyValueSpecification\",\"valueRequired\":true,\"valueName\":\"search_term_string\"}}],\"inLanguage\":\"lt-LT\"},{\"@type\":\"Organization\",\"@id\":\"https:\/\/www.linas.com.au\/lt\/#organization\",\"name\":\"LinAs Student Agency\",\"url\":\"https:\/\/www.linas.com.au\/lt\/\",\"logo\":{\"@type\":\"ImageObject\",\"inLanguage\":\"lt-LT\",\"@id\":\"https:\/\/www.linas.com.au\/lt\/#\/schema\/logo\/image\/\",\"url\":\"https:\/\/www.linas.com.au\/wp-content\/uploads\/2025\/12\/social_logo.jpg\",\"contentUrl\":\"https:\/\/www.linas.com.au\/wp-content\/uploads\/2025\/12\/social_logo.jpg\",\"width\":800,\"height\":315,\"caption\":\"LinAs Student Agency\"},\"image\":{\"@id\":\"https:\/\/www.linas.com.au\/lt\/#\/schema\/logo\/image\/\"},\"sameAs\":[\"https:\/\/www.instagram.com\/linasaustralia\/\"]}]}<\/script>\n<!-- \/ Yoast SEO plugin. -->","yoast_head_json":{"title":"Migracijos paslaugos | Studijos Australijoje","description":"Profesionalios migracijos paslaugos Australijoje. Konsultacijos d\u0117l viz\u0173, studij\u0173 keli\u0173 ir ry\u0161ys su MARA registruotais migracijos agentais.","robots":{"index":"index","follow":"follow","max-snippet":"max-snippet:-1","max-image-preview":"max-image-preview:large","max-video-preview":"max-video-preview:-1"},"canonical":"https:\/\/www.linas.com.au\/lt\/services\/migration-services\/","og_locale":"lt_LT","og_type":"article","og_title":"Migration Services - Study In Australia","og_description":"Explore expert Migration Services in Australia. Guidance on visas, study pathways, and connect with MARA-registered migration agents.","og_url":"https:\/\/www.linas.com.au\/lt\/services\/migration-services\/","og_site_name":"Study In Australia","article_modified_time":"2025-12-19T11:27:01+00:00","og_image":[{"url":"https:\/\/www.linas.com.au\/wp-content\/uploads\/2023\/07\/2-scaled.jpg","type":"","width":"","height":""}],"twitter_card":"summary_large_image","twitter_misc":{"Est. reading time":"2 minut\u0117s"},"schema":{"@context":"https:\/\/schema.org","@graph":[{"@type":"WebPage","@id":"https:\/\/www.linas.com.au\/services\/migration-services\/","url":"https:\/\/www.linas.com.au\/services\/migration-services\/","name":"Migracijos paslaugos | Studijos Australijoje","isPartOf":{"@id":"https:\/\/www.linas.com.au\/lt\/#website"},"primaryImageOfPage":{"@id":"https:\/\/www.linas.com.au\/services\/migration-services\/#primaryimage"},"image":{"@id":"https:\/\/www.linas.com.au\/services\/migration-services\/#primaryimage"},"thumbnailUrl":"https:\/\/www.linas.com.au\/wp-content\/uploads\/2023\/07\/2-scaled.jpg","datePublished":"2025-07-17T10:51:35+00:00","dateModified":"2025-12-19T11:27:01+00:00","description":"Profesionalios migracijos paslaugos Australijoje. Konsultacijos d\u0117l viz\u0173, studij\u0173 keli\u0173 ir ry\u0161ys su MARA registruotais migracijos agentais.","breadcrumb":{"@id":"https:\/\/www.linas.com.au\/services\/migration-services\/#breadcrumb"},"inLanguage":"lt-LT","potentialAction":[{"@type":"ReadAction","target":["https:\/\/www.linas.com.au\/services\/migration-services\/"]}]},{"@type":"ImageObject","inLanguage":"lt-LT","@id":"https:\/\/www.linas.com.au\/services\/migration-services\/#primaryimage","url":"https:\/\/www.linas.com.au\/wp-content\/uploads\/2023\/07\/2-scaled.jpg","contentUrl":"https:\/\/www.linas.com.au\/wp-content\/uploads\/2023\/07\/2-scaled.jpg"},{"@type":"BreadcrumbList","@id":"https:\/\/www.linas.com.au\/services\/migration-services\/#breadcrumb","itemListElement":[{"@type":"ListItem","position":1,"name":"Home","item":"https:\/\/www.linas.com.au\/et\/"},{"@type":"ListItem","position":2,"name":"Services","item":"https:\/\/www.linas.com.au\/services\/"},{"@type":"ListItem","position":3,"name":"Migration Services"}]},{"@type":"WebSite","@id":"https:\/\/www.linas.com.au\/lt\/#website","url":"https:\/\/www.linas.com.au\/lt\/","name":"Study In Australia","description":"","publisher":{"@id":"https:\/\/www.linas.com.au\/lt\/#organization"},"potentialAction":[{"@type":"SearchAction","target":{"@type":"EntryPoint","urlTemplate":"https:\/\/www.linas.com.au\/lt\/?s={search_term_string}"},"query-input":{"@type":"PropertyValueSpecification","valueRequired":true,"valueName":"search_term_string"}}],"inLanguage":"lt-LT"},{"@type":"Organization","@id":"https:\/\/www.linas.com.au\/lt\/#organization","name":"LinAs Student Agency","url":"https:\/\/www.linas.com.au\/lt\/","logo":{"@type":"ImageObject","inLanguage":"lt-LT","@id":"https:\/\/www.linas.com.au\/lt\/#\/schema\/logo\/image\/","url":"https:\/\/www.linas.com.au\/wp-content\/uploads\/2025\/12\/social_logo.jpg","contentUrl":"https:\/\/www.linas.com.au\/wp-content\/uploads\/2025\/12\/social_logo.jpg","width":800,"height":315,"caption":"LinAs Student Agency"},"image":{"@id":"https:\/\/www.linas.com.au\/lt\/#\/schema\/logo\/image\/"},"sameAs":["https:\/\/www.instagram.com\/linasaustralia\/"]}]}},"_links":{"self":[{"href":"https:\/\/www.linas.com.au\/lt\/wp-json\/wp\/v2\/pages\/9063","targetHints":{"allow":["GET"]}}],"collection":[{"href":"https:\/\/www.linas.com.au\/lt\/wp-json\/wp\/v2\/pages"}],"about":[{"href":"https:\/\/www.linas.com.au\/lt\/wp-json\/wp\/v2\/types\/page"}],"author":[{"embeddable":true,"href":"https:\/\/www.linas.com.au\/lt\/wp-json\/wp\/v2\/users\/2"}],"replies":[{"embeddable":true,"href":"https:\/\/www.linas.com.au\/lt\/wp-json\/wp\/v2\/comments?post=9063"}],"version-history":[{"count":13,"href":"https:\/\/www.linas.com.au\/lt\/wp-json\/wp\/v2\/pages\/9063\/revisions"}],"predecessor-version":[{"id":10537,"href":"https:\/\/www.linas.com.au\/lt\/wp-json\/wp\/v2\/pages\/9063\/revisions\/10537"}],"up":[{"embeddable":true,"href":"https:\/\/www.linas.com.au\/lt\/wp-json\/wp\/v2\/pages\/9103"}],"wp:attachment":[{"href":"https:\/\/www.linas.com.au\/lt\/wp-json\/wp\/v2\/media?parent=9063"}],"curies":[{"name":"wp","href":"https:\/\/api.w.org\/{rel}","templated":true}]}}