     {"id":3,"date":"2020-12-10T14:14:10","date_gmt":"2020-12-10T14:14:10","guid":{"rendered":"http:\/?page_id=3"},"modified":"2021-02-28T17:41:59","modified_gmt":"2021-02-28T17:41:59","slug":"privacy-policy","status":"publish","type":"page","link":"https:\/\/www.linas.com.au\/lt\/privacy-policy\/","title":{"rendered":"Privatumo politika"},"content":{"rendered":"<div data-elementor-type=\"wp-page\" data-elementor-id=\"3\" class=\"elementor elementor-3\" data-elementor-settings=\"{&quot;ha_cmc_init_switcher&quot;:&quot;no&quot;}\" data-elementor-post-type=\"page\">\n\t\t\t\t\t\t<section class=\"elementor-section elementor-top-section elementor-element elementor-element-7d756743 elementor-section-stretched elementor-section-boxed elementor-section-height-default elementor-section-height-default\" data-id=\"7d756743\" data-element_type=\"section\" data-e-type=\"section\" data-settings=\"{&quot;stretch_section&quot;:&quot;section-stretched&quot;,&quot;_ha_eqh_enable&quot;:false}\">\n\t\t\t\t\t\t<div class=\"elementor-container elementor-column-gap-default\">\n\t\t\t\t\t<div class=\"elementor-column elementor-col-100 elementor-top-column elementor-element elementor-element-5102fd4a\" data-id=\"5102fd4a\" data-element_type=\"column\" data-e-type=\"column\">\n\t\t\t<div class=\"elementor-widget-wrap elementor-element-populated\">\n\t\t\t\t\t\t<div class=\"elementor-element elementor-element-6466ed09 elementor-widget elementor-widget-text-editor\" data-id=\"6466ed09\" data-element_type=\"widget\" data-e-type=\"widget\" data-widget_type=\"text-editor.default\">\n\t\t\t\t<div class=\"elementor-widget-container\">\n\t\t\t\t\t\t\t\t\t<h2 class=\"wp-block-heading\">Kas mes esame<\/h2><p>M\u016bs\u0173 svetain\u0117s adresas: http:.<\/p><h2 class=\"wp-block-heading\">Kokius asmens duomenis renkame ir kod\u0117l juos renkame<\/h2><h3 class=\"wp-block-heading\">Komentarai<\/h3><p>Kai lankytojai svetain\u0117je palieka komentarus, renkame komentar\u0173 formoje nurodytus duomenis, taip pat lankytojo IP adres\u0105 ir nar\u0161ykl\u0117s naudotojo agento eilut\u0119, kad b\u016bt\u0173 lengviau aptikti nepageidaujamus lai\u0161kus.<\/p><p>I\u0161 j\u016bs\u0173 el. pa\u0161to adreso sukurta anonimin\u0117 eilut\u0117 (dar vadinama hash) gali b\u016bti pateikta \"Gravatar\" paslaugai, kad b\u016bt\u0173 galima nustatyti, ar j\u0105 naudojate. Su \"Gravatar\" paslaugos privatumo politika galite susipa\u017einti \u010dia: https:\/\/automattic.com\/privacy\/. Patvirtinus j\u016bs\u0173 komentar\u0105, j\u016bs\u0173 profilio nuotrauka matoma vie\u0161ai, atsi\u017evelgiant \u012f j\u016bs\u0173 komentaro kontekst\u0105.<\/p><h3 class=\"wp-block-heading\">\u017diniasklaida<\/h3><p>Jei \u012f svetain\u0119 \u012fkeliate vaizdus, tur\u0117tum\u0117te vengti \u012fkelti vaizdus su \u012fterptais buvimo vietos duomenimis (EXIF GPS). Svetain\u0117s lankytojai gali atsisi\u0173sti ir i\u0161 svetain\u0117s vaizd\u0173 i\u0161gauti bet kokius buvimo vietos duomenis.<\/p><h3 class=\"wp-block-heading\">Kontaktin\u0117s formos<\/h3><h3 class=\"wp-block-heading\">Slapukai<\/h3><p>Jei m\u016bs\u0173 svetain\u0117je paliekate komentar\u0105, galite sutikti, kad j\u016bs\u0173 vardas, el. pa\u0161to adresas ir svetain\u0117 b\u016bt\u0173 \u012fra\u0161yti \u012f slapukus. Tai daroma j\u016bs\u0173 patogumui, kad jums nereik\u0117t\u0173 i\u0161 naujo pildyti savo duomen\u0173, kai paliekate kit\u0105 komentar\u0105. \u0160ie slapukai galioja vienerius metus.<\/p><p>Jei apsilankysite m\u016bs\u0173 prisijungimo puslapyje, nustatysime laikin\u0105 slapuk\u0105, kad nustatytume, ar j\u016bs\u0173 nar\u0161ykl\u0117 priima slapukus. \u0160iame slapuke n\u0117ra joki\u0173 asmenini\u0173 duomen\u0173 ir jis i\u0161metamas, kai u\u017edarote nar\u0161ykl\u0119.<\/p><p>Kai prisijungiate, taip pat nustatome kelis slapukus, kad i\u0161saugotume j\u016bs\u0173 prisijungimo informacij\u0105 ir ekrano rodymo pasirinkimus. Prisijungimo slapukai galioja dvi dienas, o ekrano parink\u010di\u0173 slapukai - metus. Jei pasirinksite \"Prisiminti mane\", j\u016bs\u0173 prisijungimo duomenys i\u0161liks dvi savaites. Jei i\u0161eisite i\u0161 savo paskyros, prisijungimo slapukai bus pa\u0161alinti.<\/p><p>Jei redaguojate arba publikuojate straipsn\u012f, j\u016bs\u0173 nar\u0161ykl\u0117je bus i\u0161saugotas papildomas slapukas. \u0160iame slapuke n\u0117ra joki\u0173 asmenini\u0173 duomen\u0173, jame tiesiog nurodomas straipsnio, kur\u012f k\u0105 tik redagavote, skelbimo ID. Jis nustoja galioti po 1 dienos.<\/p><h3 class=\"wp-block-heading\">\u012eterptasis turinys i\u0161 kit\u0173 svetaini\u0173<\/h3><p>\u0160ios svetain\u0117s straipsniuose gali b\u016bti \u012fterpto turinio (pvz., vaizdo \u012fra\u0161\u0173, paveiksl\u0117li\u0173, straipsni\u0173 ir kt.). \u012eterptasis turinys i\u0161 kit\u0173 svetaini\u0173 elgiasi lygiai taip pat, tarsi lankytojas b\u016bt\u0173 apsilank\u0119s kitoje svetain\u0117je.<\/p><p>\u0160iose svetain\u0117se gali b\u016bti renkami duomenys apie jus, naudojami slapukai, \u012fterpiamas papildomas tre\u010di\u0173j\u0173 \u0161ali\u0173 steb\u0117jimas ir stebima j\u016bs\u0173 s\u0105veika su \u012fterptu turiniu, \u012fskaitant j\u016bs\u0173 s\u0105veikos su \u012fterptu turiniu steb\u0117jim\u0105, jei turite paskyr\u0105 ir esate prisijung\u0119 prie tos svetain\u0117s.<\/p><h3 class=\"wp-block-heading\">Analiz\u0117<\/h3><h2 class=\"wp-block-heading\">Su kuo dalijam\u0117s j\u016bs\u0173 duomenimis<\/h2><p>Jei papra\u0161ysite i\u0161 naujo nustatyti slapta\u017eod\u012f, j\u016bs\u0173 IP adresas bus \u012ftrauktas \u012f naujo slapta\u017eod\u017eio el. lai\u0161k\u0105.<\/p><h2 class=\"wp-block-heading\">Kiek laiko saugome j\u016bs\u0173 duomenis<\/h2><p>Jei paliekate komentar\u0105, komentaras ir jo metaduomenys saugomi neribot\u0105 laik\u0105. Taip yra tam, kad gal\u0117tume automati\u0161kai atpa\u017einti ir patvirtinti visus tolesnius komentarus, u\u017euot laik\u0119 juos moderavimo eil\u0117je.<\/p><p>Naudotoj\u0173, kurie registruojasi m\u016bs\u0173 svetain\u0117je (jei toki\u0173 yra), asmenin\u0119 informacij\u0105 taip pat saugome j\u0173 naudotojo profilyje. Visi naudotojai gali bet kada per\u017ei\u016br\u0117ti, redaguoti ar i\u0161trinti savo asmenin\u0119 informacij\u0105 (i\u0161skyrus tai, kad jie negali pakeisti savo naudotojo vardo). Svetain\u0117s administratoriai taip pat gali matyti ir redaguoti \u0161i\u0105 informacij\u0105.<\/p><h2 class=\"wp-block-heading\">Kokias teises turite \u012f savo duomenis<\/h2><p>Jei turite paskyr\u0105 \u0161ioje svetain\u0117je arba esate palik\u0119 komentar\u0173, galite papra\u0161yti, kad jums b\u016bt\u0173 i\u0161si\u0173stas eksportuotas m\u016bs\u0173 turim\u0173 j\u016bs\u0173 asmens duomen\u0173 failas, \u012fskaitant visus duomenis, kuriuos mums pateik\u0117te. Taip pat galite pra\u0161yti i\u0161trinti visus turimus j\u016bs\u0173 asmens duomenis. Tai neapima joki\u0173 duomen\u0173, kuriuos privalome saugoti administraciniais, teisiniais ar saugumo tikslais.<\/p><h2 class=\"wp-block-heading\">Kur siun\u010diame j\u016bs\u0173 duomenis<\/h2><p>Lankytoj\u0173 komentarai gali b\u016bti tikrinami naudojant automatin\u0119 \u0161lam\u0161to aptikimo paslaug\u0105.<\/p><h2 class=\"wp-block-heading\">J\u016bs\u0173 kontaktin\u0117 informacija<\/h2><h2 class=\"wp-block-heading\">Papildoma informacija<\/h2><h3 class=\"wp-block-heading\">Kaip saugome j\u016bs\u0173 duomenis<\/h3><h3 class=\"wp-block-heading\">Kokias duomen\u0173 pa\u017eeidimo proced\u016bras taikome<\/h3><h3 class=\"wp-block-heading\">I\u0161 koki\u0173 tre\u010di\u0173j\u0173 \u0161ali\u0173 gauname duomenis<\/h3><h3 class=\"wp-block-heading\">Kokius automatizuotus sprendimus priimame ir (arba) profiliuojame naudodami naudotojo duomenis<\/h3><h3 class=\"wp-block-heading\">Pramon\u0117s reguliavimo reikalavimai d\u0117l informacijos atskleidimo<\/h3>\t\t\t\t\t\t\t\t<\/div>\n\t\t\t\t<\/div>\n\t\t\t\t\t<\/div>\n\t\t<\/div>\n\t\t\t\t\t<\/div>\n\t\t<\/section>\n\t\t\t\t<\/div>","protected":false},"excerpt":{"rendered":"<p>Who we are Our website address is: http:. What personal data we collect and why we collect it Comments When visitors leave comments on the site we collect the data shown in the comments form, and also the visitor&#8217;s IP address and browser user agent string to help spam detection. An anonymized string created from [&hellip;]<\/p>\n","protected":false},"author":4,"featured_media":0,"parent":0,"menu_order":0,"comment_status":"closed","ping_status":"open","template":"","meta":{"footnotes":""},"class_list":["post-3","page","type-page","status-publish","hentry"],"yoast_head":"<!-- This site is optimized with the Yoast SEO plugin v27.2 - https:\/\/yoast.com\/product\/yoast-seo-wordpress\/ -->\n<title>Privacy Policy - Study In Australia<\/title>\n<meta name=\"robots\" content=\"index, follow, max-snippet:-1, max-image-preview:large, max-video-preview:-1\" \/>\n<link rel=\"canonical\" href=\"https:\/\/www.linas.com.au\/lt\/privacy-policy\/\" \/>\n<meta property=\"og:locale\" content=\"lt_LT\" \/>\n<meta property=\"og:type\" content=\"article\" \/>\n<meta property=\"og:title\" content=\"Privacy Policy - Study In Australia\" \/>\n<meta property=\"og:description\" content=\"Who we are Our website address is: http:. What personal data we collect and why we collect it Comments When visitors leave comments on the site we collect the data shown in the comments form, and also the visitor&#8217;s IP address and browser user agent string to help spam detection. An anonymized string created from [&hellip;]\" \/>\n<meta property=\"og:url\" content=\"https:\/\/www.linas.com.au\/lt\/privacy-policy\/\" \/>\n<meta property=\"og:site_name\" content=\"Study In Australia\" \/>\n<meta property=\"article:modified_time\" content=\"2021-02-28T17:41:59+00:00\" \/>\n<meta name=\"twitter:card\" content=\"summary_large_image\" \/>\n<meta name=\"twitter:label1\" content=\"Est. reading time\" \/>\n\t<meta name=\"twitter:data1\" content=\"3 minut\u0117s\" \/>\n<script type=\"application\/ld+json\" class=\"yoast-schema-graph\">{\"@context\":\"https:\/\/schema.org\",\"@graph\":[{\"@type\":\"WebPage\",\"@id\":\"https:\/\/www.linas.com.au\/privacy-policy\/\",\"url\":\"https:\/\/www.linas.com.au\/privacy-policy\/\",\"name\":\"Privacy Policy - Study In Australia\",\"isPartOf\":{\"@id\":\"https:\/\/www.linas.com.au\/lt\/#website\"},\"datePublished\":\"2020-12-10T14:14:10+00:00\",\"dateModified\":\"2021-02-28T17:41:59+00:00\",\"breadcrumb\":{\"@id\":\"https:\/\/www.linas.com.au\/privacy-policy\/#breadcrumb\"},\"inLanguage\":\"lt-LT\",\"potentialAction\":[{\"@type\":\"ReadAction\",\"target\":[\"https:\/\/www.linas.com.au\/privacy-policy\/\"]}]},{\"@type\":\"BreadcrumbList\",\"@id\":\"https:\/\/www.linas.com.au\/privacy-policy\/#breadcrumb\",\"itemListElement\":[{\"@type\":\"ListItem\",\"position\":1,\"name\":\"Home\",\"item\":\"https:\/\/www.linas.com.au\/et\/\"},{\"@type\":\"ListItem\",\"position\":2,\"name\":\"Privacy Policy\"}]},{\"@type\":\"WebSite\",\"@id\":\"https:\/\/www.linas.com.au\/lt\/#website\",\"url\":\"https:\/\/www.linas.com.au\/lt\/\",\"name\":\"Study In Australia\",\"description\":\"\",\"publisher\":{\"@id\":\"https:\/\/www.linas.com.au\/lt\/#organization\"},\"potentialAction\":[{\"@type\":\"SearchAction\",\"target\":{\"@type\":\"EntryPoint\",\"urlTemplate\":\"https:\/\/www.linas.com.au\/lt\/?s={search_term_string}\"},\"query-input\":{\"@type\":\"PropertyValueSpecification\",\"valueRequired\":true,\"valueName\":\"search_term_string\"}}],\"inLanguage\":\"lt-LT\"},{\"@type\":\"Organization\",\"@id\":\"https:\/\/www.linas.com.au\/lt\/#organization\",\"name\":\"LinAs Student Agency\",\"url\":\"https:\/\/www.linas.com.au\/lt\/\",\"logo\":{\"@type\":\"ImageObject\",\"inLanguage\":\"lt-LT\",\"@id\":\"https:\/\/www.linas.com.au\/lt\/#\/schema\/logo\/image\/\",\"url\":\"https:\/\/www.linas.com.au\/wp-content\/uploads\/2025\/12\/social_logo.jpg\",\"contentUrl\":\"https:\/\/www.linas.com.au\/wp-content\/uploads\/2025\/12\/social_logo.jpg\",\"width\":800,\"height\":315,\"caption\":\"LinAs Student Agency\"},\"image\":{\"@id\":\"https:\/\/www.linas.com.au\/lt\/#\/schema\/logo\/image\/\"},\"sameAs\":[\"https:\/\/www.instagram.com\/linasaustralia\/\"]}]}<\/script>\n<!-- \/ Yoast SEO plugin. -->","yoast_head_json":{"title":"Privacy Policy - Study In Australia","robots":{"index":"index","follow":"follow","max-snippet":"max-snippet:-1","max-image-preview":"max-image-preview:large","max-video-preview":"max-video-preview:-1"},"canonical":"https:\/\/www.linas.com.au\/lt\/privacy-policy\/","og_locale":"lt_LT","og_type":"article","og_title":"Privacy Policy - Study In Australia","og_description":"Who we are Our website address is: http:. What personal data we collect and why we collect it Comments When visitors leave comments on the site we collect the data shown in the comments form, and also the visitor&#8217;s IP address and browser user agent string to help spam detection. An anonymized string created from [&hellip;]","og_url":"https:\/\/www.linas.com.au\/lt\/privacy-policy\/","og_site_name":"Study In Australia","article_modified_time":"2021-02-28T17:41:59+00:00","twitter_card":"summary_large_image","twitter_misc":{"Est. reading time":"3 minut\u0117s"},"schema":{"@context":"https:\/\/schema.org","@graph":[{"@type":"WebPage","@id":"https:\/\/www.linas.com.au\/privacy-policy\/","url":"https:\/\/www.linas.com.au\/privacy-policy\/","name":"Privacy Policy - Study In Australia","isPartOf":{"@id":"https:\/\/www.linas.com.au\/lt\/#website"},"datePublished":"2020-12-10T14:14:10+00:00","dateModified":"2021-02-28T17:41:59+00:00","breadcrumb":{"@id":"https:\/\/www.linas.com.au\/privacy-policy\/#breadcrumb"},"inLanguage":"lt-LT","potentialAction":[{"@type":"ReadAction","target":["https:\/\/www.linas.com.au\/privacy-policy\/"]}]},{"@type":"BreadcrumbList","@id":"https:\/\/www.linas.com.au\/privacy-policy\/#breadcrumb","itemListElement":[{"@type":"ListItem","position":1,"name":"Home","item":"https:\/\/www.linas.com.au\/et\/"},{"@type":"ListItem","position":2,"name":"Privacy Policy"}]},{"@type":"WebSite","@id":"https:\/\/www.linas.com.au\/lt\/#website","url":"https:\/\/www.linas.com.au\/lt\/","name":"Study In Australia","description":"","publisher":{"@id":"https:\/\/www.linas.com.au\/lt\/#organization"},"potentialAction":[{"@type":"SearchAction","target":{"@type":"EntryPoint","urlTemplate":"https:\/\/www.linas.com.au\/lt\/?s={search_term_string}"},"query-input":{"@type":"PropertyValueSpecification","valueRequired":true,"valueName":"search_term_string"}}],"inLanguage":"lt-LT"},{"@type":"Organization","@id":"https:\/\/www.linas.com.au\/lt\/#organization","name":"LinAs Student Agency","url":"https:\/\/www.linas.com.au\/lt\/","logo":{"@type":"ImageObject","inLanguage":"lt-LT","@id":"https:\/\/www.linas.com.au\/lt\/#\/schema\/logo\/image\/","url":"https:\/\/www.linas.com.au\/wp-content\/uploads\/2025\/12\/social_logo.jpg","contentUrl":"https:\/\/www.linas.com.au\/wp-content\/uploads\/2025\/12\/social_logo.jpg","width":800,"height":315,"caption":"LinAs Student Agency"},"image":{"@id":"https:\/\/www.linas.com.au\/lt\/#\/schema\/logo\/image\/"},"sameAs":["https:\/\/www.instagram.com\/linasaustralia\/"]}]}},"_links":{"self":[{"href":"https:\/\/www.linas.com.au\/lt\/wp-json\/wp\/v2\/pages\/3","targetHints":{"allow":["GET"]}}],"collection":[{"href":"https:\/\/www.linas.com.au\/lt\/wp-json\/wp\/v2\/pages"}],"about":[{"href":"https:\/\/www.linas.com.au\/lt\/wp-json\/wp\/v2\/types\/page"}],"author":[{"embeddable":true,"href":"https:\/\/www.linas.com.au\/lt\/wp-json\/wp\/v2\/users\/4"}],"replies":[{"embeddable":true,"href":"https:\/\/www.linas.com.au\/lt\/wp-json\/wp\/v2\/comments?post=3"}],"version-history":[{"count":0,"href":"https:\/\/www.linas.com.au\/lt\/wp-json\/wp\/v2\/pages\/3\/revisions"}],"wp:attachment":[{"href":"https:\/\/www.linas.com.au\/lt\/wp-json\/wp\/v2\/media?parent=3"}],"curies":[{"name":"wp","href":"https:\/\/api.w.org\/{rel}","templated":true}]}}