     {"id":29,"date":"2021-01-30T16:14:29","date_gmt":"2021-01-30T16:14:29","guid":{"rendered":"https:\/\/www.linas.com.au\/?page_id=29"},"modified":"2025-12-19T11:42:10","modified_gmt":"2025-12-19T11:42:10","slug":"accommodation-in-australia","status":"publish","type":"page","link":"https:\/\/www.linas.com.au\/lt\/services\/accommodation-in-australia\/","title":{"rendered":"Apgyvendinimas"},"content":{"rendered":"<div data-elementor-type=\"wp-page\" data-elementor-id=\"29\" class=\"elementor elementor-29\" data-elementor-settings=\"{&quot;ha_cmc_init_switcher&quot;:&quot;no&quot;}\" data-elementor-post-type=\"page\">\n\t\t\t\t\t\t<section class=\"elementor-section elementor-top-section elementor-element elementor-element-507ee110 elementor-section-height-min-height elementor-section-stretched elementor-section-boxed elementor-section-height-default elementor-section-items-middle\" data-id=\"507ee110\" data-element_type=\"section\" data-e-type=\"section\" data-settings=\"{&quot;background_background&quot;:&quot;classic&quot;,&quot;shape_divider_bottom&quot;:&quot;tilt&quot;,&quot;stretch_section&quot;:&quot;section-stretched&quot;,&quot;_ha_eqh_enable&quot;:false}\">\n\t\t\t\t\t\t\t<div class=\"elementor-background-overlay\"><\/div>\n\t\t\t\t\t\t<div class=\"elementor-shape elementor-shape-bottom\" aria-hidden=\"true\" data-negative=\"false\">\n\t\t\t<svg xmlns=\"http:\/\/www.w3.org\/2000\/svg\" viewbox=\"0 0 1000 100\" preserveaspectratio=\"none\">\n\t<path class=\"elementor-shape-fill\" d=\"M0,6V0h1000v100L0,6z\"\/>\n<\/svg>\t\t<\/div>\n\t\t\t\t\t<div class=\"elementor-container elementor-column-gap-default\">\n\t\t\t\t\t<div class=\"elementor-column elementor-col-100 elementor-top-column elementor-element elementor-element-346507d3\" data-id=\"346507d3\" data-element_type=\"column\" data-e-type=\"column\">\n\t\t\t<div class=\"elementor-widget-wrap elementor-element-populated\">\n\t\t\t\t\t\t<div class=\"elementor-element elementor-element-2b2e255a elementor-widget elementor-widget-heading\" data-id=\"2b2e255a\" data-element_type=\"widget\" data-e-type=\"widget\" data-widget_type=\"heading.default\">\n\t\t\t\t<div class=\"elementor-widget-container\">\n\t\t\t\t\t<h1 class=\"elementor-heading-title elementor-size-default\">Apgyvendinimas<\/h1>\t\t\t\t<\/div>\n\t\t\t\t<\/div>\n\t\t\t\t\t<\/div>\n\t\t<\/div>\n\t\t\t\t\t<\/div>\n\t\t<\/section>\n\t\t\t\t<section class=\"elementor-section elementor-top-section elementor-element elementor-element-105f5b83 elementor-section-content-middle elementor-section-stretched elementor-section-boxed elementor-section-height-default elementor-section-height-default\" data-id=\"105f5b83\" data-element_type=\"section\" data-e-type=\"section\" data-settings=\"{&quot;stretch_section&quot;:&quot;section-stretched&quot;,&quot;_ha_eqh_enable&quot;:false}\">\n\t\t\t\t\t\t<div class=\"elementor-container elementor-column-gap-no\">\n\t\t\t\t\t<div class=\"elementor-column elementor-col-100 elementor-top-column elementor-element elementor-element-696d26b2\" data-id=\"696d26b2\" data-element_type=\"column\" data-e-type=\"column\">\n\t\t\t<div class=\"elementor-widget-wrap elementor-element-populated\">\n\t\t\t\t\t\t<section class=\"elementor-section elementor-inner-section elementor-element elementor-element-526abe5e elementor-section-boxed elementor-section-height-default elementor-section-height-default\" data-id=\"526abe5e\" data-element_type=\"section\" data-e-type=\"section\" data-settings=\"{&quot;_ha_eqh_enable&quot;:false}\">\n\t\t\t\t\t\t<div class=\"elementor-container elementor-column-gap-default\">\n\t\t\t\t\t<div class=\"elementor-column elementor-col-50 elementor-inner-column elementor-element elementor-element-69cd9819\" data-id=\"69cd9819\" data-element_type=\"column\" data-e-type=\"column\">\n\t\t\t<div class=\"elementor-widget-wrap elementor-element-populated\">\n\t\t\t\t\t\t<div class=\"elementor-element elementor-element-796b3fa3 elementor-widget elementor-widget-heading\" data-id=\"796b3fa3\" data-element_type=\"widget\" data-e-type=\"widget\" data-widget_type=\"heading.default\">\n\t\t\t\t<div class=\"elementor-widget-container\">\n\t\t\t\t\t<h2 class=\"elementor-heading-title elementor-size-default\">Your Home in Australia starts here - without the stress.<\/h2>\t\t\t\t<\/div>\n\t\t\t\t<\/div>\n\t\t\t\t<div class=\"elementor-element elementor-element-2ff302ff elementor-widget elementor-widget-text-editor\" data-id=\"2ff302ff\" data-element_type=\"widget\" data-e-type=\"widget\" data-widget_type=\"text-editor.default\">\n\t\t\t\t<div class=\"elementor-widget-container\">\n\t\t\t\t\t\t\t\t\t<p><span style=\"font-weight: 400;\">Finding a place to live in a new country can feel overwhelming. But don\u2019t worry &#8211; at LinAs, we help international students find safe, comfortable, and affordable accommodation that suits both your lifestyle and your budget.<\/span><\/p><p><span style=\"font-weight: 400;\">O geriausia dalis? <\/span><span style=\"color: #000000;\"><b>M\u016bs\u0173 patarimai yra 100% nemokami.<\/b><\/span><\/p><h5><b>\ud83d\udecf\ufe0f <span style=\"color: #000000;\">Kokios yra j\u016bs\u0173 galimyb\u0117s?<\/span><\/b><\/h5><p><span style=\"font-weight: 400;\">Pad\u0117sime jums i\u0161tirti \u012fvairius studentams tinkamus b\u016bstus:<\/span><\/p><ul><li style=\"font-weight: 400;\" aria-level=\"1\"><span style=\"font-weight: 400;\">Student\u0173 namai ir bendra nuoma<\/span><span style=\"font-weight: 400;\"><br \/><\/span><\/li><li style=\"font-weight: 400;\" aria-level=\"1\"><span style=\"font-weight: 400;\">Student\u0173 miesteliai ir specialiai \u012frengti student\u0173 kambariai<\/span><span style=\"font-weight: 400;\"><br \/><\/span><\/li><li style=\"font-weight: 400;\" aria-level=\"1\"><span style=\"font-weight: 400;\">Apsistojimas namuose austral\u0173 \u0161eimose<\/span><span style=\"font-weight: 400;\"><br \/><\/span><\/li><li style=\"font-weight: 400;\" aria-level=\"1\"><span style=\"font-weight: 400;\">Laikinas apgyvendinimas, kol \u012fsikursite<\/span><span style=\"font-weight: 400;\"><br \/><\/span><\/li><\/ul><p><span style=\"font-weight: 400;\">Ne\u017einote, kas jums labiausiai tinka? Supa\u017eindinsime jus su kiekvieno i\u0161 j\u0173 privalumais ir tr\u016bkumais ir net pad\u0117sime jums <\/span><span style=\"color: #000000;\"><b>pasir\u016bpinti trumpalaikiu apgyvendinimu.<\/b><\/span><span style=\"font-weight: 400;\"> prie\u0161 atvykstant.<\/span><\/p>\t\t\t\t\t\t\t\t<\/div>\n\t\t\t\t<\/div>\n\t\t\t\t\t<\/div>\n\t\t<\/div>\n\t\t\t\t<div class=\"elementor-column elementor-col-50 elementor-inner-column elementor-element elementor-element-5795a03\" data-id=\"5795a03\" data-element_type=\"column\" data-e-type=\"column\">\n\t\t\t<div class=\"elementor-widget-wrap elementor-element-populated\">\n\t\t\t\t\t\t<div class=\"elementor-element elementor-element-2cea51e7 elementor-widget elementor-widget-image\" data-id=\"2cea51e7\" data-element_type=\"widget\" data-e-type=\"widget\" data-widget_type=\"image.default\">\n\t\t\t\t<div class=\"elementor-widget-container\">\n\t\t\t\t\t\t\t\t\t\t\t\t\t\t\t<img fetchpriority=\"high\" decoding=\"async\" width=\"600\" height=\"400\" src=\"https:\/\/www.linas.com.au\/wp-content\/uploads\/2021\/02\/accomodation_small.jpg\" class=\"attachment-full size-full wp-image-3196\" alt=\"Apgyvendinimas\" srcset=\"https:\/\/www.linas.com.au\/wp-content\/uploads\/2021\/02\/accomodation_small.jpg 600w, https:\/\/www.linas.com.au\/wp-content\/uploads\/2021\/02\/accomodation_small-300x200.jpg 300w\" sizes=\"(max-width: 600px) 100vw, 600px\" \/>\t\t\t\t\t\t\t\t\t\t\t\t\t\t\t<\/div>\n\t\t\t\t<\/div>\n\t\t\t\t\t<\/div>\n\t\t<\/div>\n\t\t\t\t\t<\/div>\n\t\t<\/section>\n\t\t\t\t<section class=\"elementor-section elementor-inner-section elementor-element elementor-element-2325f978 elementor-section-boxed elementor-section-height-default elementor-section-height-default\" data-id=\"2325f978\" data-element_type=\"section\" data-e-type=\"section\" data-settings=\"{&quot;_ha_eqh_enable&quot;:false}\">\n\t\t\t\t\t\t<div class=\"elementor-container elementor-column-gap-default\">\n\t\t\t\t\t<div class=\"elementor-column elementor-col-50 elementor-inner-column elementor-element elementor-element-71e4dd4b\" data-id=\"71e4dd4b\" data-element_type=\"column\" data-e-type=\"column\">\n\t\t\t<div class=\"elementor-widget-wrap elementor-element-populated\">\n\t\t\t\t\t\t<div class=\"elementor-element elementor-element-56192fc7 elementor-widget elementor-widget-image\" data-id=\"56192fc7\" data-element_type=\"widget\" data-e-type=\"widget\" data-widget_type=\"image.default\">\n\t\t\t\t<div class=\"elementor-widget-container\">\n\t\t\t\t\t\t\t\t\t\t\t\t\t\t\t<img decoding=\"async\" width=\"800\" height=\"533\" src=\"https:\/\/www.linas.com.au\/wp-content\/uploads\/2021\/02\/house_small.jpg\" class=\"attachment-full size-full wp-image-3198\" alt=\"Apgyvendinimas\" srcset=\"https:\/\/www.linas.com.au\/wp-content\/uploads\/2021\/02\/house_small.jpg 800w, https:\/\/www.linas.com.au\/wp-content\/uploads\/2021\/02\/house_small-300x200.jpg 300w, https:\/\/www.linas.com.au\/wp-content\/uploads\/2021\/02\/house_small-768x512.jpg 768w\" sizes=\"(max-width: 800px) 100vw, 800px\" \/>\t\t\t\t\t\t\t\t\t\t\t\t\t\t\t<\/div>\n\t\t\t\t<\/div>\n\t\t\t\t\t<\/div>\n\t\t<\/div>\n\t\t\t\t<div class=\"elementor-column elementor-col-50 elementor-inner-column elementor-element elementor-element-2d800915\" data-id=\"2d800915\" data-element_type=\"column\" data-e-type=\"column\">\n\t\t\t<div class=\"elementor-widget-wrap elementor-element-populated\">\n\t\t\t\t\t\t<div class=\"elementor-element elementor-element-ceec176 elementor-widget elementor-widget-heading\" data-id=\"ceec176\" data-element_type=\"widget\" data-e-type=\"widget\" data-widget_type=\"heading.default\">\n\t\t\t\t<div class=\"elementor-widget-container\">\n\t\t\t\t\t<h2 class=\"elementor-heading-title elementor-size-default\">Kiek tai kainuos?<\/h2>\t\t\t\t<\/div>\n\t\t\t\t<\/div>\n\t\t\t\t<div class=\"elementor-element elementor-element-15a4f106 elementor-widget elementor-widget-text-editor\" data-id=\"15a4f106\" data-element_type=\"widget\" data-e-type=\"widget\" data-widget_type=\"text-editor.default\">\n\t\t\t\t<div class=\"elementor-widget-container\">\n\t\t\t\t\t\t\t\t\t<p><span style=\"font-weight: 400;\">Nuoma Australijoje skiriasi priklausomai nuo miesto, ta\u010diau dauguma student\u0173 moka nuo <\/span><span style=\"color: #000000;\"><b>AU$200-$350 per savait\u0119<\/b><\/span><span style=\"font-weight: 400;\">. Nesvarbu, ar ie\u0161kote ko nors paprastesnio, ar \u0161iek tiek privatesnio, pad\u0117sime jums rasti viet\u0105, kuri <\/span><span style=\"color: #000000;\"><b>saugus, patogus ir nevir\u0161ijantis j\u016bs\u0173 biud\u017eeto<\/b><\/span><span style=\"font-weight: 400;\">.<\/span><\/p>\n<h5><b>\ud83e\udde1 <span style=\"color: #000000;\">Kaip mes padedame<\/span><\/b><\/h5>\n<ul>\n<li style=\"font-weight: 400;\" aria-level=\"1\"><span style=\"font-weight: 400;\">Patarimai, kur gyventi (ir ko vengti)<\/span><span style=\"font-weight: 400;\"><br \/><\/span><\/li>\n<li style=\"font-weight: 400;\" aria-level=\"1\"><span style=\"font-weight: 400;\">Pagalba lyginant galimybes j\u016bs\u0173 mieste<\/span><span style=\"font-weight: 400;\"><br \/><\/span><\/li>\n<li style=\"font-weight: 400;\" aria-level=\"1\"><span style=\"font-weight: 400;\">Rekomendacijos, k\u0105 patikrinti prie\u0161 pasira\u0161ant nuomos sutart\u012f<\/span><\/li>\n<li style=\"font-weight: 400;\" aria-level=\"1\">Parama trumpalaikei ir ilgalaikei nuomai<\/li>\n<\/ul>\n<div><span id=\"docs-internal-guid-b97818f3-7fff-222b-f5f8-cc5d672b30e8\"><span style=\"font-size: 11pt; font-family: Arial, sans-serif; color: #000000; background-color: transparent; font-weight: bold; font-variant-numeric: normal; font-variant-east-asian: normal; font-variant-alternates: normal; font-variant-position: normal; font-variant-emoji: normal; vertical-align: baseline; white-space-collapse: preserve;\">\ud83d\udc49 Raskime savo namus toli nuo nam\u0173.<\/span><\/span><\/div>\t\t\t\t\t\t\t\t<\/div>\n\t\t\t\t<\/div>\n\t\t\t\t<div class=\"elementor-element elementor-element-63499ac5 elementor-widget__width-auto get-free-consultation elementor-widget elementor-widget-button\" data-id=\"63499ac5\" data-element_type=\"widget\" data-e-type=\"widget\" data-widget_type=\"button.default\">\n\t\t\t\t<div class=\"elementor-widget-container\">\n\t\t\t\t\t\t\t\t\t<div class=\"elementor-button-wrapper\">\n\t\t\t\t\t<a class=\"elementor-button elementor-button-link elementor-size-sm elementor-animation-float\" href=\"\/lt\/linas-contact-us\/\">\n\t\t\t\t\t\t<span class=\"elementor-button-content-wrapper\">\n\t\t\t\t\t\t\t\t\t<span class=\"elementor-button-text\">Gaukite nemokam\u0105 konsultacij\u0105<\/span>\n\t\t\t\t\t<\/span>\n\t\t\t\t\t<\/a>\n\t\t\t\t<\/div>\n\t\t\t\t\t\t\t\t<\/div>\n\t\t\t\t<\/div>\n\t\t\t\t\t<\/div>\n\t\t<\/div>\n\t\t\t\t\t<\/div>\n\t\t<\/section>\n\t\t\t\t\t<\/div>\n\t\t<\/div>\n\t\t\t\t\t<\/div>\n\t\t<\/section>\n\t\t\t\t<\/div>","protected":false},"excerpt":{"rendered":"<p>Accomodation Your Home in Australia starts here &#8211; without the stress. Finding a place to live in a new country can feel overwhelming. But don\u2019t worry &#8211; at LinAs, we help international students find safe, comfortable, and affordable accommodation that suits both your lifestyle and your budget. And the best part? Our advice is 100% [&hellip;]<\/p>\n","protected":false},"author":4,"featured_media":0,"parent":9103,"menu_order":0,"comment_status":"closed","ping_status":"closed","template":"","meta":{"footnotes":""},"class_list":["post-29","page","type-page","status-publish","hentry"],"yoast_head":"<!-- This site is optimized with the Yoast SEO plugin v27.5 - https:\/\/yoast.com\/product\/yoast-seo-wordpress\/ -->\n<title>Accommodation - Study In Australia<\/title>\n<meta name=\"description\" content=\"Find safe, comfortable, and affordable student Accommodation in Australia with LinAs. Get free advice on student houses.\" \/>\n<meta name=\"robots\" content=\"index, follow, max-snippet:-1, max-image-preview:large, max-video-preview:-1\" \/>\n<link rel=\"canonical\" href=\"https:\/\/www.linas.com.au\/lt\/services\/accommodation-in-australia\/\" \/>\n<meta property=\"og:locale\" content=\"lt_LT\" \/>\n<meta property=\"og:type\" content=\"article\" \/>\n<meta property=\"og:title\" content=\"Accommodation - Study In Australia\" \/>\n<meta property=\"og:description\" content=\"Find safe, comfortable, and affordable student Accommodation in Australia with LinAs. Get free advice on student houses.\" \/>\n<meta property=\"og:url\" content=\"https:\/\/www.linas.com.au\/lt\/services\/accommodation-in-australia\/\" \/>\n<meta property=\"og:site_name\" content=\"Study In Australia\" \/>\n<meta property=\"article:modified_time\" content=\"2025-12-19T11:42:10+00:00\" \/>\n<meta property=\"og:image\" content=\"https:\/\/www.linas.com.au\/wp-content\/uploads\/2021\/02\/accomodation_small.jpg\" \/>\n<meta name=\"twitter:card\" content=\"summary_large_image\" \/>\n<meta name=\"twitter:label1\" content=\"Est. reading time\" \/>\n\t<meta name=\"twitter:data1\" content=\"2 minut\u0117s\" \/>\n<script type=\"application\/ld+json\" class=\"yoast-schema-graph\">{\"@context\":\"https:\\\/\\\/schema.org\",\"@graph\":[{\"@type\":\"WebPage\",\"@id\":\"https:\\\/\\\/www.linas.com.au\\\/lt\\\/services\\\/accommodation-in-australia\\\/\",\"url\":\"https:\\\/\\\/www.linas.com.au\\\/lt\\\/services\\\/accommodation-in-australia\\\/\",\"name\":\"Accommodation - Study In Australia\",\"isPartOf\":{\"@id\":\"https:\\\/\\\/www.linas.com.au\\\/#website\"},\"primaryImageOfPage\":{\"@id\":\"https:\\\/\\\/www.linas.com.au\\\/lt\\\/services\\\/accommodation-in-australia\\\/#primaryimage\"},\"image\":{\"@id\":\"https:\\\/\\\/www.linas.com.au\\\/lt\\\/services\\\/accommodation-in-australia\\\/#primaryimage\"},\"thumbnailUrl\":\"https:\\\/\\\/www.linas.com.au\\\/wp-content\\\/uploads\\\/2021\\\/02\\\/accomodation_small.jpg\",\"datePublished\":\"2021-01-30T16:14:29+00:00\",\"dateModified\":\"2025-12-19T11:42:10+00:00\",\"description\":\"Find safe, comfortable, and affordable student Accommodation in Australia with LinAs. Get free advice on student houses.\",\"breadcrumb\":{\"@id\":\"https:\\\/\\\/www.linas.com.au\\\/lt\\\/services\\\/accommodation-in-australia\\\/#breadcrumb\"},\"inLanguage\":\"lt-LT\",\"potentialAction\":[{\"@type\":\"ReadAction\",\"target\":[\"https:\\\/\\\/www.linas.com.au\\\/lt\\\/services\\\/accommodation-in-australia\\\/\"]}]},{\"@type\":\"ImageObject\",\"inLanguage\":\"lt-LT\",\"@id\":\"https:\\\/\\\/www.linas.com.au\\\/lt\\\/services\\\/accommodation-in-australia\\\/#primaryimage\",\"url\":\"https:\\\/\\\/www.linas.com.au\\\/wp-content\\\/uploads\\\/2021\\\/02\\\/accomodation_small.jpg\",\"contentUrl\":\"https:\\\/\\\/www.linas.com.au\\\/wp-content\\\/uploads\\\/2021\\\/02\\\/accomodation_small.jpg\"},{\"@type\":\"BreadcrumbList\",\"@id\":\"https:\\\/\\\/www.linas.com.au\\\/lt\\\/services\\\/accommodation-in-australia\\\/#breadcrumb\",\"itemListElement\":[{\"@type\":\"ListItem\",\"position\":1,\"name\":\"Home\",\"item\":\"https:\\\/\\\/www.linas.com.au\\\/\"},{\"@type\":\"ListItem\",\"position\":2,\"name\":\"Services\",\"item\":\"https:\\\/\\\/www.linas.com.au\\\/lt\\\/services\\\/\"},{\"@type\":\"ListItem\",\"position\":3,\"name\":\"Accomodation\"}]},{\"@type\":\"WebSite\",\"@id\":\"https:\\\/\\\/www.linas.com.au\\\/#website\",\"url\":\"https:\\\/\\\/www.linas.com.au\\\/\",\"name\":\"Study In Australia\",\"description\":\"\",\"publisher\":{\"@id\":\"https:\\\/\\\/www.linas.com.au\\\/#organization\"},\"potentialAction\":[{\"@type\":\"SearchAction\",\"target\":{\"@type\":\"EntryPoint\",\"urlTemplate\":\"https:\\\/\\\/www.linas.com.au\\\/?s={search_term_string}\"},\"query-input\":{\"@type\":\"PropertyValueSpecification\",\"valueRequired\":true,\"valueName\":\"search_term_string\"}}],\"inLanguage\":\"lt-LT\"},{\"@type\":\"Organization\",\"@id\":\"https:\\\/\\\/www.linas.com.au\\\/#organization\",\"name\":\"LinAs Student Agency\",\"url\":\"https:\\\/\\\/www.linas.com.au\\\/\",\"logo\":{\"@type\":\"ImageObject\",\"inLanguage\":\"lt-LT\",\"@id\":\"https:\\\/\\\/www.linas.com.au\\\/#\\\/schema\\\/logo\\\/image\\\/\",\"url\":\"https:\\\/\\\/www.linas.com.au\\\/wp-content\\\/uploads\\\/2025\\\/12\\\/social_logo.jpg\",\"contentUrl\":\"https:\\\/\\\/www.linas.com.au\\\/wp-content\\\/uploads\\\/2025\\\/12\\\/social_logo.jpg\",\"width\":800,\"height\":315,\"caption\":\"LinAs Student Agency\"},\"image\":{\"@id\":\"https:\\\/\\\/www.linas.com.au\\\/#\\\/schema\\\/logo\\\/image\\\/\"},\"sameAs\":[\"https:\\\/\\\/www.instagram.com\\\/linasaustralia\\\/\"]}]}<\/script>\n<!-- \/ Yoast SEO plugin. -->","yoast_head_json":{"title":"Apgyvendinimas \u2013 Studijos Australijoje","description":"Raskite saug\u0173, patog\u0173 ir prieinam\u0105 student\u0173 apgyvendinim\u0105 Australijoje su \u201eLinAs\u201c. Gaukite nemokamas konsultacijas apie student\u0173 b\u016bs","robots":{"index":"index","follow":"follow","max-snippet":"max-snippet:-1","max-image-preview":"max-image-preview:large","max-video-preview":"max-video-preview:-1"},"canonical":"https:\/\/www.linas.com.au\/lt\/services\/accommodation-in-australia\/","og_locale":"lt_LT","og_type":"article","og_title":"Accommodation - Study In Australia","og_description":"Find safe, comfortable, and affordable student Accommodation in Australia with LinAs. Get free advice on student houses.","og_url":"https:\/\/www.linas.com.au\/lt\/services\/accommodation-in-australia\/","og_site_name":"Study In Australia","article_modified_time":"2025-12-19T11:42:10+00:00","og_image":[{"url":"https:\/\/www.linas.com.au\/wp-content\/uploads\/2021\/02\/accomodation_small.jpg","type":"","width":"","height":""}],"twitter_card":"summary_large_image","twitter_misc":{"Est. reading time":"2 minut\u0117s"},"schema":{"@context":"https:\/\/schema.org","@graph":[{"@type":"WebPage","@id":"https:\/\/www.linas.com.au\/lt\/services\/accommodation-in-australia\/","url":"https:\/\/www.linas.com.au\/lt\/services\/accommodation-in-australia\/","name":"Apgyvendinimas \u2013 Studijos Australijoje","isPartOf":{"@id":"https:\/\/www.linas.com.au\/#website"},"primaryImageOfPage":{"@id":"https:\/\/www.linas.com.au\/lt\/services\/accommodation-in-australia\/#primaryimage"},"image":{"@id":"https:\/\/www.linas.com.au\/lt\/services\/accommodation-in-australia\/#primaryimage"},"thumbnailUrl":"https:\/\/www.linas.com.au\/wp-content\/uploads\/2021\/02\/accomodation_small.jpg","datePublished":"2021-01-30T16:14:29+00:00","dateModified":"2025-12-19T11:42:10+00:00","description":"Raskite saug\u0173, patog\u0173 ir prieinam\u0105 student\u0173 apgyvendinim\u0105 Australijoje su \u201eLinAs\u201c. Gaukite nemokamas konsultacijas apie student\u0173 b\u016bs","breadcrumb":{"@id":"https:\/\/www.linas.com.au\/lt\/services\/accommodation-in-australia\/#breadcrumb"},"inLanguage":"lt-LT","potentialAction":[{"@type":"ReadAction","target":["https:\/\/www.linas.com.au\/lt\/services\/accommodation-in-australia\/"]}]},{"@type":"ImageObject","inLanguage":"lt-LT","@id":"https:\/\/www.linas.com.au\/lt\/services\/accommodation-in-australia\/#primaryimage","url":"https:\/\/www.linas.com.au\/wp-content\/uploads\/2021\/02\/accomodation_small.jpg","contentUrl":"https:\/\/www.linas.com.au\/wp-content\/uploads\/2021\/02\/accomodation_small.jpg"},{"@type":"BreadcrumbList","@id":"https:\/\/www.linas.com.au\/lt\/services\/accommodation-in-australia\/#breadcrumb","itemListElement":[{"@type":"ListItem","position":1,"name":"Home","item":"https:\/\/www.linas.com.au\/"},{"@type":"ListItem","position":2,"name":"Services","item":"https:\/\/www.linas.com.au\/lt\/services\/"},{"@type":"ListItem","position":3,"name":"Accomodation"}]},{"@type":"WebSite","@id":"https:\/\/www.linas.com.au\/#website","url":"https:\/\/www.linas.com.au\/","name":"Study In Australia","description":"","publisher":{"@id":"https:\/\/www.linas.com.au\/#organization"},"potentialAction":[{"@type":"SearchAction","target":{"@type":"EntryPoint","urlTemplate":"https:\/\/www.linas.com.au\/?s={search_term_string}"},"query-input":{"@type":"PropertyValueSpecification","valueRequired":true,"valueName":"search_term_string"}}],"inLanguage":"lt-LT"},{"@type":"Organization","@id":"https:\/\/www.linas.com.au\/#organization","name":"LinAs Student Agency","url":"https:\/\/www.linas.com.au\/","logo":{"@type":"ImageObject","inLanguage":"lt-LT","@id":"https:\/\/www.linas.com.au\/#\/schema\/logo\/image\/","url":"https:\/\/www.linas.com.au\/wp-content\/uploads\/2025\/12\/social_logo.jpg","contentUrl":"https:\/\/www.linas.com.au\/wp-content\/uploads\/2025\/12\/social_logo.jpg","width":800,"height":315,"caption":"LinAs Student Agency"},"image":{"@id":"https:\/\/www.linas.com.au\/#\/schema\/logo\/image\/"},"sameAs":["https:\/\/www.instagram.com\/linasaustralia\/"]}]}},"_links":{"self":[{"href":"https:\/\/www.linas.com.au\/lt\/wp-json\/wp\/v2\/pages\/29","targetHints":{"allow":["GET"]}}],"collection":[{"href":"https:\/\/www.linas.com.au\/lt\/wp-json\/wp\/v2\/pages"}],"about":[{"href":"https:\/\/www.linas.com.au\/lt\/wp-json\/wp\/v2\/types\/page"}],"author":[{"embeddable":true,"href":"https:\/\/www.linas.com.au\/lt\/wp-json\/wp\/v2\/users\/4"}],"replies":[{"embeddable":true,"href":"https:\/\/www.linas.com.au\/lt\/wp-json\/wp\/v2\/comments?post=29"}],"version-history":[{"count":15,"href":"https:\/\/www.linas.com.au\/lt\/wp-json\/wp\/v2\/pages\/29\/revisions"}],"predecessor-version":[{"id":10553,"href":"https:\/\/www.linas.com.au\/lt\/wp-json\/wp\/v2\/pages\/29\/revisions\/10553"}],"up":[{"embeddable":true,"href":"https:\/\/www.linas.com.au\/lt\/wp-json\/wp\/v2\/pages\/9103"}],"wp:attachment":[{"href":"https:\/\/www.linas.com.au\/lt\/wp-json\/wp\/v2\/media?parent=29"}],"curies":[{"name":"wp","href":"https:\/\/api.w.org\/{rel}","templated":true}]}}