     {"id":27,"date":"2021-01-30T16:11:12","date_gmt":"2021-01-30T16:11:12","guid":{"rendered":"https:\/\/www.linas.com.au\/?page_id=27"},"modified":"2025-12-19T11:36:33","modified_gmt":"2025-12-19T11:36:33","slug":"insurance","status":"publish","type":"page","link":"https:\/\/www.linas.com.au\/lt\/services\/insurance\/","title":{"rendered":"Draudimas"},"content":{"rendered":"<div data-elementor-type=\"wp-page\" data-elementor-id=\"27\" class=\"elementor elementor-27\" data-elementor-settings=\"{&quot;ha_cmc_init_switcher&quot;:&quot;no&quot;}\" data-elementor-post-type=\"page\">\n\t\t\t\t\t\t<section class=\"elementor-section elementor-top-section elementor-element elementor-element-2884917f elementor-section-height-min-height elementor-section-stretched elementor-section-items-top elementor-section-boxed elementor-section-height-default\" data-id=\"2884917f\" data-element_type=\"section\" data-e-type=\"section\" data-settings=\"{&quot;background_background&quot;:&quot;classic&quot;,&quot;stretch_section&quot;:&quot;section-stretched&quot;,&quot;shape_divider_bottom&quot;:&quot;tilt&quot;,&quot;_ha_eqh_enable&quot;:false}\">\n\t\t\t\t\t\t\t<div class=\"elementor-background-overlay\"><\/div>\n\t\t\t\t\t\t<div class=\"elementor-shape elementor-shape-bottom\" aria-hidden=\"true\" data-negative=\"false\">\n\t\t\t<svg xmlns=\"http:\/\/www.w3.org\/2000\/svg\" viewbox=\"0 0 1000 100\" preserveaspectratio=\"none\">\n\t<path class=\"elementor-shape-fill\" d=\"M0,6V0h1000v100L0,6z\"\/>\n<\/svg>\t\t<\/div>\n\t\t\t\t\t<div class=\"elementor-container elementor-column-gap-default\">\n\t\t\t\t\t<div class=\"elementor-column elementor-col-100 elementor-top-column elementor-element elementor-element-261e1623\" data-id=\"261e1623\" data-element_type=\"column\" data-e-type=\"column\">\n\t\t\t<div class=\"elementor-widget-wrap elementor-element-populated\">\n\t\t\t\t\t\t\t<\/div>\n\t\t<\/div>\n\t\t\t\t\t<\/div>\n\t\t<\/section>\n\t\t\t\t<section class=\"elementor-section elementor-top-section elementor-element elementor-element-2be4d1e5 elementor-section-stretched elementor-section-boxed elementor-section-height-default elementor-section-height-default\" data-id=\"2be4d1e5\" data-element_type=\"section\" data-e-type=\"section\" data-settings=\"{&quot;stretch_section&quot;:&quot;section-stretched&quot;,&quot;_ha_eqh_enable&quot;:false}\">\n\t\t\t\t\t\t<div class=\"elementor-container elementor-column-gap-default\">\n\t\t\t\t\t<div class=\"elementor-column elementor-col-100 elementor-top-column elementor-element elementor-element-53b8260b\" data-id=\"53b8260b\" data-element_type=\"column\" data-e-type=\"column\" data-settings=\"{&quot;background_background&quot;:&quot;classic&quot;}\">\n\t\t\t<div class=\"elementor-widget-wrap elementor-element-populated\">\n\t\t\t\t\t<div class=\"elementor-background-overlay\"><\/div>\n\t\t\t\t\t\t<div class=\"elementor-element elementor-element-e481431 elementor-widget elementor-widget-text-editor\" data-id=\"e481431\" data-element_type=\"widget\" data-e-type=\"widget\" data-widget_type=\"text-editor.default\">\n\t\t\t\t<div class=\"elementor-widget-container\">\n\t\t\t\t\t\t\t\t\t<h3 style=\"margin-top: 0px;\"><b>Sveikatos draudimas paprastas, nes jis i\u0161 tikr\u0173j\u0173 svarbus.<\/b><\/h3><p><img fetchpriority=\"high\" decoding=\"async\" class=\"alignnone size-full wp-image-4184\" style=\"border-radius: 13px;\" src=\"https:\/\/www.linas.com.au\/wp-content\/uploads\/2021\/05\/Untitled-design-3.png\" alt=\"insurance\" width=\"1200\" height=\"628\" srcset=\"https:\/\/www.linas.com.au\/wp-content\/uploads\/2021\/05\/Untitled-design-3.png 1200w, https:\/\/www.linas.com.au\/wp-content\/uploads\/2021\/05\/Untitled-design-3-300x157.png 300w, https:\/\/www.linas.com.au\/wp-content\/uploads\/2021\/05\/Untitled-design-3-1024x536.png 1024w, https:\/\/www.linas.com.au\/wp-content\/uploads\/2021\/05\/Untitled-design-3-768x402.png 768w\" sizes=\"(max-width: 1200px) 100vw, 1200px\" \/><\/p><p>\u00a0<\/p><p><span style=\"font-weight: 400;\">Kai atvyksite \u012f Australij\u0105, <\/span><b>sveikatos draudimas n\u0117ra neprivalomas - jis privalomas.<\/b><span style=\"font-weight: 400;\"> daugumai viz\u0173 tip\u0173. Nesvarbu, ar kreipiat\u0117s d\u0117l studento vizos, ar d\u0117l darbo atostog\u0173 vizos, ar d\u0117l ko nors kito, pad\u0117sime jums pasir\u016bpinti tinkamu draudimu nuo pat pirmos dienos.<\/span><\/p><h5><b>\ud83c\udfaf Su kuo mes padedame<\/b><\/h5><ul><li style=\"font-weight: 400;\" aria-level=\"1\"><span style=\"font-weight: 400;\">Pasirinkti tinkam\u0105 <\/span><b>health Cover<\/b><span style=\"font-weight: 400;\">\u00a0pagal j\u016bs\u0173 viz\u0105 (OSHC arba OVHC).<\/span><span style=\"font-weight: 400;\"><br \/><\/span><\/li><li style=\"font-weight: 400;\" aria-level=\"1\"><span style=\"font-weight: 400;\">Draudimo apsaugos aktyvavimas prie\u0161 atvykstant arba atvykus<\/span><span style=\"font-weight: 400;\"><br \/><\/span><\/li><li style=\"font-weight: 400;\" aria-level=\"1\"><span style=\"font-weight: 400;\">Organizuokite savo <\/span><b>sveikatos kortel\u0117<\/b><span style=\"font-weight: 400;\"> - kad b\u016btum\u0117te apsaugoti nuo pirmos dienos<\/span><span style=\"font-weight: 400;\"><br \/><\/span><\/li><li style=\"font-weight: 400;\" aria-level=\"1\"><span style=\"font-weight: 400;\">Atsakymai \u012f j\u016bs\u0173 klausimus apie bendrosios praktikos gydytojus, ligonines, pretenzijas ir draudim\u0105<\/span><span style=\"font-weight: 400;\"><br \/><\/span><\/li><li style=\"font-weight: 400;\" aria-level=\"1\"><span style=\"font-weight: 400;\">Pagalba jums sprend\u017eiant bet kokius klausimus, susijusius su <\/span><b>draudimo poliso prat\u0119simai arba pretenzijos.<\/b><b><br \/><\/b><\/li><\/ul><h5><b>\ud83e\uddfe OSHC ir OVHC - kas yra kas?<\/b><\/h5><ul><li style=\"font-weight: 400;\" aria-level=\"1\"><b>OSHC<\/b><span style=\"font-weight: 400;\"> (U\u017esienyje gyvenan\u010di\u0173 student\u0173 sveikatos draudimas): privalomas student\u0173 viz\u0173 tur\u0117tojams.<\/span><span style=\"font-weight: 400;\"><br \/><\/span><\/li><li style=\"font-weight: 400;\" aria-level=\"1\"><b>OVHC<\/b><span style=\"font-weight: 400;\"> (U\u017esienio lankytoj\u0173 sveikatos draudimas): reikalingas kitiems laikin\u0173j\u0173 viz\u0173 tur\u0117tojams.<\/span><span style=\"font-weight: 400;\"><br \/><\/span><\/li><\/ul><p><span style=\"font-weight: 400;\">Ne\u017einote, kuris i\u0161 j\u0173 jums tinka? Visk\u0105 paai\u0161kinsime ai\u0161kiai - jokio draudimo \u017eargono, joki\u0173 sp\u0117lioni\u0173.<\/span><\/p><h5><b>\u2705 Padarykime tai lengviau<\/b><\/h5><p><span style=\"font-weight: 400;\">No one likes insurance paperwork. <a href=\"https:\/\/www.linas.com.au\/lt\/linas-contact-us\/\">Let us handle<\/a> it so you can focus on enjoying your time in Australia.<\/span><\/p>\t\t\t\t\t\t\t\t<\/div>\n\t\t\t\t<\/div>\n\t\t\t\t<div class=\"elementor-element elementor-element-69b237c8 elementor-widget__width-auto get-free-consultation elementor-widget elementor-widget-button\" data-id=\"69b237c8\" data-element_type=\"widget\" data-e-type=\"widget\" data-widget_type=\"button.default\">\n\t\t\t\t<div class=\"elementor-widget-container\">\n\t\t\t\t\t\t\t\t\t<div class=\"elementor-button-wrapper\">\n\t\t\t\t\t<a class=\"elementor-button elementor-button-link elementor-size-sm elementor-animation-float\" href=\"\/lt\/linas-contact-us\/\">\n\t\t\t\t\t\t<span class=\"elementor-button-content-wrapper\">\n\t\t\t\t\t\t\t\t\t<span class=\"elementor-button-text\">Pasikalb\u0117kite su mumis apie savo sveikatos draudim\u0105<\/span>\n\t\t\t\t\t<\/span>\n\t\t\t\t\t<\/a>\n\t\t\t\t<\/div>\n\t\t\t\t\t\t\t\t<\/div>\n\t\t\t\t<\/div>\n\t\t\t\t\t<\/div>\n\t\t<\/div>\n\t\t\t\t\t<\/div>\n\t\t<\/section>\n\t\t\t\t<\/div>","protected":false},"excerpt":{"rendered":"<p>Health cover made simple &#8211; because it actually matters. \u00a0 When you come to Australia, health insurance isn\u2019t optional \u2014 it\u2019s required for most visa types. Whether you\u2019re applying for a Student Visa, a Working Holiday Visa, or something else, we\u2019ll help you get the right insurance in place from day one. \ud83c\udfaf What We [&hellip;]<\/p>\n","protected":false},"author":4,"featured_media":0,"parent":9103,"menu_order":0,"comment_status":"closed","ping_status":"closed","template":"","meta":{"footnotes":""},"class_list":["post-27","page","type-page","status-publish","hentry"],"yoast_head":"<!-- This site is optimized with the Yoast SEO plugin v27.2 - https:\/\/yoast.com\/product\/yoast-seo-wordpress\/ -->\n<title>Insurance - Study In Australia<\/title>\n<meta name=\"description\" content=\"Get the right Insurance in Australia. We help students and temporary visa holders choose, activate, and manage health cover from day one.\" \/>\n<meta name=\"robots\" content=\"index, follow, max-snippet:-1, max-image-preview:large, max-video-preview:-1\" \/>\n<link rel=\"canonical\" href=\"https:\/\/www.linas.com.au\/lt\/services\/insurance\/\" \/>\n<meta property=\"og:locale\" content=\"lt_LT\" \/>\n<meta property=\"og:type\" content=\"article\" \/>\n<meta property=\"og:title\" content=\"Insurance - Study In Australia\" \/>\n<meta property=\"og:description\" content=\"Get the right Insurance in Australia. We help students and temporary visa holders choose, activate, and manage health cover from day one.\" \/>\n<meta property=\"og:url\" content=\"https:\/\/www.linas.com.au\/lt\/services\/insurance\/\" \/>\n<meta property=\"og:site_name\" content=\"Study In Australia\" \/>\n<meta property=\"article:modified_time\" content=\"2025-12-19T11:36:33+00:00\" \/>\n<meta property=\"og:image\" content=\"https:\/\/www.linas.com.au\/wp-content\/uploads\/2021\/05\/Untitled-design-3.png\" \/>\n<meta name=\"twitter:card\" content=\"summary_large_image\" \/>\n<meta name=\"twitter:label1\" content=\"Est. reading time\" \/>\n\t<meta name=\"twitter:data1\" content=\"1 minut\u0117\" \/>\n<script type=\"application\/ld+json\" class=\"yoast-schema-graph\">{\"@context\":\"https:\/\/schema.org\",\"@graph\":[{\"@type\":\"WebPage\",\"@id\":\"https:\/\/www.linas.com.au\/et\/services\/insurance\/\",\"url\":\"https:\/\/www.linas.com.au\/et\/services\/insurance\/\",\"name\":\"Insurance - Study In Australia\",\"isPartOf\":{\"@id\":\"https:\/\/www.linas.com.au\/lt\/#website\"},\"primaryImageOfPage\":{\"@id\":\"https:\/\/www.linas.com.au\/et\/services\/insurance\/#primaryimage\"},\"image\":{\"@id\":\"https:\/\/www.linas.com.au\/et\/services\/insurance\/#primaryimage\"},\"thumbnailUrl\":\"https:\/\/www.linas.com.au\/wp-content\/uploads\/2021\/05\/Untitled-design-3.png\",\"datePublished\":\"2021-01-30T16:11:12+00:00\",\"dateModified\":\"2025-12-19T11:36:33+00:00\",\"description\":\"Get the right Insurance in Australia. We help students and temporary visa holders choose, activate, and manage health cover from day one.\",\"breadcrumb\":{\"@id\":\"https:\/\/www.linas.com.au\/et\/services\/insurance\/#breadcrumb\"},\"inLanguage\":\"lt-LT\",\"potentialAction\":[{\"@type\":\"ReadAction\",\"target\":[\"https:\/\/www.linas.com.au\/et\/services\/insurance\/\"]}]},{\"@type\":\"ImageObject\",\"inLanguage\":\"lt-LT\",\"@id\":\"https:\/\/www.linas.com.au\/et\/services\/insurance\/#primaryimage\",\"url\":\"https:\/\/www.linas.com.au\/wp-content\/uploads\/2021\/05\/Untitled-design-3.png\",\"contentUrl\":\"https:\/\/www.linas.com.au\/wp-content\/uploads\/2021\/05\/Untitled-design-3.png\"},{\"@type\":\"BreadcrumbList\",\"@id\":\"https:\/\/www.linas.com.au\/et\/services\/insurance\/#breadcrumb\",\"itemListElement\":[{\"@type\":\"ListItem\",\"position\":1,\"name\":\"Home\",\"item\":\"https:\/\/www.linas.com.au\/et\/\"},{\"@type\":\"ListItem\",\"position\":2,\"name\":\"Services\",\"item\":\"https:\/\/www.linas.com.au\/services\/\"},{\"@type\":\"ListItem\",\"position\":3,\"name\":\"Insurance\"}]},{\"@type\":\"WebSite\",\"@id\":\"https:\/\/www.linas.com.au\/lt\/#website\",\"url\":\"https:\/\/www.linas.com.au\/lt\/\",\"name\":\"Study In Australia\",\"description\":\"\",\"publisher\":{\"@id\":\"https:\/\/www.linas.com.au\/lt\/#organization\"},\"potentialAction\":[{\"@type\":\"SearchAction\",\"target\":{\"@type\":\"EntryPoint\",\"urlTemplate\":\"https:\/\/www.linas.com.au\/lt\/?s={search_term_string}\"},\"query-input\":{\"@type\":\"PropertyValueSpecification\",\"valueRequired\":true,\"valueName\":\"search_term_string\"}}],\"inLanguage\":\"lt-LT\"},{\"@type\":\"Organization\",\"@id\":\"https:\/\/www.linas.com.au\/lt\/#organization\",\"name\":\"LinAs Student Agency\",\"url\":\"https:\/\/www.linas.com.au\/lt\/\",\"logo\":{\"@type\":\"ImageObject\",\"inLanguage\":\"lt-LT\",\"@id\":\"https:\/\/www.linas.com.au\/lt\/#\/schema\/logo\/image\/\",\"url\":\"https:\/\/www.linas.com.au\/wp-content\/uploads\/2025\/12\/social_logo.jpg\",\"contentUrl\":\"https:\/\/www.linas.com.au\/wp-content\/uploads\/2025\/12\/social_logo.jpg\",\"width\":800,\"height\":315,\"caption\":\"LinAs Student Agency\"},\"image\":{\"@id\":\"https:\/\/www.linas.com.au\/lt\/#\/schema\/logo\/image\/\"},\"sameAs\":[\"https:\/\/www.instagram.com\/linasaustralia\/\"]}]}<\/script>\n<!-- \/ Yoast SEO plugin. -->","yoast_head_json":{"title":"Draudimas | Studijos Australijoje","description":"Padedame studentams ir laikin\u0173 viz\u0173 tur\u0117tojams Australijoje pasirinkti, aktyvuoti ir valdyti sveikatos draudim\u0105 nuo pirmos dienos.","robots":{"index":"index","follow":"follow","max-snippet":"max-snippet:-1","max-image-preview":"max-image-preview:large","max-video-preview":"max-video-preview:-1"},"canonical":"https:\/\/www.linas.com.au\/lt\/services\/insurance\/","og_locale":"lt_LT","og_type":"article","og_title":"Insurance - Study In Australia","og_description":"Get the right Insurance in Australia. We help students and temporary visa holders choose, activate, and manage health cover from day one.","og_url":"https:\/\/www.linas.com.au\/lt\/services\/insurance\/","og_site_name":"Study In Australia","article_modified_time":"2025-12-19T11:36:33+00:00","og_image":[{"url":"https:\/\/www.linas.com.au\/wp-content\/uploads\/2021\/05\/Untitled-design-3.png","type":"","width":"","height":""}],"twitter_card":"summary_large_image","twitter_misc":{"Est. reading time":"1 minut\u0117"},"schema":{"@context":"https:\/\/schema.org","@graph":[{"@type":"WebPage","@id":"https:\/\/www.linas.com.au\/et\/services\/insurance\/","url":"https:\/\/www.linas.com.au\/et\/services\/insurance\/","name":"Draudimas | Studijos Australijoje","isPartOf":{"@id":"https:\/\/www.linas.com.au\/lt\/#website"},"primaryImageOfPage":{"@id":"https:\/\/www.linas.com.au\/et\/services\/insurance\/#primaryimage"},"image":{"@id":"https:\/\/www.linas.com.au\/et\/services\/insurance\/#primaryimage"},"thumbnailUrl":"https:\/\/www.linas.com.au\/wp-content\/uploads\/2021\/05\/Untitled-design-3.png","datePublished":"2021-01-30T16:11:12+00:00","dateModified":"2025-12-19T11:36:33+00:00","description":"Padedame studentams ir laikin\u0173 viz\u0173 tur\u0117tojams Australijoje pasirinkti, aktyvuoti ir valdyti sveikatos draudim\u0105 nuo pirmos dienos.","breadcrumb":{"@id":"https:\/\/www.linas.com.au\/et\/services\/insurance\/#breadcrumb"},"inLanguage":"lt-LT","potentialAction":[{"@type":"ReadAction","target":["https:\/\/www.linas.com.au\/et\/services\/insurance\/"]}]},{"@type":"ImageObject","inLanguage":"lt-LT","@id":"https:\/\/www.linas.com.au\/et\/services\/insurance\/#primaryimage","url":"https:\/\/www.linas.com.au\/wp-content\/uploads\/2021\/05\/Untitled-design-3.png","contentUrl":"https:\/\/www.linas.com.au\/wp-content\/uploads\/2021\/05\/Untitled-design-3.png"},{"@type":"BreadcrumbList","@id":"https:\/\/www.linas.com.au\/et\/services\/insurance\/#breadcrumb","itemListElement":[{"@type":"ListItem","position":1,"name":"Home","item":"https:\/\/www.linas.com.au\/et\/"},{"@type":"ListItem","position":2,"name":"Services","item":"https:\/\/www.linas.com.au\/services\/"},{"@type":"ListItem","position":3,"name":"Insurance"}]},{"@type":"WebSite","@id":"https:\/\/www.linas.com.au\/lt\/#website","url":"https:\/\/www.linas.com.au\/lt\/","name":"Study In Australia","description":"","publisher":{"@id":"https:\/\/www.linas.com.au\/lt\/#organization"},"potentialAction":[{"@type":"SearchAction","target":{"@type":"EntryPoint","urlTemplate":"https:\/\/www.linas.com.au\/lt\/?s={search_term_string}"},"query-input":{"@type":"PropertyValueSpecification","valueRequired":true,"valueName":"search_term_string"}}],"inLanguage":"lt-LT"},{"@type":"Organization","@id":"https:\/\/www.linas.com.au\/lt\/#organization","name":"LinAs Student Agency","url":"https:\/\/www.linas.com.au\/lt\/","logo":{"@type":"ImageObject","inLanguage":"lt-LT","@id":"https:\/\/www.linas.com.au\/lt\/#\/schema\/logo\/image\/","url":"https:\/\/www.linas.com.au\/wp-content\/uploads\/2025\/12\/social_logo.jpg","contentUrl":"https:\/\/www.linas.com.au\/wp-content\/uploads\/2025\/12\/social_logo.jpg","width":800,"height":315,"caption":"LinAs Student Agency"},"image":{"@id":"https:\/\/www.linas.com.au\/lt\/#\/schema\/logo\/image\/"},"sameAs":["https:\/\/www.instagram.com\/linasaustralia\/"]}]}},"_links":{"self":[{"href":"https:\/\/www.linas.com.au\/lt\/wp-json\/wp\/v2\/pages\/27","targetHints":{"allow":["GET"]}}],"collection":[{"href":"https:\/\/www.linas.com.au\/lt\/wp-json\/wp\/v2\/pages"}],"about":[{"href":"https:\/\/www.linas.com.au\/lt\/wp-json\/wp\/v2\/types\/page"}],"author":[{"embeddable":true,"href":"https:\/\/www.linas.com.au\/lt\/wp-json\/wp\/v2\/users\/4"}],"replies":[{"embeddable":true,"href":"https:\/\/www.linas.com.au\/lt\/wp-json\/wp\/v2\/comments?post=27"}],"version-history":[{"count":22,"href":"https:\/\/www.linas.com.au\/lt\/wp-json\/wp\/v2\/pages\/27\/revisions"}],"predecessor-version":[{"id":10547,"href":"https:\/\/www.linas.com.au\/lt\/wp-json\/wp\/v2\/pages\/27\/revisions\/10547"}],"up":[{"embeddable":true,"href":"https:\/\/www.linas.com.au\/lt\/wp-json\/wp\/v2\/pages\/9103"}],"wp:attachment":[{"href":"https:\/\/www.linas.com.au\/lt\/wp-json\/wp\/v2\/media?parent=27"}],"curies":[{"name":"wp","href":"https:\/\/api.w.org\/{rel}","templated":true}]}}