     {"id":9812,"date":"2025-08-07T15:02:24","date_gmt":"2025-08-07T15:02:24","guid":{"rendered":"https:\/\/www.linas.com.au\/?page_id=9812"},"modified":"2025-08-07T15:04:56","modified_gmt":"2025-08-07T15:04:56","slug":"permanent-residency-need-maagilised-sonad-millest-koik-raagivad","status":"publish","type":"page","link":"https:\/\/www.linas.com.au\/et\/permanent-residency-need-maagilised-sonad-millest-koik-raagivad\/","title":{"rendered":"Permanent Residency \u2013 need maagilised s\u00f5nad, millest k\u00f5ik r\u00e4\u00e4givad"},"content":{"rendered":"<div data-elementor-type=\"wp-page\" data-elementor-id=\"9812\" class=\"elementor elementor-9812\" data-elementor-settings=\"{&quot;ha_cmc_init_switcher&quot;:&quot;no&quot;}\" data-elementor-post-type=\"page\">\n\t\t\t\t\t\t<section class=\"elementor-section elementor-top-section elementor-element elementor-element-dacc8fc elementor-section-height-min-height elementor-section-stretched elementor-section-boxed elementor-section-height-default elementor-section-items-middle\" data-id=\"dacc8fc\" data-element_type=\"section\" data-e-type=\"section\" data-settings=\"{&quot;background_background&quot;:&quot;classic&quot;,&quot;shape_divider_bottom&quot;:&quot;tilt&quot;,&quot;stretch_section&quot;:&quot;section-stretched&quot;,&quot;_ha_eqh_enable&quot;:false}\">\n\t\t\t\t\t\t\t<div class=\"elementor-background-overlay\"><\/div>\n\t\t\t\t\t\t<div class=\"elementor-shape elementor-shape-bottom\" aria-hidden=\"true\" data-negative=\"false\">\n\t\t\t<svg xmlns=\"http:\/\/www.w3.org\/2000\/svg\" viewbox=\"0 0 1000 100\" preserveaspectratio=\"none\">\n\t<path class=\"elementor-shape-fill\" d=\"M0,6V0h1000v100L0,6z\"\/>\n<\/svg>\t\t<\/div>\n\t\t\t\t\t<div class=\"elementor-container elementor-column-gap-default\">\n\t\t\t\t\t<div class=\"elementor-column elementor-col-100 elementor-top-column elementor-element elementor-element-2b2ca40f elementor-hidden-desktop elementor-hidden-tablet elementor-hidden-mobile\" data-id=\"2b2ca40f\" data-element_type=\"column\" data-e-type=\"column\">\n\t\t\t<div class=\"elementor-widget-wrap elementor-element-populated\">\n\t\t\t\t\t\t<div class=\"elementor-element elementor-element-1b262a2d elementor-widget elementor-widget-theme-post-title elementor-page-title elementor-widget-heading\" data-id=\"1b262a2d\" data-element_type=\"widget\" data-e-type=\"widget\" data-widget_type=\"theme-post-title.default\">\n\t\t\t\t<div class=\"elementor-widget-container\">\n\t\t\t\t\t<h1 class=\"elementor-heading-title elementor-size-default\">Permanent Residency \u2013 need maagilised s\u00f5nad, millest k\u00f5ik r\u00e4\u00e4givad<\/h1>\t\t\t\t<\/div>\n\t\t\t\t<\/div>\n\t\t\t\t\t<\/div>\n\t\t<\/div>\n\t\t\t\t\t<\/div>\n\t\t<\/section>\n\t\t\t\t<section class=\"elementor-section elementor-top-section elementor-element elementor-element-7a5d1632 elementor-section-stretched elementor-section-boxed elementor-section-height-default elementor-section-height-default\" data-id=\"7a5d1632\" data-element_type=\"section\" data-e-type=\"section\" data-settings=\"{&quot;stretch_section&quot;:&quot;section-stretched&quot;,&quot;_ha_eqh_enable&quot;:false}\">\n\t\t\t\t\t\t<div class=\"elementor-container elementor-column-gap-default\">\n\t\t\t\t\t<div class=\"elementor-column elementor-col-100 elementor-top-column elementor-element elementor-element-64a914a4\" data-id=\"64a914a4\" data-element_type=\"column\" data-e-type=\"column\" data-settings=\"{&quot;background_background&quot;:&quot;classic&quot;}\">\n\t\t\t<div class=\"elementor-widget-wrap elementor-element-populated\">\n\t\t\t\t\t<div class=\"elementor-background-overlay\"><\/div>\n\t\t\t\t\t\t<section class=\"elementor-section elementor-inner-section elementor-element elementor-element-19dae31f elementor-section-boxed elementor-section-height-default elementor-section-height-default\" data-id=\"19dae31f\" data-element_type=\"section\" data-e-type=\"section\" data-settings=\"{&quot;_ha_eqh_enable&quot;:false}\">\n\t\t\t\t\t\t<div class=\"elementor-container elementor-column-gap-default\">\n\t\t\t\t\t<div class=\"elementor-column elementor-col-100 elementor-inner-column elementor-element elementor-element-5d79cf66\" data-id=\"5d79cf66\" data-element_type=\"column\" data-e-type=\"column\">\n\t\t\t<div class=\"elementor-widget-wrap elementor-element-populated\">\n\t\t\t\t\t\t<div class=\"elementor-element elementor-element-922efba elementor-widget elementor-widget-text-editor\" data-id=\"922efba\" data-element_type=\"widget\" data-e-type=\"widget\" data-widget_type=\"text-editor.default\">\n\t\t\t\t<div class=\"elementor-widget-container\">\n\t\t\t\t\t\t\t\t\t<h3><b>Permanent Residency \u2013 need maagilised s\u00f5nad, millest k\u00f5ik r\u00e4\u00e4givad.<\/b><\/h3><h5><b>Aga kuidas sinna tegelikult j\u00f5uda?<\/b><\/h5><p><span style=\"font-weight: 400;\">Kas oled kunagi m\u00f5elnud, et sooviksid Austraaliasse j\u00e4\u00e4da kauemaks kui lihtsalt \u201cpaariks aastaks seiklema\u201d? Kui jah, siis see tekst siin on m\u00f5eldud sulle.<\/span><\/p><p><span style=\"font-weight: 400;\">Kui soovid minna \u00f5ppima, on oluline meeles pidada, et m\u00f5ned erialad ei paku mitte ainult t\u00f6\u00f6d, vaid avavad ka tee viisadele, mis v\u00f5ivad viia sind <\/span><b>alalise elamisloani (PR)<\/b><span style=\"font-weight: 400;\">.\u00a0<\/span><\/p><p><span style=\"font-weight: 400;\">Allpool toome v\u00e4lja m\u00f5ned erialad, mis aitavad j\u00e4rgmisteks sammudeks sulle uksed avada.\u00a0<\/span><\/p><p><b>Puusepat\u00f6\u00f6 v\u00f5i m\u00f6\u00f6blivalmistaja<\/b><b><br \/><\/b><span style=\"font-weight: 400;\">Kui naudid ehitamist, nokitsemist ja t\u00f6\u00f6riistu, siis need erialad on loodud sulle.<\/span><span style=\"font-weight: 400;\"><br \/><\/span> <i><span style=\"font-weight: 400;\">Kursus:<\/span><\/i><span style=\"font-weight: 400;\"> Certificate III in Carpentry v\u00f5i Cabinet Making and Timber Technology<\/span><span style=\"font-weight: 400;\"><br \/><\/span> <i><span style=\"font-weight: 400;\">T\u00f6\u00f6:<\/span><\/i><span style=\"font-weight: 400;\"> Ehitustel, siset\u00f6\u00f6del v\u00f5i eritellimusm\u00f6\u00f6blit valmistades<\/span><span style=\"font-weight: 400;\"><br \/><\/span> <i><span style=\"font-weight: 400;\">Miks valida?<\/span><\/i><span style=\"font-weight: 400;\"> Selles valdkonnas on t\u00f6\u00f6pakkumisi rohkem kui tegijaid.<\/span><\/p><p><span style=\"font-weight: 400;\">\u00a0<\/span><b>V\u00e4rvimine &amp; viimistlu<\/b><b><br \/><\/b><span style=\"font-weight: 400;\"> Kas naudid ruumide uuendamist ning sul on hea silm detailidele? Siis see on sulle.<\/span><span style=\"font-weight: 400;\"><br \/><\/span> <i><span style=\"font-weight: 400;\">Kursus:<\/span><\/i><span style=\"font-weight: 400;\"> Certificate III in Painting and Decorating<\/span><span style=\"font-weight: 400;\"><br \/><\/span> <i><span style=\"font-weight: 400;\">T\u00f6\u00f6:<\/span><\/i><span style=\"font-weight: 400;\"> Seinad, laed, aktsentseinad \u2013 kodud, b\u00fcrood, poed<\/span><span style=\"font-weight: 400;\"><br \/><\/span> <i><span style=\"font-weight: 400;\">Miks valida?<\/span><\/i><span style=\"font-weight: 400;\"> Saad t\u00f6\u00f6otsad kiiresti k\u00e4tte ja sul on alati midagi n\u00e4idata \u2013 p\u00e4ris s\u00f5na otseses m\u00f5ttes!<\/span><\/p><p><span style=\"font-weight: 400;\">\u00a0<\/span><b>Automehaani<\/b><b><br \/><\/b><span style=\"font-weight: 400;\"> Kui sulle meeldib asju lahti v\u00f5tta ja kokku panna (nii, et need hiljem ka t\u00f6\u00f6taks), siis see on ideaalne valik.<\/span><span style=\"font-weight: 400;\"><br \/><\/span> <i><span style=\"font-weight: 400;\">Kursus:<\/span><\/i><span style=\"font-weight: 400;\"> Certificate III in Light Vehicle Mechanical Technology<\/span><span style=\"font-weight: 400;\"><br \/><\/span> <i><span style=\"font-weight: 400;\">T\u00f6\u00f6:<\/span><\/i><span style=\"font-weight: 400;\"> T\u00f6\u00f6kodades, esindustes v\u00f5i isegi omaenda garaa\u017eis<\/span><span style=\"font-weight: 400;\"><br \/><\/span> <i><span style=\"font-weight: 400;\">Miks valida?<\/span><\/i><span style=\"font-weight: 400;\"> Parandamist vajavad autod ei saa kunagi otsa.<\/span><\/p><p><span style=\"font-weight: 400;\">\ud83c\udf93 <\/span><b>Otsid midagi akadeemilisemat? Siin on valik \u00fclikoolierialasid:<\/b><\/p><ul><li style=\"font-weight: 400;\" aria-level=\"1\"><b>\u00d5endus<\/b><span style=\"font-weight: 400;\"><br \/><\/span><\/li><li style=\"font-weight: 400;\" aria-level=\"1\"><b>\u00d5petamine<\/b><span style=\"font-weight: 400;\"><br \/><\/span><\/li><li style=\"font-weight: 400;\" aria-level=\"1\"><b>Sotsiaalt\u00f6\u00f6<\/b><span style=\"font-weight: 400;\"><br \/><\/span><\/li><li style=\"font-weight: 400;\" aria-level=\"1\"><b>Ehituse projektijuhtimine<\/b><span style=\"font-weight: 400;\"><br \/><\/span><\/li><li style=\"font-weight: 400;\" aria-level=\"1\"><b>K\u00fcberkaitse<\/b><span style=\"font-weight: 400;\"><br \/><\/span><\/li><\/ul><p><span style=\"font-weight: 400;\">Need erialad kuuluvad sageli ametlikesse oskust\u00f6\u00f6de nimekirjadesse ja annavad v\u00f5imaluse taotleda <\/span><i><span style=\"font-weight: 400;\">Temporary Graduate Visa\u2019t (subclass 485)<\/span><\/i><span style=\"font-weight: 400;\">, mis on tihti esimene samm PR-i suunas.<\/span><\/p><h5><b>\u00a0<\/b><b><\/b><b>Mis n\u00fc\u00fcd edasi?<\/b><\/h5><p><span style=\"font-weight: 400;\">Kui su peas keerlevad k\u00fcsimused nagu:<\/span><span style=\"font-weight: 400;\"><br \/><\/span><span style=\"font-weight: 400;\"> \u27a1 \u201cMis eriala mulle sobiks?\u201d<\/span><span style=\"font-weight: 400;\"><br \/><\/span><span style=\"font-weight: 400;\"> \u27a1 \u201cKas peaksin minema kutsekooli v\u00f5i \u00fclikooli?\u201d<\/span><span style=\"font-weight: 400;\"><br \/><\/span><span style=\"font-weight: 400;\"> \u27a1 \u201cKui palju see k\u00f5ik maksab?\u201d<\/span><\/p><p><span style=\"font-weight: 400;\">&#8230;siis rahu, me aitame.<\/span><\/p><p><b>J\u00e4ta meile oma kontakt ja meie konsultant Susanna v\u00f5tab sinuga eesti keeles \u00fchendust. <\/b><span style=\"font-weight: 400;\"><br \/><\/span><span style=\"font-weight: 400;\">Teeme koos plaani, mis on just sulle loodud!<\/span><\/p><p><span style=\"font-weight: 400;\">*<\/span><i><span style=\"font-weight: 400;\">See info on \u00fcldine ega asenda migratsioonin\u00f5ustamist. T\u00e4psema n\u00f5u saamiseks v\u00f5ta meiega palun \u00fchendust ja viime sind kokku registreeritud migratsiooni agendiga.<\/span><\/i><\/p>\t\t\t\t\t\t\t\t<\/div>\n\t\t\t\t<\/div>\n\t\t\t\t<div class=\"elementor-element elementor-element-2bd30891 elementor-widget__width-auto get-free-consultation elementor-widget elementor-widget-button\" data-id=\"2bd30891\" data-element_type=\"widget\" data-e-type=\"widget\" data-widget_type=\"button.default\">\n\t\t\t\t<div class=\"elementor-widget-container\">\n\t\t\t\t\t\t\t\t\t<div class=\"elementor-button-wrapper\">\n\t\t\t\t\t<a class=\"elementor-button elementor-button-link elementor-size-sm elementor-animation-float\" href=\"\/et\/linas-contact-us\/\">\n\t\t\t\t\t\t<span class=\"elementor-button-content-wrapper\">\n\t\t\t\t\t\t\t\t\t<span class=\"elementor-button-text\">V\u00f5ta meiega \u00fchendust<\/span>\n\t\t\t\t\t<\/span>\n\t\t\t\t\t<\/a>\n\t\t\t\t<\/div>\n\t\t\t\t\t\t\t\t<\/div>\n\t\t\t\t<\/div>\n\t\t\t\t\t<\/div>\n\t\t<\/div>\n\t\t\t\t\t<\/div>\n\t\t<\/section>\n\t\t\t\t\t<\/div>\n\t\t<\/div>\n\t\t\t\t\t<\/div>\n\t\t<\/section>\n\t\t\t\t<\/div>","protected":false},"excerpt":{"rendered":"<p>Permanent Residency \u2013 need maagilised s\u00f5nad, millest k\u00f5ik r\u00e4\u00e4givad. Aga kuidas sinna tegelikult j\u00f5uda? Kas oled kunagi m\u00f5elnud, et sooviksid Austraaliasse j\u00e4\u00e4da kauemaks kui lihtsalt \u201cpaariks aastaks seiklema\u201d? Kui jah, siis see tekst siin on m\u00f5eldud sulle. Kui soovid minna \u00f5ppima, on oluline meeles pidada, et m\u00f5ned erialad ei paku mitte ainult t\u00f6\u00f6d, vaid avavad [&hellip;]<\/p>\n","protected":false},"author":2,"featured_media":0,"parent":0,"menu_order":0,"comment_status":"closed","ping_status":"closed","template":"","meta":{"footnotes":""},"class_list":["post-9812","page","type-page","status-publish","hentry"],"yoast_head":"<!-- This site is optimized with the Yoast SEO plugin v27.5 - https:\/\/yoast.com\/product\/yoast-seo-wordpress\/ -->\n<title>Permanent Residency \u2013 need maagilised s\u00f5nad, millest k\u00f5ik r\u00e4\u00e4givad - Study In Australia<\/title>\n<meta name=\"robots\" content=\"index, follow, max-snippet:-1, max-image-preview:large, max-video-preview:-1\" \/>\n<link rel=\"canonical\" href=\"https:\/\/www.linas.com.au\/et\/permanent-residency-need-maagilised-sonad-millest-koik-raagivad\/\" \/>\n<meta property=\"og:locale\" content=\"et_EE\" \/>\n<meta property=\"og:type\" content=\"article\" \/>\n<meta property=\"og:title\" content=\"Permanent Residency \u2013 need maagilised s\u00f5nad, millest k\u00f5ik r\u00e4\u00e4givad - Study In Australia\" \/>\n<meta property=\"og:description\" content=\"Permanent Residency \u2013 need maagilised s\u00f5nad, millest k\u00f5ik r\u00e4\u00e4givad. Aga kuidas sinna tegelikult j\u00f5uda? Kas oled kunagi m\u00f5elnud, et sooviksid Austraaliasse j\u00e4\u00e4da kauemaks kui lihtsalt \u201cpaariks aastaks seiklema\u201d? Kui jah, siis see tekst siin on m\u00f5eldud sulle. Kui soovid minna \u00f5ppima, on oluline meeles pidada, et m\u00f5ned erialad ei paku mitte ainult t\u00f6\u00f6d, vaid avavad [&hellip;]\" \/>\n<meta property=\"og:url\" content=\"https:\/\/www.linas.com.au\/et\/permanent-residency-need-maagilised-sonad-millest-koik-raagivad\/\" \/>\n<meta property=\"og:site_name\" content=\"Study In Australia\" \/>\n<meta property=\"article:modified_time\" content=\"2025-08-07T15:04:56+00:00\" \/>\n<meta name=\"twitter:card\" content=\"summary_large_image\" \/>\n<meta name=\"twitter:label1\" content=\"Est. reading time\" \/>\n\t<meta name=\"twitter:data1\" content=\"2 minutit\" \/>\n<script type=\"application\/ld+json\" class=\"yoast-schema-graph\">{\"@context\":\"https:\\\/\\\/schema.org\",\"@graph\":[{\"@type\":\"WebPage\",\"@id\":\"https:\\\/\\\/www.linas.com.au\\\/permanent-residency-need-maagilised-sonad-millest-koik-raagivad\\\/\",\"url\":\"https:\\\/\\\/www.linas.com.au\\\/permanent-residency-need-maagilised-sonad-millest-koik-raagivad\\\/\",\"name\":\"Permanent Residency \u2013 need maagilised s\u00f5nad, millest k\u00f5ik r\u00e4\u00e4givad - Study In Australia\",\"isPartOf\":{\"@id\":\"https:\\\/\\\/www.linas.com.au\\\/#website\"},\"datePublished\":\"2025-08-07T15:02:24+00:00\",\"dateModified\":\"2025-08-07T15:04:56+00:00\",\"breadcrumb\":{\"@id\":\"https:\\\/\\\/www.linas.com.au\\\/permanent-residency-need-maagilised-sonad-millest-koik-raagivad\\\/#breadcrumb\"},\"inLanguage\":\"et\",\"potentialAction\":[{\"@type\":\"ReadAction\",\"target\":[\"https:\\\/\\\/www.linas.com.au\\\/permanent-residency-need-maagilised-sonad-millest-koik-raagivad\\\/\"]}]},{\"@type\":\"BreadcrumbList\",\"@id\":\"https:\\\/\\\/www.linas.com.au\\\/permanent-residency-need-maagilised-sonad-millest-koik-raagivad\\\/#breadcrumb\",\"itemListElement\":[{\"@type\":\"ListItem\",\"position\":1,\"name\":\"Home\",\"item\":\"https:\\\/\\\/www.linas.com.au\\\/\"},{\"@type\":\"ListItem\",\"position\":2,\"name\":\"Permanent Residency \u2013 need maagilised s\u00f5nad, millest k\u00f5ik r\u00e4\u00e4givad\"}]},{\"@type\":\"WebSite\",\"@id\":\"https:\\\/\\\/www.linas.com.au\\\/#website\",\"url\":\"https:\\\/\\\/www.linas.com.au\\\/\",\"name\":\"Study In Australia\",\"description\":\"\",\"publisher\":{\"@id\":\"https:\\\/\\\/www.linas.com.au\\\/#organization\"},\"potentialAction\":[{\"@type\":\"SearchAction\",\"target\":{\"@type\":\"EntryPoint\",\"urlTemplate\":\"https:\\\/\\\/www.linas.com.au\\\/?s={search_term_string}\"},\"query-input\":{\"@type\":\"PropertyValueSpecification\",\"valueRequired\":true,\"valueName\":\"search_term_string\"}}],\"inLanguage\":\"et\"},{\"@type\":\"Organization\",\"@id\":\"https:\\\/\\\/www.linas.com.au\\\/#organization\",\"name\":\"LinAs Student Agency\",\"url\":\"https:\\\/\\\/www.linas.com.au\\\/\",\"logo\":{\"@type\":\"ImageObject\",\"inLanguage\":\"et\",\"@id\":\"https:\\\/\\\/www.linas.com.au\\\/#\\\/schema\\\/logo\\\/image\\\/\",\"url\":\"https:\\\/\\\/www.linas.com.au\\\/wp-content\\\/uploads\\\/2025\\\/12\\\/social_logo.jpg\",\"contentUrl\":\"https:\\\/\\\/www.linas.com.au\\\/wp-content\\\/uploads\\\/2025\\\/12\\\/social_logo.jpg\",\"width\":800,\"height\":315,\"caption\":\"LinAs Student Agency\"},\"image\":{\"@id\":\"https:\\\/\\\/www.linas.com.au\\\/#\\\/schema\\\/logo\\\/image\\\/\"},\"sameAs\":[\"https:\\\/\\\/www.instagram.com\\\/linasaustralia\\\/\"]}]}<\/script>\n<!-- \/ Yoast SEO plugin. -->","yoast_head_json":{"title":"Permanent Residency \u2013 need maagilised s\u00f5nad, millest k\u00f5ik r\u00e4\u00e4givad - Study In Australia","robots":{"index":"index","follow":"follow","max-snippet":"max-snippet:-1","max-image-preview":"max-image-preview:large","max-video-preview":"max-video-preview:-1"},"canonical":"https:\/\/www.linas.com.au\/et\/permanent-residency-need-maagilised-sonad-millest-koik-raagivad\/","og_locale":"et_EE","og_type":"article","og_title":"Permanent Residency \u2013 need maagilised s\u00f5nad, millest k\u00f5ik r\u00e4\u00e4givad - Study In Australia","og_description":"Permanent Residency \u2013 need maagilised s\u00f5nad, millest k\u00f5ik r\u00e4\u00e4givad. Aga kuidas sinna tegelikult j\u00f5uda? Kas oled kunagi m\u00f5elnud, et sooviksid Austraaliasse j\u00e4\u00e4da kauemaks kui lihtsalt \u201cpaariks aastaks seiklema\u201d? Kui jah, siis see tekst siin on m\u00f5eldud sulle. Kui soovid minna \u00f5ppima, on oluline meeles pidada, et m\u00f5ned erialad ei paku mitte ainult t\u00f6\u00f6d, vaid avavad [&hellip;]","og_url":"https:\/\/www.linas.com.au\/et\/permanent-residency-need-maagilised-sonad-millest-koik-raagivad\/","og_site_name":"Study In Australia","article_modified_time":"2025-08-07T15:04:56+00:00","twitter_card":"summary_large_image","twitter_misc":{"Est. reading time":"2 minutit"},"schema":{"@context":"https:\/\/schema.org","@graph":[{"@type":"WebPage","@id":"https:\/\/www.linas.com.au\/permanent-residency-need-maagilised-sonad-millest-koik-raagivad\/","url":"https:\/\/www.linas.com.au\/permanent-residency-need-maagilised-sonad-millest-koik-raagivad\/","name":"Permanent Residency \u2013 need maagilised s\u00f5nad, millest k\u00f5ik r\u00e4\u00e4givad - Study In Australia","isPartOf":{"@id":"https:\/\/www.linas.com.au\/#website"},"datePublished":"2025-08-07T15:02:24+00:00","dateModified":"2025-08-07T15:04:56+00:00","breadcrumb":{"@id":"https:\/\/www.linas.com.au\/permanent-residency-need-maagilised-sonad-millest-koik-raagivad\/#breadcrumb"},"inLanguage":"et","potentialAction":[{"@type":"ReadAction","target":["https:\/\/www.linas.com.au\/permanent-residency-need-maagilised-sonad-millest-koik-raagivad\/"]}]},{"@type":"BreadcrumbList","@id":"https:\/\/www.linas.com.au\/permanent-residency-need-maagilised-sonad-millest-koik-raagivad\/#breadcrumb","itemListElement":[{"@type":"ListItem","position":1,"name":"Home","item":"https:\/\/www.linas.com.au\/"},{"@type":"ListItem","position":2,"name":"Permanent Residency \u2013 need maagilised s\u00f5nad, millest k\u00f5ik r\u00e4\u00e4givad"}]},{"@type":"WebSite","@id":"https:\/\/www.linas.com.au\/#website","url":"https:\/\/www.linas.com.au\/","name":"Study In Australia","description":"","publisher":{"@id":"https:\/\/www.linas.com.au\/#organization"},"potentialAction":[{"@type":"SearchAction","target":{"@type":"EntryPoint","urlTemplate":"https:\/\/www.linas.com.au\/?s={search_term_string}"},"query-input":{"@type":"PropertyValueSpecification","valueRequired":true,"valueName":"search_term_string"}}],"inLanguage":"et"},{"@type":"Organization","@id":"https:\/\/www.linas.com.au\/#organization","name":"LinAs Student Agency","url":"https:\/\/www.linas.com.au\/","logo":{"@type":"ImageObject","inLanguage":"et","@id":"https:\/\/www.linas.com.au\/#\/schema\/logo\/image\/","url":"https:\/\/www.linas.com.au\/wp-content\/uploads\/2025\/12\/social_logo.jpg","contentUrl":"https:\/\/www.linas.com.au\/wp-content\/uploads\/2025\/12\/social_logo.jpg","width":800,"height":315,"caption":"LinAs Student Agency"},"image":{"@id":"https:\/\/www.linas.com.au\/#\/schema\/logo\/image\/"},"sameAs":["https:\/\/www.instagram.com\/linasaustralia\/"]}]}},"_links":{"self":[{"href":"https:\/\/www.linas.com.au\/et\/wp-json\/wp\/v2\/pages\/9812","targetHints":{"allow":["GET"]}}],"collection":[{"href":"https:\/\/www.linas.com.au\/et\/wp-json\/wp\/v2\/pages"}],"about":[{"href":"https:\/\/www.linas.com.au\/et\/wp-json\/wp\/v2\/types\/page"}],"author":[{"embeddable":true,"href":"https:\/\/www.linas.com.au\/et\/wp-json\/wp\/v2\/users\/2"}],"replies":[{"embeddable":true,"href":"https:\/\/www.linas.com.au\/et\/wp-json\/wp\/v2\/comments?post=9812"}],"version-history":[{"count":4,"href":"https:\/\/www.linas.com.au\/et\/wp-json\/wp\/v2\/pages\/9812\/revisions"}],"predecessor-version":[{"id":9816,"href":"https:\/\/www.linas.com.au\/et\/wp-json\/wp\/v2\/pages\/9812\/revisions\/9816"}],"wp:attachment":[{"href":"https:\/\/www.linas.com.au\/et\/wp-json\/wp\/v2\/media?parent=9812"}],"curies":[{"name":"wp","href":"https:\/\/api.w.org\/{rel}","templated":true}]}}