     {"id":9788,"date":"2025-08-07T14:23:04","date_gmt":"2025-08-07T14:23:04","guid":{"rendered":"https:\/\/www.linas.com.au\/?page_id=9788"},"modified":"2025-08-07T14:59:11","modified_gmt":"2025-08-07T14:59:11","slug":"kaip-gauti-teise-australijoje-dirbti-pilnu-etatu-ir-papildyti-savo-banko-saskaita","status":"publish","type":"page","link":"https:\/\/www.linas.com.au\/et\/kaip-gauti-teise-australijoje-dirbti-pilnu-etatu-ir-papildyti-savo-banko-saskaita\/","title":{"rendered":"Kaip gauti teis\u0119 Australijoje dirbti pilnu etatu ir papildyti savo banko s\u0105skait\u0105"},"content":{"rendered":"<div data-elementor-type=\"wp-page\" data-elementor-id=\"9788\" class=\"elementor elementor-9788\" data-elementor-settings=\"{&quot;ha_cmc_init_switcher&quot;:&quot;no&quot;}\" data-elementor-post-type=\"page\">\n\t\t\t\t\t\t<section class=\"elementor-section elementor-top-section elementor-element elementor-element-dacc8fc elementor-section-height-min-height elementor-section-stretched elementor-section-boxed elementor-section-height-default elementor-section-items-middle\" data-id=\"dacc8fc\" data-element_type=\"section\" data-e-type=\"section\" data-settings=\"{&quot;background_background&quot;:&quot;classic&quot;,&quot;shape_divider_bottom&quot;:&quot;tilt&quot;,&quot;stretch_section&quot;:&quot;section-stretched&quot;,&quot;_ha_eqh_enable&quot;:false}\">\n\t\t\t\t\t\t\t<div class=\"elementor-background-overlay\"><\/div>\n\t\t\t\t\t\t<div class=\"elementor-shape elementor-shape-bottom\" aria-hidden=\"true\" data-negative=\"false\">\n\t\t\t<svg xmlns=\"http:\/\/www.w3.org\/2000\/svg\" viewbox=\"0 0 1000 100\" preserveaspectratio=\"none\">\n\t<path class=\"elementor-shape-fill\" d=\"M0,6V0h1000v100L0,6z\"\/>\n<\/svg>\t\t<\/div>\n\t\t\t\t\t<div class=\"elementor-container elementor-column-gap-default\">\n\t\t\t\t\t<div class=\"elementor-column elementor-col-100 elementor-top-column elementor-element elementor-element-2b2ca40f elementor-hidden-desktop elementor-hidden-tablet elementor-hidden-mobile\" data-id=\"2b2ca40f\" data-element_type=\"column\" data-e-type=\"column\">\n\t\t\t<div class=\"elementor-widget-wrap elementor-element-populated\">\n\t\t\t\t\t\t<div class=\"elementor-element elementor-element-1b262a2d elementor-widget elementor-widget-theme-post-title elementor-page-title elementor-widget-heading\" data-id=\"1b262a2d\" data-element_type=\"widget\" data-e-type=\"widget\" data-widget_type=\"theme-post-title.default\">\n\t\t\t\t<div class=\"elementor-widget-container\">\n\t\t\t\t\t<h1 class=\"elementor-heading-title elementor-size-default\">Kaip gauti teis\u0119 Australijoje dirbti pilnu etatu ir papildyti savo banko s\u0105skait\u0105<\/h1>\t\t\t\t<\/div>\n\t\t\t\t<\/div>\n\t\t\t\t\t<\/div>\n\t\t<\/div>\n\t\t\t\t\t<\/div>\n\t\t<\/section>\n\t\t\t\t<section class=\"elementor-section elementor-top-section elementor-element elementor-element-7a5d1632 elementor-section-stretched elementor-section-boxed elementor-section-height-default elementor-section-height-default\" data-id=\"7a5d1632\" data-element_type=\"section\" data-e-type=\"section\" data-settings=\"{&quot;stretch_section&quot;:&quot;section-stretched&quot;,&quot;_ha_eqh_enable&quot;:false}\">\n\t\t\t\t\t\t<div class=\"elementor-container elementor-column-gap-default\">\n\t\t\t\t\t<div class=\"elementor-column elementor-col-100 elementor-top-column elementor-element elementor-element-64a914a4\" data-id=\"64a914a4\" data-element_type=\"column\" data-e-type=\"column\" data-settings=\"{&quot;background_background&quot;:&quot;classic&quot;}\">\n\t\t\t<div class=\"elementor-widget-wrap elementor-element-populated\">\n\t\t\t\t\t<div class=\"elementor-background-overlay\"><\/div>\n\t\t\t\t\t\t<section class=\"elementor-section elementor-inner-section elementor-element elementor-element-19dae31f elementor-section-boxed elementor-section-height-default elementor-section-height-default\" data-id=\"19dae31f\" data-element_type=\"section\" data-e-type=\"section\" data-settings=\"{&quot;_ha_eqh_enable&quot;:false}\">\n\t\t\t\t\t\t<div class=\"elementor-container elementor-column-gap-default\">\n\t\t\t\t\t<div class=\"elementor-column elementor-col-100 elementor-inner-column elementor-element elementor-element-5d79cf66\" data-id=\"5d79cf66\" data-element_type=\"column\" data-e-type=\"column\">\n\t\t\t<div class=\"elementor-widget-wrap elementor-element-populated\">\n\t\t\t\t\t\t<div class=\"elementor-element elementor-element-922efba elementor-widget elementor-widget-text-editor\" data-id=\"922efba\" data-element_type=\"widget\" data-e-type=\"widget\" data-widget_type=\"text-editor.default\">\n\t\t\t\t<div class=\"elementor-widget-container\">\n\t\t\t\t\t\t\t\t\t<h3><b>Kaip gauti teis\u0119 Australijoje dirbti pilnu etatu ir papildyti savo banko s\u0105skait\u0105<\/b><\/h3><p><span style=\"font-weight: 400;\">Svarstai studijuoti Australijoje, o gal jau esi \u010dia ir gyveni studenti\u0161k\u0105 gyvenim\u0105?<\/span><span style=\"font-weight: 400;\"><br \/><\/span><span style=\"font-weight: 400;\">O gal k\u0105 tik baigei studijas ir dabar svarstai:<\/span><\/p><p><i><span style=\"font-weight: 400;\">Visa \u017eemiau pateikta informacija n\u0117ra formalus migracijos patarimas. Kiekvienu individualiu atveju, reikia konsultuotis su oficialiai registruotu migracijos specialistu.*<\/span><\/i><\/p><p><b>\u201eAr galiu likti ir dirbti pilnu etatu po studij\u0173?\u201c<\/b><b><br \/><\/b><span style=\"font-weight: 400;\"> Trumpas atsakymas? <\/span><b>Taip<\/b><span style=\"font-weight: 400;\"> \u2013 bet svarbu pasirinkti tinkam\u0105 studij\u0173 krypt\u012f.<\/span><span style=\"font-weight: 400;\"><br \/><\/span><span style=\"font-weight: 400;\"> Paai\u0161kinsime visk\u0105 paprastai:<\/span><\/p><h5><b>Kod\u0117l svarbu, kokias studijas pasirinksi?<\/b><\/h5><p><span style=\"font-weight: 400;\">Ne visos studijos suteikia vienodas galimybes po studij\u0173.<\/span><span style=\"font-weight: 400;\"><br \/><\/span><span style=\"font-weight: 400;\">Ta\u010diau kai kurios leid\u017eia gauti <\/span><b>laikin\u0105 darbo viz\u0105 po studij\u0173<\/b><span style=\"font-weight: 400;\">, kuri suteikia teis\u0119 dirbti pilnu etatu.<\/span><\/p><p><span style=\"font-weight: 400;\">Kitos studijos \u0161ios galimyb\u0117s nesuteikia.<\/span><span style=\"font-weight: 400;\"><br \/><\/span><span style=\"font-weight: 400;\">Tinkamas pasirinkimas gali nulemti tavo ateit\u012f Australijoje.<\/span><\/p><h5><b>Kokios studijos atveria duris?<\/b><\/h5><p><span style=\"font-weight: 400;\">Yra keli keliai, kaip \u012fgyti teis\u0119 dirbti pilnu etatu.<\/span><span style=\"font-weight: 400;\"><br \/><\/span><span style=\"font-weight: 400;\">Daugelis profesini\u0173 kurs\u0173, toki\u0173 kaip amatai ar specializuoti \u012fg\u016bd\u017ei\u0173 mokymai, suteikia \u0161i\u0105 galimyb\u0119.<\/span><span style=\"font-weight: 400;\"><br \/><\/span><span style=\"font-weight: 400;\">Pavyzd\u017eiui:<\/span><\/p><p><b>Dailidyst\u0117<\/b><span style=\"font-weight: 400;\"> \u2013 Australijai labai reikia \u0161ios srities specialist\u0173, o \u0161is kursas atveria tiesiogin\u012f keli\u0105 \u012f darb\u0105 pilnu etatu.<\/span><span style=\"font-weight: 400;\"><br \/><\/span><span style=\"font-weight: 400;\"> \ud83d\udc49<\/span><a href=\"https:\/\/laneway.edu.au\/cpc30220-certificate-iii-in-carpentry\"><span style=\"font-weight: 400;\">Studij\u0173 pavyzdys<\/span><\/a><\/p><p><b>Sporto trenerio studijos, orientuotos \u012f tenis\u0105<\/b><span style=\"font-weight: 400;\"> \u2013 tavo meil\u0117 tenisui gali virsti karjera ir darbu pilnu etatu!<\/span><span style=\"font-weight: 400;\"><br \/><\/span><span style=\"font-weight: 400;\"> \ud83d\udc49<\/span><a href=\"https:\/\/www.fitcollege.edu.au\/courses\/diploma-of-sport-coaching\"><span style=\"font-weight: 400;\">Studij\u0173 pavyzdys<\/span><\/a><\/p><p><b>Informacini\u0173 technologij\u0173 studijos (Web Development)<\/b><span style=\"font-weight: 400;\"> \u2013 kurk interneto svetaines ir savo karjer\u0105 tuo pa\u010diu metu.<\/span><span style=\"font-weight: 400;\"><br \/><\/span><span style=\"font-weight: 400;\"> \ud83d\udc49<\/span><a href=\"https:\/\/www.mindroom.edu.au\/course\/ict50220-diploma-of-it-web-development-specialisation\"><span style=\"font-weight: 400;\">Studij\u0173 pavyzdys<\/span><\/a><\/p><p><span style=\"font-weight: 400;\">Taip pat galimybes suteikia ir auk\u0161tojo mokslo studijos:<\/span><\/p><p><b>Bet kuris bakalauro laipsnis<\/b><span style=\"font-weight: 400;\"> \u2013 jei esi pasiruo\u0161\u0119s mokytis 3 ar daugiau met\u0173, tai puikus pasirinkimas ilgalaikei perspektyvai.<\/span><\/p><p><b>Bet kuris magistro laipsnis<\/b><span style=\"font-weight: 400;\"> \u2013 nori dar daugiau viz\u0173 galimybi\u0173? Magistro studijos \u2013 stiprus \u017eingsnis \u012f priek\u012f.<\/span><\/p><h5><b>Kiek laiko po studij\u0173 gal\u0117si pasilikti ir dirbti pilnu etatu?<\/b><\/h5><ul><li style=\"font-weight: 400;\" aria-level=\"1\"><b>Diplomai \/ profesiniai kursai<\/b><span style=\"font-weight: 400;\"> (Carpentry, Sport Coaching, IT diplomas): <\/span><b>18 m\u0117nesi\u0173<\/b><\/li><li style=\"font-weight: 400;\" aria-level=\"1\"><b>Bakalauro ir magistro<\/b><span style=\"font-weight: 400;\"> (kursiniai \/ i\u0161t\u0119stiniai): <\/span><b>2 metai<\/b><\/li><li style=\"font-weight: 400;\" aria-level=\"1\"><b>Magistro (mokslini\u0173 tyrim\u0173):<\/b> <b>3 metai<\/b><\/li><li style=\"font-weight: 400;\" aria-level=\"1\"><b>Doktorant\u016bra (PhD):<\/b> <b>4 metai<\/b><\/li><li style=\"font-weight: 400;\" aria-level=\"1\"><b>Regionin\u0117s studijos<\/b><span style=\"font-weight: 400;\"> (tik Bachelor\/Master\/PhD): <\/span><b>+1\u20132 papildomi metai<\/b><\/li><\/ul><h5><b>Apie pinigus: kod\u0117l tai svarbu?<\/b><\/h5><p><span style=\"font-weight: 400;\">Laikinoji absolvent\u0173 viza po studij\u0173 leid\u017eia dirbti pilnu etatu, tad gali u\u017edirbti vidutini\u0161kai <\/span><b>$80,000\u2013$100,000 per metus<\/b><span style=\"font-weight: 400;\"> \u2013 tai padeda grei\u010diau susigr\u0105\u017einti investicijas \u012f studijas.<\/span><\/p><p><span style=\"font-weight: 400;\">Studijuodamas gali dirbti <\/span><b>nepilnu etatu<\/b><span style=\"font-weight: 400;\">, o per <\/span><b>atostogas \u2013 pilnu etatu<\/b><span style=\"font-weight: 400;\">, kad padengtum kasdienes i\u0161laidas.<\/span><\/p><p><span style=\"font-weight: 400;\">\u0160ios papildomos darbo teis\u0117s ne tik <\/span><b>padidina tavo pajamas<\/b><span style=\"font-weight: 400;\">, bet ir leid\u017eia <\/span><b>kaupti verting\u0105 darbo patirt\u012f<\/b><span style=\"font-weight: 400;\">, kuri v\u0117liau suteikia <\/span><b>daugiau \u0161ans\u0173 \u012fsitvirtinti ir pasilikti Australijoje<\/b><span style=\"font-weight: 400;\">.<\/span><\/p><h5><b>Vienas dalykas, kurio niekas garsiai nesako&#8230;<\/b><\/h5><p><b>Migracijos taisykl\u0117s kei\u010diasi da\u017enai<\/b><span style=\"font-weight: 400;\"> (a\u010di\u016b, Immigration!).<\/span><span style=\"font-weight: 400;\"><br \/><\/span><span style=\"font-weight: 400;\">Tai, kas tiko tavo draugui, <\/span><b>neb\u016btinai tiks tau<\/b><span style=\"font-weight: 400;\">.<\/span><span style=\"font-weight: 400;\"><br \/><\/span><span style=\"font-weight: 400;\">Pasirinkus netinkam\u0105 kurs\u0105, durys gali u\u017esiverti dar net neprad\u0117jus \u017eengti pirmojo \u017eingsnio.<\/span><\/p><h5><b>Jau keli sau \u0161iuos klausimus?<\/b><\/h5><p><span style=\"font-weight: 400;\">\u2013 Koks kursas man i\u0161 tikr\u0173j\u0173 tinkamiausias?<\/span><span style=\"font-weight: 400;\"><br \/><\/span><span style=\"font-weight: 400;\">\u2013 Kaip maksimaliai i\u0161naudoti laik\u0105, pajamas ir viz\u0173 galimybes?<\/span><span style=\"font-weight: 400;\"><br \/><\/span><span style=\"font-weight: 400;\">\u2013 O jei noriu likti Australijoje ilgam \u2013 nuo ko prad\u0117ti?<\/span><\/p><p><span style=\"font-weight: 400;\">Kai turi ai\u0161ki\u0105 krypt\u012f, viskas papras\u010diau.<\/span><span style=\"font-weight: 400;\"><br \/><\/span><b>Palik savo kontaktus \u017eemiau<\/b><span style=\"font-weight: 400;\"> ir atsi\u0173sime <\/span><b>individual\u0173 patarim\u0105 pagal tavo situacij\u0105<\/b><span style=\"font-weight: 400;\">.<\/span><\/p><p><b>Nori greitesnio atsakymo?<\/b><span style=\"font-weight: 400;\"> Para\u0161yk mums \u017einut\u0119 per <\/span><b>Instagram<\/b><span style=\"font-weight: 400;\"> arba <\/span><b>Facebook<\/b><span style=\"font-weight: 400;\"> \u2013 atsakysime greitai ir paprastai.<\/span><\/p><p><b>Tavo kitas \u017eingsnis gali b\u016bti ne tik viza \u2013 tai gali b\u016bti naujo gyvenimo prad\u017eia. \u2728<\/b><\/p><p><b>P.S.<\/b><span style=\"font-weight: 400;\"> Taip, mes net galime pad\u0117ti pasirinkti \u2013 <\/span><b>teniso raket\u0119 ar plaktuk\u0105. \ud83d\ude04<\/b><\/p>\t\t\t\t\t\t\t\t<\/div>\n\t\t\t\t<\/div>\n\t\t\t\t<div class=\"elementor-element elementor-element-2bd30891 elementor-widget__width-auto get-free-consultation elementor-widget elementor-widget-button\" data-id=\"2bd30891\" data-element_type=\"widget\" data-e-type=\"widget\" data-widget_type=\"button.default\">\n\t\t\t\t<div class=\"elementor-widget-container\">\n\t\t\t\t\t\t\t\t\t<div class=\"elementor-button-wrapper\">\n\t\t\t\t\t<a class=\"elementor-button elementor-button-link elementor-size-sm elementor-animation-float\" href=\"\/et\/linas-contact-us\/\">\n\t\t\t\t\t\t<span class=\"elementor-button-content-wrapper\">\n\t\t\t\t\t\t\t\t\t<span class=\"elementor-button-text\">Susisiek Su mumis<\/span>\n\t\t\t\t\t<\/span>\n\t\t\t\t\t<\/a>\n\t\t\t\t<\/div>\n\t\t\t\t\t\t\t\t<\/div>\n\t\t\t\t<\/div>\n\t\t\t\t\t<\/div>\n\t\t<\/div>\n\t\t\t\t\t<\/div>\n\t\t<\/section>\n\t\t\t\t\t<\/div>\n\t\t<\/div>\n\t\t\t\t\t<\/div>\n\t\t<\/section>\n\t\t\t\t<\/div>","protected":false},"excerpt":{"rendered":"<p>Kaip gauti teis\u0119 Australijoje dirbti pilnu etatu ir papildyti savo banko s\u0105skait\u0105 Svarstai studijuoti Australijoje, o gal jau esi \u010dia ir gyveni studenti\u0161k\u0105 gyvenim\u0105?O gal k\u0105 tik baigei studijas ir dabar svarstai: Visa \u017eemiau pateikta informacija n\u0117ra formalus migracijos patarimas. Kiekvienu individualiu atveju, reikia konsultuotis su oficialiai registruotu migracijos specialistu.* \u201eAr galiu likti ir dirbti [&hellip;]<\/p>\n","protected":false},"author":2,"featured_media":0,"parent":0,"menu_order":0,"comment_status":"closed","ping_status":"closed","template":"","meta":{"footnotes":""},"class_list":["post-9788","page","type-page","status-publish","hentry"],"yoast_head":"<!-- This site is optimized with the Yoast SEO plugin v27.5 - https:\/\/yoast.com\/product\/yoast-seo-wordpress\/ -->\n<title>Kaip gauti teis\u0119 Australijoje dirbti pilnu etatu ir papildyti savo banko s\u0105skait\u0105 - Study In Australia<\/title>\n<meta name=\"robots\" content=\"index, follow, max-snippet:-1, max-image-preview:large, max-video-preview:-1\" \/>\n<link rel=\"canonical\" href=\"https:\/\/www.linas.com.au\/et\/kaip-gauti-teise-australijoje-dirbti-pilnu-etatu-ir-papildyti-savo-banko-saskaita\/\" \/>\n<meta property=\"og:locale\" content=\"et_EE\" \/>\n<meta property=\"og:type\" content=\"article\" \/>\n<meta property=\"og:title\" content=\"Kaip gauti teis\u0119 Australijoje dirbti pilnu etatu ir papildyti savo banko s\u0105skait\u0105 - Study In Australia\" \/>\n<meta property=\"og:description\" content=\"Kaip gauti teis\u0119 Australijoje dirbti pilnu etatu ir papildyti savo banko s\u0105skait\u0105 Svarstai studijuoti Australijoje, o gal jau esi \u010dia ir gyveni studenti\u0161k\u0105 gyvenim\u0105?O gal k\u0105 tik baigei studijas ir dabar svarstai: Visa \u017eemiau pateikta informacija n\u0117ra formalus migracijos patarimas. Kiekvienu individualiu atveju, reikia konsultuotis su oficialiai registruotu migracijos specialistu.* \u201eAr galiu likti ir dirbti [&hellip;]\" \/>\n<meta property=\"og:url\" content=\"https:\/\/www.linas.com.au\/et\/kaip-gauti-teise-australijoje-dirbti-pilnu-etatu-ir-papildyti-savo-banko-saskaita\/\" \/>\n<meta property=\"og:site_name\" content=\"Study In Australia\" \/>\n<meta property=\"article:modified_time\" content=\"2025-08-07T14:59:11+00:00\" \/>\n<meta name=\"twitter:card\" content=\"summary_large_image\" \/>\n<meta name=\"twitter:label1\" content=\"Est. reading time\" \/>\n\t<meta name=\"twitter:data1\" content=\"2 minutit\" \/>\n<script type=\"application\/ld+json\" class=\"yoast-schema-graph\">{\"@context\":\"https:\\\/\\\/schema.org\",\"@graph\":[{\"@type\":\"WebPage\",\"@id\":\"https:\\\/\\\/www.linas.com.au\\\/kaip-gauti-teise-australijoje-dirbti-pilnu-etatu-ir-papildyti-savo-banko-saskaita\\\/\",\"url\":\"https:\\\/\\\/www.linas.com.au\\\/kaip-gauti-teise-australijoje-dirbti-pilnu-etatu-ir-papildyti-savo-banko-saskaita\\\/\",\"name\":\"Kaip gauti teis\u0119 Australijoje dirbti pilnu etatu ir papildyti savo banko s\u0105skait\u0105 - Study In Australia\",\"isPartOf\":{\"@id\":\"https:\\\/\\\/www.linas.com.au\\\/#website\"},\"datePublished\":\"2025-08-07T14:23:04+00:00\",\"dateModified\":\"2025-08-07T14:59:11+00:00\",\"breadcrumb\":{\"@id\":\"https:\\\/\\\/www.linas.com.au\\\/kaip-gauti-teise-australijoje-dirbti-pilnu-etatu-ir-papildyti-savo-banko-saskaita\\\/#breadcrumb\"},\"inLanguage\":\"et\",\"potentialAction\":[{\"@type\":\"ReadAction\",\"target\":[\"https:\\\/\\\/www.linas.com.au\\\/kaip-gauti-teise-australijoje-dirbti-pilnu-etatu-ir-papildyti-savo-banko-saskaita\\\/\"]}]},{\"@type\":\"BreadcrumbList\",\"@id\":\"https:\\\/\\\/www.linas.com.au\\\/kaip-gauti-teise-australijoje-dirbti-pilnu-etatu-ir-papildyti-savo-banko-saskaita\\\/#breadcrumb\",\"itemListElement\":[{\"@type\":\"ListItem\",\"position\":1,\"name\":\"Home\",\"item\":\"https:\\\/\\\/www.linas.com.au\\\/\"},{\"@type\":\"ListItem\",\"position\":2,\"name\":\"Kaip gauti teis\u0119 Australijoje dirbti pilnu etatu ir papildyti savo banko s\u0105skait\u0105\"}]},{\"@type\":\"WebSite\",\"@id\":\"https:\\\/\\\/www.linas.com.au\\\/#website\",\"url\":\"https:\\\/\\\/www.linas.com.au\\\/\",\"name\":\"Study In Australia\",\"description\":\"\",\"publisher\":{\"@id\":\"https:\\\/\\\/www.linas.com.au\\\/#organization\"},\"potentialAction\":[{\"@type\":\"SearchAction\",\"target\":{\"@type\":\"EntryPoint\",\"urlTemplate\":\"https:\\\/\\\/www.linas.com.au\\\/?s={search_term_string}\"},\"query-input\":{\"@type\":\"PropertyValueSpecification\",\"valueRequired\":true,\"valueName\":\"search_term_string\"}}],\"inLanguage\":\"et\"},{\"@type\":\"Organization\",\"@id\":\"https:\\\/\\\/www.linas.com.au\\\/#organization\",\"name\":\"LinAs Student Agency\",\"url\":\"https:\\\/\\\/www.linas.com.au\\\/\",\"logo\":{\"@type\":\"ImageObject\",\"inLanguage\":\"et\",\"@id\":\"https:\\\/\\\/www.linas.com.au\\\/#\\\/schema\\\/logo\\\/image\\\/\",\"url\":\"https:\\\/\\\/www.linas.com.au\\\/wp-content\\\/uploads\\\/2025\\\/12\\\/social_logo.jpg\",\"contentUrl\":\"https:\\\/\\\/www.linas.com.au\\\/wp-content\\\/uploads\\\/2025\\\/12\\\/social_logo.jpg\",\"width\":800,\"height\":315,\"caption\":\"LinAs Student Agency\"},\"image\":{\"@id\":\"https:\\\/\\\/www.linas.com.au\\\/#\\\/schema\\\/logo\\\/image\\\/\"},\"sameAs\":[\"https:\\\/\\\/www.instagram.com\\\/linasaustralia\\\/\"]}]}<\/script>\n<!-- \/ Yoast SEO plugin. -->","yoast_head_json":{"title":"Kaip gauti teis\u0119 Australijoje dirbti pilnu etatu ir papildyti savo banko s\u0105skait\u0105 - Study In Australia","robots":{"index":"index","follow":"follow","max-snippet":"max-snippet:-1","max-image-preview":"max-image-preview:large","max-video-preview":"max-video-preview:-1"},"canonical":"https:\/\/www.linas.com.au\/et\/kaip-gauti-teise-australijoje-dirbti-pilnu-etatu-ir-papildyti-savo-banko-saskaita\/","og_locale":"et_EE","og_type":"article","og_title":"Kaip gauti teis\u0119 Australijoje dirbti pilnu etatu ir papildyti savo banko s\u0105skait\u0105 - Study In Australia","og_description":"Kaip gauti teis\u0119 Australijoje dirbti pilnu etatu ir papildyti savo banko s\u0105skait\u0105 Svarstai studijuoti Australijoje, o gal jau esi \u010dia ir gyveni studenti\u0161k\u0105 gyvenim\u0105?O gal k\u0105 tik baigei studijas ir dabar svarstai: Visa \u017eemiau pateikta informacija n\u0117ra formalus migracijos patarimas. Kiekvienu individualiu atveju, reikia konsultuotis su oficialiai registruotu migracijos specialistu.* \u201eAr galiu likti ir dirbti [&hellip;]","og_url":"https:\/\/www.linas.com.au\/et\/kaip-gauti-teise-australijoje-dirbti-pilnu-etatu-ir-papildyti-savo-banko-saskaita\/","og_site_name":"Study In Australia","article_modified_time":"2025-08-07T14:59:11+00:00","twitter_card":"summary_large_image","twitter_misc":{"Est. reading time":"2 minutit"},"schema":{"@context":"https:\/\/schema.org","@graph":[{"@type":"WebPage","@id":"https:\/\/www.linas.com.au\/kaip-gauti-teise-australijoje-dirbti-pilnu-etatu-ir-papildyti-savo-banko-saskaita\/","url":"https:\/\/www.linas.com.au\/kaip-gauti-teise-australijoje-dirbti-pilnu-etatu-ir-papildyti-savo-banko-saskaita\/","name":"Kaip gauti teis\u0119 Australijoje dirbti pilnu etatu ir papildyti savo banko s\u0105skait\u0105 - Study In Australia","isPartOf":{"@id":"https:\/\/www.linas.com.au\/#website"},"datePublished":"2025-08-07T14:23:04+00:00","dateModified":"2025-08-07T14:59:11+00:00","breadcrumb":{"@id":"https:\/\/www.linas.com.au\/kaip-gauti-teise-australijoje-dirbti-pilnu-etatu-ir-papildyti-savo-banko-saskaita\/#breadcrumb"},"inLanguage":"et","potentialAction":[{"@type":"ReadAction","target":["https:\/\/www.linas.com.au\/kaip-gauti-teise-australijoje-dirbti-pilnu-etatu-ir-papildyti-savo-banko-saskaita\/"]}]},{"@type":"BreadcrumbList","@id":"https:\/\/www.linas.com.au\/kaip-gauti-teise-australijoje-dirbti-pilnu-etatu-ir-papildyti-savo-banko-saskaita\/#breadcrumb","itemListElement":[{"@type":"ListItem","position":1,"name":"Home","item":"https:\/\/www.linas.com.au\/"},{"@type":"ListItem","position":2,"name":"Kaip gauti teis\u0119 Australijoje dirbti pilnu etatu ir papildyti savo banko s\u0105skait\u0105"}]},{"@type":"WebSite","@id":"https:\/\/www.linas.com.au\/#website","url":"https:\/\/www.linas.com.au\/","name":"Study In Australia","description":"","publisher":{"@id":"https:\/\/www.linas.com.au\/#organization"},"potentialAction":[{"@type":"SearchAction","target":{"@type":"EntryPoint","urlTemplate":"https:\/\/www.linas.com.au\/?s={search_term_string}"},"query-input":{"@type":"PropertyValueSpecification","valueRequired":true,"valueName":"search_term_string"}}],"inLanguage":"et"},{"@type":"Organization","@id":"https:\/\/www.linas.com.au\/#organization","name":"LinAs Student Agency","url":"https:\/\/www.linas.com.au\/","logo":{"@type":"ImageObject","inLanguage":"et","@id":"https:\/\/www.linas.com.au\/#\/schema\/logo\/image\/","url":"https:\/\/www.linas.com.au\/wp-content\/uploads\/2025\/12\/social_logo.jpg","contentUrl":"https:\/\/www.linas.com.au\/wp-content\/uploads\/2025\/12\/social_logo.jpg","width":800,"height":315,"caption":"LinAs Student Agency"},"image":{"@id":"https:\/\/www.linas.com.au\/#\/schema\/logo\/image\/"},"sameAs":["https:\/\/www.instagram.com\/linasaustralia\/"]}]}},"_links":{"self":[{"href":"https:\/\/www.linas.com.au\/et\/wp-json\/wp\/v2\/pages\/9788","targetHints":{"allow":["GET"]}}],"collection":[{"href":"https:\/\/www.linas.com.au\/et\/wp-json\/wp\/v2\/pages"}],"about":[{"href":"https:\/\/www.linas.com.au\/et\/wp-json\/wp\/v2\/types\/page"}],"author":[{"embeddable":true,"href":"https:\/\/www.linas.com.au\/et\/wp-json\/wp\/v2\/users\/2"}],"replies":[{"embeddable":true,"href":"https:\/\/www.linas.com.au\/et\/wp-json\/wp\/v2\/comments?post=9788"}],"version-history":[{"count":8,"href":"https:\/\/www.linas.com.au\/et\/wp-json\/wp\/v2\/pages\/9788\/revisions"}],"predecessor-version":[{"id":9811,"href":"https:\/\/www.linas.com.au\/et\/wp-json\/wp\/v2\/pages\/9788\/revisions\/9811"}],"wp:attachment":[{"href":"https:\/\/www.linas.com.au\/et\/wp-json\/wp\/v2\/media?parent=9788"}],"curies":[{"name":"wp","href":"https:\/\/api.w.org\/{rel}","templated":true}]}}