     {"id":9214,"date":"2025-07-23T15:16:41","date_gmt":"2025-07-23T15:16:41","guid":{"rendered":"https:\/\/www.linas.com.au\/?page_id=9214"},"modified":"2025-12-15T17:17:34","modified_gmt":"2025-12-15T17:17:34","slug":"english-courses","status":"publish","type":"page","link":"https:\/\/www.linas.com.au\/et\/courses\/english-courses\/","title":{"rendered":"Inglise keele kursused"},"content":{"rendered":"<div data-elementor-type=\"wp-page\" data-elementor-id=\"9214\" class=\"elementor elementor-9214\" data-elementor-settings=\"{&quot;ha_cmc_init_switcher&quot;:&quot;no&quot;}\" data-elementor-post-type=\"page\">\n\t\t\t\t\t\t<section class=\"elementor-section elementor-top-section elementor-element elementor-element-3df86bb6 elementor-section-height-min-height elementor-section-stretched elementor-section-boxed elementor-section-height-default elementor-section-items-middle\" data-id=\"3df86bb6\" data-element_type=\"section\" data-e-type=\"section\" data-settings=\"{&quot;background_background&quot;:&quot;classic&quot;,&quot;stretch_section&quot;:&quot;section-stretched&quot;,&quot;_ha_eqh_enable&quot;:false}\">\n\t\t\t\t\t\t\t<div class=\"elementor-background-overlay\"><\/div>\n\t\t\t\t\t\t\t<div class=\"elementor-container elementor-column-gap-default\">\n\t\t\t\t\t<div class=\"elementor-column elementor-col-100 elementor-top-column elementor-element elementor-element-1edd3038\" data-id=\"1edd3038\" data-element_type=\"column\" data-e-type=\"column\">\n\t\t\t<div class=\"elementor-widget-wrap elementor-element-populated\">\n\t\t\t\t\t\t<div class=\"elementor-element elementor-element-6d57e04c elementor-widget elementor-widget-theme-post-title elementor-page-title elementor-widget-heading\" data-id=\"6d57e04c\" data-element_type=\"widget\" data-e-type=\"widget\" data-widget_type=\"theme-post-title.default\">\n\t\t\t\t<div class=\"elementor-widget-container\">\n\t\t\t\t\t<h1 class=\"elementor-heading-title elementor-size-default\">Inglise keele kursused<\/h1>\t\t\t\t<\/div>\n\t\t\t\t<\/div>\n\t\t\t\t\t<\/div>\n\t\t<\/div>\n\t\t\t\t\t<\/div>\n\t\t<\/section>\n\t\t\t\t<section class=\"elementor-section elementor-top-section elementor-element elementor-element-48f253cd elementor-section-stretched elementor-section-boxed elementor-section-height-default elementor-section-height-default\" data-id=\"48f253cd\" data-element_type=\"section\" data-e-type=\"section\" data-settings=\"{&quot;stretch_section&quot;:&quot;section-stretched&quot;,&quot;_ha_eqh_enable&quot;:false}\">\n\t\t\t\t\t\t<div class=\"elementor-container elementor-column-gap-default\">\n\t\t\t\t\t<div class=\"elementor-column elementor-col-100 elementor-top-column elementor-element elementor-element-600c70e\" data-id=\"600c70e\" data-element_type=\"column\" data-e-type=\"column\" data-settings=\"{&quot;background_background&quot;:&quot;classic&quot;}\">\n\t\t\t<div class=\"elementor-widget-wrap elementor-element-populated\">\n\t\t\t\t\t<div class=\"elementor-background-overlay\"><\/div>\n\t\t\t\t\t\t<section class=\"elementor-section elementor-inner-section elementor-element elementor-element-0f4f8e4 elementor-section-boxed elementor-section-height-default elementor-section-height-default\" data-id=\"0f4f8e4\" data-element_type=\"section\" data-e-type=\"section\" data-settings=\"{&quot;_ha_eqh_enable&quot;:false}\">\n\t\t\t\t\t\t<div class=\"elementor-container elementor-column-gap-default\">\n\t\t\t\t\t<div class=\"elementor-column elementor-col-100 elementor-inner-column elementor-element elementor-element-b490c43\" data-id=\"b490c43\" data-element_type=\"column\" data-e-type=\"column\">\n\t\t\t<div class=\"elementor-widget-wrap elementor-element-populated\">\n\t\t\t\t\t\t<div class=\"elementor-element elementor-element-19f1189 elementor-widget elementor-widget-text-editor\" data-id=\"19f1189\" data-element_type=\"widget\" data-e-type=\"widget\" data-widget_type=\"text-editor.default\">\n\t\t\t\t<div class=\"elementor-widget-container\">\n\t\t\t\t\t\t\t\t\t<h3><b>Suurenda oma enesekindlust. Ava rohkem v\u00f5imalusi. R\u00e4\u00e4gi kindlalt ja loomulikult.<\/b><\/h3><p><span style=\"font-weight: 400;\">Kas soovite parandada oma inglise keelt igap\u00e4evaelu, \u00f5ppimise, t\u00f6\u00f6 v\u00f5i r\u00e4nde jaoks - inglise keele \u00f5ppimine Austraalias on k\u00f5ige nutikam (ja kiirem) viis omandada inglise keele oskus.<\/span><\/p><p><span style=\"font-weight: 400;\">Me aitame teil leida \u00f5ige kooli, kursuse ja hinna ning juhendame teid ka viisav\u00f5imaluste osas.<\/span><\/p><h5><b>\ud83c\udfaf Miks tasub inglise keelt \u00f5ppida just Austraalias?<\/b><\/h5><ul><li style=\"font-weight: 400;\" aria-level=\"1\"><span style=\"font-weight: 400;\">Suurenda oma enesekindlust t\u00f6\u00f6, \u00f5ppimise ja igap\u00e4evaelu jaoks<\/span><span style=\"font-weight: 400;\"><br \/><\/span><\/li><li style=\"font-weight: 400;\" aria-level=\"1\"><span style=\"font-weight: 400;\">Paranda h\u00e4\u00e4ldust, grammatikat, s\u00f5navara ja sujuvat k\u00f5ne<\/span><span style=\"font-weight: 400;\"><br \/><\/span><\/li><li style=\"font-weight: 400;\" aria-level=\"1\"><span style=\"font-weight: 400;\">Valmistu eksamiteks nagu <\/span><b>IELTS, PTE ja Cambridge<\/b><b><br \/><\/b><\/li><li style=\"font-weight: 400;\" aria-level=\"1\"><span style=\"font-weight: 400;\">Valige j\u00e4rgmiste valikute vahel: <\/span><b>hommikused, p\u00e4rastl\u00f5unased v\u00f5i \u00f5htused tunnid<\/b><b><br \/><\/b><\/li><li style=\"font-weight: 400;\" aria-level=\"1\"><span style=\"font-weight: 400;\">\u00d5pi v\u00e4ikeses, interaktiivses grupis, mis sobib sinu tasemega.<\/span><span style=\"font-weight: 400;\"><br \/><\/span><\/li><\/ul><h5><b>\ud83d\udcda Pakutavad kursuse t\u00fc\u00fcbid<\/b><\/h5><p><b>\u00dcldine inglise keel<\/b><b><br \/><\/b><span style=\"font-weight: 400;\"> \u00d5pi praktilist inglise keelt t\u00f6\u00f6ks, reisimiseks, ostlemiseks ja igap\u00e4evaeluks.<\/span><span style=\"font-weight: 400;\"><br \/><\/span><span style=\"font-weight: 400;\"> \ud83d\udc49 Alusta igal ajal. Tasemed algajast kuni edasij\u00f5udnuteni.<\/span><\/p><p><b>IELTS \/ PTE ettevalmistus<\/b><b><br \/><\/b><span style=\"font-weight: 400;\"> Kas vajate testi tulemust \u00fclikooli v\u00f5i migratsiooni jaoks? Need intensiivkursused valmistavad teid ette eksami sooritamiseks ja parandavad teie akadeemilist kirjutamist, kuulamist ja testi strateegiaid.<\/span><\/p><p><b>\u00c4rinduse inglise keel<\/b><b><br \/><\/b><span style=\"font-weight: 400;\"> \u00d5ppige, kuidas t\u00f6\u00f6kohal professionaalselt suhelda - sobib ideaalselt t\u00f6\u00f6otsijatele ja karj\u00e4\u00e4rivahetajatele.<\/span><\/p><p><b>Cambridge'i eksamiteks ettevalmistamine<\/b><b><br \/><\/b><span style=\"font-weight: 400;\"> \u00dclemaailmselt tunnustatud kvalifikatsioon t\u00f6\u00f6ks, \u00f5ppimiseks v\u00f5i r\u00e4ndeks - kehtib terve elu.<\/span><\/p><p><b>EAP (inglise keel akadeemilistel eesm\u00e4rkidel)<\/b><b><br \/><\/b><span style=\"font-weight: 400;\"> Parandage oma akadeemilist inglise keelt ja valmistuge \u00fclikooliks. Paljud \u00fclikoolid aktsepteerivad seda kursust IELTSi asemel.<\/span><\/p><h5><b>\ud83d\udcb8 Mis see k\u00f5ik maksab?<\/b><\/h5><p><span style=\"font-weight: 400;\">Hinnad on vahemikus <\/span><b>AU$180 kuni $420\/n\u00e4dalas<\/b><span style=\"font-weight: 400;\">s\u00f5ltuvalt:<\/span><\/p><ul><li style=\"font-weight: 400;\" aria-level=\"1\"><span style=\"font-weight: 400;\">Sinu tasemest<\/span><span style=\"font-weight: 400;\"><br \/><\/span><\/li><li style=\"font-weight: 400;\" aria-level=\"1\"><span style=\"font-weight: 400;\">Kursuse t\u00fc\u00fcbist (\u00fcldine, IELTS, Cambridge...)<\/span><span style=\"font-weight: 400;\"><br \/><\/span><\/li><li style=\"font-weight: 400;\" aria-level=\"1\"><span style=\"font-weight: 400;\">Koolist ja linnast<\/span><span style=\"font-weight: 400;\"><br \/><\/span><\/li><\/ul><p><span style=\"font-weight: 400;\">Meil on sageli olemas ka <\/span><b>eripakkumised<\/b><span style=\"font-weight: 400;\">ning me aitame sul leida parima hinna ja kvaliteediga kursuse.<\/span><\/p><h5><b>\ud83d\udd50 Kursuse kestus ja alguskuup\u00e4evad<\/b><\/h5><ul><li style=\"font-weight: 400;\" aria-level=\"1\"><span style=\"font-weight: 400;\">Kursused v\u00f5ivad kesta <\/span><b>alates 2 n\u00e4dalast kuni 12 kuuni<\/b><b><br \/><\/b><\/li><li style=\"font-weight: 400;\" aria-level=\"1\"><b>\u00dcldine inglise keel<\/b><span style=\"font-weight: 400;\">: algab igal esmasp\u00e4eval<\/span><span style=\"font-weight: 400;\"><br \/><\/span><\/li><li style=\"font-weight: 400;\" aria-level=\"1\"><b>IELTS \/ Cambridge<\/b><span style=\"font-weight: 400;\">: kindlad algusajad, sageli iga 4-12 n\u00e4dala tagant.<\/span><span style=\"font-weight: 400;\"><br \/><\/span><\/li><li style=\"font-weight: 400;\" aria-level=\"1\"><span style=\"font-weight: 400;\">\u00d5pi <\/span><b>20-25 tundi<\/b><span style=\"font-weight: 400;\">, 4-5 p\u00e4eva n\u00e4dalas<\/span><span style=\"font-weight: 400;\"><br \/><\/span><\/li><li style=\"font-weight: 400;\" aria-level=\"1\"><span style=\"font-weight: 400;\">Viisav\u00f5imalused: <\/span><b>Working Holiday v\u00f5i ELICOS Student Visa (subclass 500)<\/b><b><br \/><\/b><\/li><\/ul><h5><b>\ud83d\udcac Kuidas me aitame<\/b><\/h5><ul><li style=\"font-weight: 400;\" aria-level=\"1\"><span style=\"font-weight: 400;\">Soovitame sinu eesm\u00e4rkide ja eelarve jaoks parimat inglise keele kooli.<\/span><span style=\"font-weight: 400;\"><br \/><\/span><\/li><li style=\"font-weight: 400;\" aria-level=\"1\"><span style=\"font-weight: 400;\">Korraldame tasuta tasemetestid ja selgitame \u00f5ppimise tasemeid.<\/span><span style=\"font-weight: 400;\"><br \/><\/span><\/li><li style=\"font-weight: 400;\" aria-level=\"1\"><span style=\"font-weight: 400;\">Abi kursusele registreerimise, viisapaberite ja paindliku ajakava koostamisel<\/span><span style=\"font-weight: 400;\"><br \/><\/span><\/li><li style=\"font-weight: 400;\" aria-level=\"1\"><span style=\"font-weight: 400;\">Toetame sind hiljem kutse- v\u00f5i \u00fclikoolitaseme kursustele \u00fcleminekul.<\/span><\/li><\/ul><h3>\u00a0<span style=\"background-color: transparent; font-family: Arial, sans-serif; font-size: 11pt; white-space-collapse: preserve; letter-spacing: normal;\">Soovid \u00f5ppida inglise keelt Austraalias?<\/span><\/h3>\t\t\t\t\t\t\t\t<\/div>\n\t\t\t\t<\/div>\n\t\t\t\t\t<\/div>\n\t\t<\/div>\n\t\t\t\t\t<\/div>\n\t\t<\/section>\n\t\t\t\t<div class=\"elementor-element elementor-element-56077bfd elementor-widget__width-auto get-free-consultation elementor-widget elementor-widget-button\" data-id=\"56077bfd\" data-element_type=\"widget\" data-e-type=\"widget\" data-widget_type=\"button.default\">\n\t\t\t\t<div class=\"elementor-widget-container\">\n\t\t\t\t\t\t\t\t\t<div class=\"elementor-button-wrapper\">\n\t\t\t\t\t<a class=\"elementor-button elementor-button-link elementor-size-sm elementor-animation-float\" href=\"\/et\/linas-contact-us\/\">\n\t\t\t\t\t\t<span class=\"elementor-button-content-wrapper\">\n\t\t\t\t\t\t\t\t\t<span class=\"elementor-button-text\">Leiame sulle kursuse<\/span>\n\t\t\t\t\t<\/span>\n\t\t\t\t\t<\/a>\n\t\t\t\t<\/div>\n\t\t\t\t\t\t\t\t<\/div>\n\t\t\t\t<\/div>\n\t\t\t\t\t<\/div>\n\t\t<\/div>\n\t\t\t\t\t<\/div>\n\t\t<\/section>\n\t\t\t\t<\/div>","protected":false},"excerpt":{"rendered":"<p>Boost your confidence. Unlock more opportunities. Speak like you belong. Whether you want to improve your English for everyday life, study, work, or migration \u2014 studying English in Australia is the smartest (and fastest) way to get fluent. We\u2019ll help you find the right school, course, and price \u2014 and guide you through your visa [&hellip;]<\/p>\n","protected":false},"author":2,"featured_media":6088,"parent":9190,"menu_order":0,"comment_status":"closed","ping_status":"closed","template":"","meta":{"footnotes":""},"class_list":["post-9214","page","type-page","status-publish","has-post-thumbnail","hentry"],"yoast_head":"<!-- This site is optimized with the Yoast SEO plugin v27.2 - https:\/\/yoast.com\/product\/yoast-seo-wordpress\/ -->\n<title>English Courses - Study In Australia<\/title>\n<meta name=\"description\" content=\"Boost your English in Australia with LinAs \u2013 improve fluency, prepare for IELTS\/PTE, and gain confidence for work, study, or everyday life.\" \/>\n<meta name=\"robots\" content=\"index, follow, max-snippet:-1, max-image-preview:large, max-video-preview:-1\" \/>\n<link rel=\"canonical\" href=\"https:\/\/www.linas.com.au\/et\/courses\/english-courses\/\" \/>\n<meta property=\"og:locale\" content=\"et_EE\" \/>\n<meta property=\"og:type\" content=\"article\" \/>\n<meta property=\"og:title\" content=\"English Courses - Study In Australia\" \/>\n<meta property=\"og:description\" content=\"Boost your English in Australia with LinAs \u2013 improve fluency, prepare for IELTS\/PTE, and gain confidence for work, study, or everyday life.\" \/>\n<meta property=\"og:url\" content=\"https:\/\/www.linas.com.au\/et\/courses\/english-courses\/\" \/>\n<meta property=\"og:site_name\" content=\"Study In Australia\" \/>\n<meta property=\"article:modified_time\" content=\"2025-12-15T17:17:34+00:00\" \/>\n<meta property=\"og:image\" content=\"https:\/\/www.linas.com.au\/wp-content\/uploads\/2021\/10\/English-course-Scholarship.jpg\" \/>\n\t<meta property=\"og:image:width\" content=\"1080\" \/>\n\t<meta property=\"og:image:height\" content=\"1080\" \/>\n\t<meta property=\"og:image:type\" content=\"image\/jpeg\" \/>\n<meta name=\"twitter:card\" content=\"summary_large_image\" \/>\n<meta name=\"twitter:label1\" content=\"Est. reading time\" \/>\n\t<meta name=\"twitter:data1\" content=\"2 minutit\" \/>\n<script type=\"application\/ld+json\" class=\"yoast-schema-graph\">{\"@context\":\"https:\/\/schema.org\",\"@graph\":[{\"@type\":\"WebPage\",\"@id\":\"https:\/\/www.linas.com.au\/lt\/courses\/english-courses\/\",\"url\":\"https:\/\/www.linas.com.au\/lt\/courses\/english-courses\/\",\"name\":\"English Courses - Study In Australia\",\"isPartOf\":{\"@id\":\"https:\/\/www.linas.com.au\/lt\/#website\"},\"primaryImageOfPage\":{\"@id\":\"https:\/\/www.linas.com.au\/lt\/courses\/english-courses\/#primaryimage\"},\"image\":{\"@id\":\"https:\/\/www.linas.com.au\/lt\/courses\/english-courses\/#primaryimage\"},\"thumbnailUrl\":\"https:\/\/www.linas.com.au\/wp-content\/uploads\/2021\/10\/English-course-Scholarship.jpg\",\"datePublished\":\"2025-07-23T15:16:41+00:00\",\"dateModified\":\"2025-12-15T17:17:34+00:00\",\"description\":\"Boost your English in Australia with LinAs \u2013 improve fluency, prepare for IELTS\/PTE, and gain confidence for work, study, or everyday life.\",\"breadcrumb\":{\"@id\":\"https:\/\/www.linas.com.au\/lt\/courses\/english-courses\/#breadcrumb\"},\"inLanguage\":\"et\",\"potentialAction\":[{\"@type\":\"ReadAction\",\"target\":[\"https:\/\/www.linas.com.au\/lt\/courses\/english-courses\/\"]}]},{\"@type\":\"ImageObject\",\"inLanguage\":\"et\",\"@id\":\"https:\/\/www.linas.com.au\/lt\/courses\/english-courses\/#primaryimage\",\"url\":\"https:\/\/www.linas.com.au\/wp-content\/uploads\/2021\/10\/English-course-Scholarship.jpg\",\"contentUrl\":\"https:\/\/www.linas.com.au\/wp-content\/uploads\/2021\/10\/English-course-Scholarship.jpg\",\"width\":1080,\"height\":1080},{\"@type\":\"BreadcrumbList\",\"@id\":\"https:\/\/www.linas.com.au\/lt\/courses\/english-courses\/#breadcrumb\",\"itemListElement\":[{\"@type\":\"ListItem\",\"position\":1,\"name\":\"Home\",\"item\":\"https:\/\/www.linas.com.au\/et\/\"},{\"@type\":\"ListItem\",\"position\":2,\"name\":\"Courses\",\"item\":\"https:\/\/www.linas.com.au\/courses\/\"},{\"@type\":\"ListItem\",\"position\":3,\"name\":\"English Courses\"}]},{\"@type\":\"WebSite\",\"@id\":\"https:\/\/www.linas.com.au\/lt\/#website\",\"url\":\"https:\/\/www.linas.com.au\/lt\/\",\"name\":\"Study In Australia\",\"description\":\"\",\"publisher\":{\"@id\":\"https:\/\/www.linas.com.au\/lt\/#organization\"},\"potentialAction\":[{\"@type\":\"SearchAction\",\"target\":{\"@type\":\"EntryPoint\",\"urlTemplate\":\"https:\/\/www.linas.com.au\/lt\/?s={search_term_string}\"},\"query-input\":{\"@type\":\"PropertyValueSpecification\",\"valueRequired\":true,\"valueName\":\"search_term_string\"}}],\"inLanguage\":\"et\"},{\"@type\":\"Organization\",\"@id\":\"https:\/\/www.linas.com.au\/lt\/#organization\",\"name\":\"LinAs Student Agency\",\"url\":\"https:\/\/www.linas.com.au\/lt\/\",\"logo\":{\"@type\":\"ImageObject\",\"inLanguage\":\"et\",\"@id\":\"https:\/\/www.linas.com.au\/lt\/#\/schema\/logo\/image\/\",\"url\":\"https:\/\/www.linas.com.au\/wp-content\/uploads\/2025\/12\/social_logo.jpg\",\"contentUrl\":\"https:\/\/www.linas.com.au\/wp-content\/uploads\/2025\/12\/social_logo.jpg\",\"width\":800,\"height\":315,\"caption\":\"LinAs Student Agency\"},\"image\":{\"@id\":\"https:\/\/www.linas.com.au\/lt\/#\/schema\/logo\/image\/\"},\"sameAs\":[\"https:\/\/www.instagram.com\/linasaustralia\/\"]}]}<\/script>\n<!-- \/ Yoast SEO plugin. -->","yoast_head_json":{"title":"Inglise keele kursused \u2013 \u00f5pingud Austraalias","description":"Paranda oma inglise keelt Austraalias koos LinAsiga \u2013 suurenda keeleoskust, valmistu IELTS-i v\u00f5i PTE eksamiteks ning saa enesekindlust t\u00f6\u00f6ks, \u00f5pinguteks v\u00f5i igap\u00e4evaeluks.","robots":{"index":"index","follow":"follow","max-snippet":"max-snippet:-1","max-image-preview":"max-image-preview:large","max-video-preview":"max-video-preview:-1"},"canonical":"https:\/\/www.linas.com.au\/et\/courses\/english-courses\/","og_locale":"et_EE","og_type":"article","og_title":"English Courses - Study In Australia","og_description":"Boost your English in Australia with LinAs \u2013 improve fluency, prepare for IELTS\/PTE, and gain confidence for work, study, or everyday life.","og_url":"https:\/\/www.linas.com.au\/et\/courses\/english-courses\/","og_site_name":"Study In Australia","article_modified_time":"2025-12-15T17:17:34+00:00","og_image":[{"width":1080,"height":1080,"url":"https:\/\/www.linas.com.au\/wp-content\/uploads\/2021\/10\/English-course-Scholarship.jpg","type":"image\/jpeg"}],"twitter_card":"summary_large_image","twitter_misc":{"Est. reading time":"2 minutit"},"schema":{"@context":"https:\/\/schema.org","@graph":[{"@type":"WebPage","@id":"https:\/\/www.linas.com.au\/lt\/courses\/english-courses\/","url":"https:\/\/www.linas.com.au\/lt\/courses\/english-courses\/","name":"Inglise keele kursused \u2013 \u00f5pingud Austraalias","isPartOf":{"@id":"https:\/\/www.linas.com.au\/lt\/#website"},"primaryImageOfPage":{"@id":"https:\/\/www.linas.com.au\/lt\/courses\/english-courses\/#primaryimage"},"image":{"@id":"https:\/\/www.linas.com.au\/lt\/courses\/english-courses\/#primaryimage"},"thumbnailUrl":"https:\/\/www.linas.com.au\/wp-content\/uploads\/2021\/10\/English-course-Scholarship.jpg","datePublished":"2025-07-23T15:16:41+00:00","dateModified":"2025-12-15T17:17:34+00:00","description":"Paranda oma inglise keelt Austraalias koos LinAsiga \u2013 suurenda keeleoskust, valmistu IELTS-i v\u00f5i PTE eksamiteks ning saa enesekindlust t\u00f6\u00f6ks, \u00f5pinguteks v\u00f5i igap\u00e4evaeluks.","breadcrumb":{"@id":"https:\/\/www.linas.com.au\/lt\/courses\/english-courses\/#breadcrumb"},"inLanguage":"et","potentialAction":[{"@type":"ReadAction","target":["https:\/\/www.linas.com.au\/lt\/courses\/english-courses\/"]}]},{"@type":"ImageObject","inLanguage":"et","@id":"https:\/\/www.linas.com.au\/lt\/courses\/english-courses\/#primaryimage","url":"https:\/\/www.linas.com.au\/wp-content\/uploads\/2021\/10\/English-course-Scholarship.jpg","contentUrl":"https:\/\/www.linas.com.au\/wp-content\/uploads\/2021\/10\/English-course-Scholarship.jpg","width":1080,"height":1080},{"@type":"BreadcrumbList","@id":"https:\/\/www.linas.com.au\/lt\/courses\/english-courses\/#breadcrumb","itemListElement":[{"@type":"ListItem","position":1,"name":"Home","item":"https:\/\/www.linas.com.au\/et\/"},{"@type":"ListItem","position":2,"name":"Courses","item":"https:\/\/www.linas.com.au\/courses\/"},{"@type":"ListItem","position":3,"name":"English Courses"}]},{"@type":"WebSite","@id":"https:\/\/www.linas.com.au\/lt\/#website","url":"https:\/\/www.linas.com.au\/lt\/","name":"Study In Australia","description":"","publisher":{"@id":"https:\/\/www.linas.com.au\/lt\/#organization"},"potentialAction":[{"@type":"SearchAction","target":{"@type":"EntryPoint","urlTemplate":"https:\/\/www.linas.com.au\/lt\/?s={search_term_string}"},"query-input":{"@type":"PropertyValueSpecification","valueRequired":true,"valueName":"search_term_string"}}],"inLanguage":"et"},{"@type":"Organization","@id":"https:\/\/www.linas.com.au\/lt\/#organization","name":"LinAs Student Agency","url":"https:\/\/www.linas.com.au\/lt\/","logo":{"@type":"ImageObject","inLanguage":"et","@id":"https:\/\/www.linas.com.au\/lt\/#\/schema\/logo\/image\/","url":"https:\/\/www.linas.com.au\/wp-content\/uploads\/2025\/12\/social_logo.jpg","contentUrl":"https:\/\/www.linas.com.au\/wp-content\/uploads\/2025\/12\/social_logo.jpg","width":800,"height":315,"caption":"LinAs Student Agency"},"image":{"@id":"https:\/\/www.linas.com.au\/lt\/#\/schema\/logo\/image\/"},"sameAs":["https:\/\/www.instagram.com\/linasaustralia\/"]}]}},"_links":{"self":[{"href":"https:\/\/www.linas.com.au\/et\/wp-json\/wp\/v2\/pages\/9214","targetHints":{"allow":["GET"]}}],"collection":[{"href":"https:\/\/www.linas.com.au\/et\/wp-json\/wp\/v2\/pages"}],"about":[{"href":"https:\/\/www.linas.com.au\/et\/wp-json\/wp\/v2\/types\/page"}],"author":[{"embeddable":true,"href":"https:\/\/www.linas.com.au\/et\/wp-json\/wp\/v2\/users\/2"}],"replies":[{"embeddable":true,"href":"https:\/\/www.linas.com.au\/et\/wp-json\/wp\/v2\/comments?post=9214"}],"version-history":[{"count":7,"href":"https:\/\/www.linas.com.au\/et\/wp-json\/wp\/v2\/pages\/9214\/revisions"}],"predecessor-version":[{"id":10451,"href":"https:\/\/www.linas.com.au\/et\/wp-json\/wp\/v2\/pages\/9214\/revisions\/10451"}],"up":[{"embeddable":true,"href":"https:\/\/www.linas.com.au\/et\/wp-json\/wp\/v2\/pages\/9190"}],"wp:featuredmedia":[{"embeddable":true,"href":"https:\/\/www.linas.com.au\/et\/wp-json\/wp\/v2\/media\/6088"}],"wp:attachment":[{"href":"https:\/\/www.linas.com.au\/et\/wp-json\/wp\/v2\/media?parent=9214"}],"curies":[{"name":"wp","href":"https:\/\/api.w.org\/{rel}","templated":true}]}}