     {"id":9201,"date":"2025-07-23T14:34:18","date_gmt":"2025-07-23T14:34:18","guid":{"rendered":"https:\/\/www.linas.com.au\/?page_id=9201"},"modified":"2025-12-15T17:15:44","modified_gmt":"2025-12-15T17:15:44","slug":"bachelor-degrees","status":"publish","type":"page","link":"https:\/\/www.linas.com.au\/et\/courses\/bachelor-degrees\/","title":{"rendered":"Bakalaureusekraadid"},"content":{"rendered":"<div data-elementor-type=\"wp-page\" data-elementor-id=\"9201\" class=\"elementor elementor-9201\" data-elementor-settings=\"{&quot;scroll_snap&quot;:&quot;yes&quot;,&quot;ha_cmc_init_switcher&quot;:&quot;no&quot;}\" data-elementor-post-type=\"page\">\n\t\t\t\t\t\t<section class=\"elementor-section elementor-top-section elementor-element elementor-element-3df86bb6 elementor-section-height-min-height elementor-section-stretched elementor-section-boxed elementor-section-height-default elementor-section-items-middle\" data-id=\"3df86bb6\" data-element_type=\"section\" data-e-type=\"section\" data-settings=\"{&quot;background_background&quot;:&quot;classic&quot;,&quot;shape_divider_bottom&quot;:&quot;tilt&quot;,&quot;stretch_section&quot;:&quot;section-stretched&quot;,&quot;_ha_eqh_enable&quot;:false}\">\n\t\t\t\t\t\t\t<div class=\"elementor-background-overlay\"><\/div>\n\t\t\t\t\t\t<div class=\"elementor-shape elementor-shape-bottom\" aria-hidden=\"true\" data-negative=\"false\">\n\t\t\t<svg xmlns=\"http:\/\/www.w3.org\/2000\/svg\" viewbox=\"0 0 1000 100\" preserveaspectratio=\"none\">\n\t<path class=\"elementor-shape-fill\" d=\"M0,6V0h1000v100L0,6z\"\/>\n<\/svg>\t\t<\/div>\n\t\t\t\t\t<div class=\"elementor-container elementor-column-gap-default\">\n\t\t\t\t\t<div class=\"elementor-column elementor-col-100 elementor-top-column elementor-element elementor-element-1edd3038\" data-id=\"1edd3038\" data-element_type=\"column\" data-e-type=\"column\">\n\t\t\t<div class=\"elementor-widget-wrap elementor-element-populated\">\n\t\t\t\t\t\t<div class=\"elementor-element elementor-element-6d57e04c elementor-widget elementor-widget-theme-post-title elementor-page-title elementor-widget-heading\" data-id=\"6d57e04c\" data-element_type=\"widget\" data-e-type=\"widget\" data-widget_type=\"theme-post-title.default\">\n\t\t\t\t<div class=\"elementor-widget-container\">\n\t\t\t\t\t<h1 class=\"elementor-heading-title elementor-size-default\">Bakalaureusekraadid<\/h1>\t\t\t\t<\/div>\n\t\t\t\t<\/div>\n\t\t\t\t\t<\/div>\n\t\t<\/div>\n\t\t\t\t\t<\/div>\n\t\t<\/section>\n\t\t\t\t<section class=\"elementor-section elementor-top-section elementor-element elementor-element-48f253cd elementor-section-stretched elementor-section-boxed elementor-section-height-default elementor-section-height-default\" data-id=\"48f253cd\" data-element_type=\"section\" data-e-type=\"section\" data-settings=\"{&quot;stretch_section&quot;:&quot;section-stretched&quot;,&quot;_ha_eqh_enable&quot;:false}\">\n\t\t\t\t\t\t<div class=\"elementor-container elementor-column-gap-default\">\n\t\t\t\t\t<div class=\"elementor-column elementor-col-100 elementor-top-column elementor-element elementor-element-600c70e\" data-id=\"600c70e\" data-element_type=\"column\" data-e-type=\"column\" data-settings=\"{&quot;background_background&quot;:&quot;classic&quot;}\">\n\t\t\t<div class=\"elementor-widget-wrap elementor-element-populated\">\n\t\t\t\t\t<div class=\"elementor-background-overlay\"><\/div>\n\t\t\t\t\t\t<section class=\"elementor-section elementor-inner-section elementor-element elementor-element-0f4f8e4 elementor-section-boxed elementor-section-height-default elementor-section-height-default\" data-id=\"0f4f8e4\" data-element_type=\"section\" data-e-type=\"section\" data-settings=\"{&quot;_ha_eqh_enable&quot;:false}\">\n\t\t\t\t\t\t<div class=\"elementor-container elementor-column-gap-default\">\n\t\t\t\t\t<div class=\"elementor-column elementor-col-100 elementor-inner-column elementor-element elementor-element-b490c43\" data-id=\"b490c43\" data-element_type=\"column\" data-e-type=\"column\">\n\t\t\t<div class=\"elementor-widget-wrap elementor-element-populated\">\n\t\t\t\t\t\t<div class=\"elementor-element elementor-element-19f1189 elementor-widget elementor-widget-text-editor\" data-id=\"19f1189\" data-element_type=\"widget\" data-e-type=\"widget\" data-widget_type=\"text-editor.default\">\n\t\t\t\t<div class=\"elementor-widget-container\">\n\t\t\t\t\t\t\t\t\t<h3><b>\u00d5pi targalt. Avasta maailma. L\u00f5peta kindla tulevikuga.<\/b><\/h3><p><span style=\"font-weight: 400;\">A <\/span><b>Bakalaureusekraad Austraalias<\/b><span style=\"font-weight: 400;\"> on sinu pilet rahvusvahelise tunnustuse, karj\u00e4\u00e4riv\u00f5imaluste ja pikaajaliste viisateede juurde. Olenemata sellest, kas oled just kooli l\u00f5petamas v\u00f5i on sul juba \u00fclikoolipunkte kogutud, aitab LinAs sul leida sobiva kursuse, kandideerida enesekindlalt ja planeerida j\u00e4rgmisi samme.<\/span><\/p><h5><b>\ud83c\udf0d Miks \u00f5ppida bakalaureusekraadi Austraalias?<\/b><\/h5><ul><li style=\"font-weight: 400;\" aria-level=\"1\"><span style=\"font-weight: 400;\">\u00dclemaailmselt tunnustatud 3-4-aastane diplom<\/span><span style=\"font-weight: 400;\"><br \/><\/span><\/li><li style=\"font-weight: 400;\" aria-level=\"1\"><span style=\"font-weight: 400;\">\u00d5petatakse inglise keeles, keskendudes reaalsetele oskustele.<\/span><span style=\"font-weight: 400;\"><br \/><\/span><\/li><li style=\"font-weight: 400;\" aria-level=\"1\"><span style=\"font-weight: 400;\">Paindlik vastuv\u00f5tt (veebruaris, juulis, m\u00f5nikord oktooberis)<\/span><span style=\"font-weight: 400;\"><br \/><\/span><\/li><li style=\"font-weight: 400;\" aria-level=\"1\"><span style=\"font-weight: 400;\">V\u00f5imalus j\u00e4tkata <\/span><b>485 Temporary Graduate Visa-t<\/b><b><br \/><\/b><\/li><li style=\"font-weight: 400;\" aria-level=\"1\"><span style=\"font-weight: 400;\">Avab tee magistri\u00f5pingutele v\u00f5i j\u00e4rgmistele migratsiooniv\u00f5imalustele<\/span><span style=\"font-weight: 400;\"><br \/><\/span><\/li><\/ul><p><b>\u2714 Faktikontroll:<\/b><span style=\"font-weight: 400;\"> Jah, bakalaureusekraadi l\u00f5petamine Austraalias annab sulle \u00f5iguse taotleda <\/span><b>Temporary Graduate Visa 485-te,<\/b><span style=\"font-weight: 400;\">kui \u00f5ppeprogramm kestab v\u00e4hemalt 2 akadeemilist aastat (92 n\u00e4dalat) ja on CRICOS registreeritud.<\/span><\/p><h5><b>\ud83d\udca1 Kursuse struktuur<\/b><\/h5><p><span style=\"font-weight: 400;\">Bakalaureusekraadid kestavad tavaliselt <\/span><b>6-8 semestrit<\/b><span style=\"font-weight: 400;\">, kus \u00f5pilased l\u00e4bivad:<\/span><\/p><ul><li style=\"font-weight: 400;\" aria-level=\"1\"><span style=\"font-weight: 400;\">Kuni <\/span><b>4 \u00f5ppeainet semestri kohta<\/b><b><br \/><\/b><\/li><li style=\"font-weight: 400;\" aria-level=\"1\"><span style=\"font-weight: 400;\">Umbes <\/span><b>8 \u00f5ppeainet aastas<\/b><b><br \/><\/b><\/li><li style=\"font-weight: 400;\" aria-level=\"1\"><span style=\"font-weight: 400;\">Lisaks v\u00f5imaldab \u00f5ppegraafik t\u00f6\u00f6tada ja j\u00e4\u00e4b ka aega elamiseks<\/span><span style=\"font-weight: 400;\"><br \/><\/span><\/li><li style=\"font-weight: 400;\" aria-level=\"1\"><span style=\"font-weight: 400;\">Samuti on sul pikad suvepuhkused ja paindlik \u00fclikooli tugi.<\/span><span style=\"font-weight: 400;\"><br \/><\/span><\/li><\/ul><h5><b>\ud83d\udcb8 Mis see k\u00f5ik maksab?<\/b><\/h5><ul><li style=\"font-weight: 400;\" aria-level=\"1\"><span style=\"font-weight: 400;\">Keskmine \u00f5ppemaks j\u00e4\u00e4b vahemikku <\/span><b>AU$14,000 kuni $25,000\/aasta<\/b><b><br \/><\/b><\/li><li style=\"font-weight: 400;\" aria-level=\"1\"><span style=\"font-weight: 400;\">M\u00f5ned eriprogrammid v\u00f5ivad maksta rohkem<\/span><span style=\"font-weight: 400;\"><br \/><\/span><\/li><li style=\"font-weight: 400;\" aria-level=\"1\"><b>Maksegraafikud<\/b><span style=\"font-weight: 400;\"> ja <\/span><b>stipendiumidele.<\/b><span style=\"font-weight: 400;\"> v\u00f5ivad olla saadaval.<\/span><span style=\"font-weight: 400;\"><br \/><\/span><span style=\"font-weight: 400;\"> Aitame sul leida lahendusi, mis sobivad sinu <\/span><b>eelarve ja eesm\u00e4rkidega.<\/b><span style=\"font-weight: 400;\">.<\/span><span style=\"font-weight: 400;\"><br \/><\/span><\/li><\/ul><h5><b>\ud83e\uddfe Viisa + 485 Post-Graduate Visa<\/b><\/h5><ul><li style=\"font-weight: 400;\" aria-level=\"1\"><span style=\"font-weight: 400;\">Sa saad <\/span><b>\u00f5ppeviisa,<\/b><span style=\"font-weight: 400;\"> mis kehtib kogu sinu kraadi\u00f5ppe v\u00e4ltel.<\/span><span style=\"font-weight: 400;\"><br \/><\/span><\/li><li style=\"font-weight: 400;\" aria-level=\"1\"><span style=\"font-weight: 400;\">P\u00e4rast l\u00f5petamist (min. 2 aastat) saad taotleda <\/span><b>485 Temporary Graduate Visa-t<\/b><b><br \/><\/b><span style=\"font-weight: 400;\"> \u2192 ja seega j\u00e4\u00e4da Austraaliasse ja t\u00f6\u00f6tada <\/span><b>veel 2 kuni 4 aastat<\/b><span style=\"font-weight: 400;\">olenevalt sinu \u00f5ppeasutusest ja kvalifikatsioonist.<\/span><span style=\"font-weight: 400;\"><br \/><\/span><\/li><\/ul><h5><b>\ud83e\udde0 Oled juba \u00fclikoolis \u00f5ppinud?<\/b><\/h5><p><span style=\"font-weight: 400;\">Sul v\u00f5ib olla v\u00f5imalus \u00fcle kanda <\/span><b>ainepunkte<\/b><span style=\"font-weight: 400;\">, v\u00e4hendades nii oma kraadi <\/span><b>kestus ja maksumust.<\/b><span style=\"font-weight: 400;\"> of your degree.<\/span><\/p><p><span style=\"font-weight: 400;\">Me aitame sul:<\/span><\/p><ol><li style=\"font-weight: 400;\" aria-level=\"1\"><span style=\"font-weight: 400;\">Vaadata \u00fcle oma varasemad \u00f5pingud<\/span><span style=\"font-weight: 400;\"><br \/><\/span><\/li><li style=\"font-weight: 400;\" aria-level=\"1\"><span style=\"font-weight: 400;\">V\u00f5imalusel leida potsentsiaalseid sobivaid aineid<\/span><span style=\"font-weight: 400;\"><br \/><\/span><\/li><li style=\"font-weight: 400;\" aria-level=\"1\"><span style=\"font-weight: 400;\">Taotleda oma varasemate \u00f5pingute arvestamist<\/span><span style=\"font-weight: 400;\"><br \/><\/span><\/li><li style=\"font-weight: 400;\" aria-level=\"1\"><span style=\"font-weight: 400;\">\u00d5pingutega kiiremini alustada<\/span><span style=\"font-weight: 400;\"><br \/><\/span><\/li><\/ol><h5><b>\ud83d\udcac Kuidas me aitame<\/b><\/h5><ul><li style=\"font-weight: 400;\" aria-level=\"1\"><span style=\"font-weight: 400;\">Soovitame <\/span><b>sinu eesm\u00e4rkide sooritamiseks parimaid \u00fclikoole<\/b><b><br \/><\/b><\/li><li style=\"font-weight: 400;\" aria-level=\"1\"><span style=\"font-weight: 400;\">V\u00f5rdle <\/span><b>kursuseid, \u00f5ppimise asukohti ja v\u00f5imalikke viisatulemusi<\/b><b><br \/><\/b><\/li><li style=\"font-weight: 400;\" aria-level=\"1\"><span style=\"font-weight: 400;\">Aitame sul kandideerida saadaolevatele <\/span><b>stipendiumidele.<\/b><b><br \/><\/b><\/li><li style=\"font-weight: 400;\" aria-level=\"1\"><span style=\"font-weight: 400;\">Aitame sul orienteeruda sisseastumistingimustes ja paberimajanduses.<\/span><span style=\"font-weight: 400;\"><br \/><\/span><\/li><\/ul><p><span style=\"font-weight: 400;\">Aitame sul planeerida teekonda <\/span><b>485 viisani ja sealt edasi.<\/b><\/p><p><span id=\"docs-internal-guid-04af7da5-7fff-6677-5eac-52505ea4f529\"><span style=\"font-size: 11pt; font-family: Arial, sans-serif; background-color: transparent; font-weight: bold; font-variant-numeric: normal; font-variant-east-asian: normal; font-variant-alternates: normal; font-variant-position: normal; font-variant-emoji: normal; vertical-align: baseline; white-space-collapse: preserve;\">Tahad \u00f5ppida bakalaureusekraadi Austraalias? Leiame sinu jaoks sobiva kursuse.<\/span><\/span><b><\/b><\/p>\t\t\t\t\t\t\t\t<\/div>\n\t\t\t\t<\/div>\n\t\t\t\t\t<\/div>\n\t\t<\/div>\n\t\t\t\t\t<\/div>\n\t\t<\/section>\n\t\t\t\t<div class=\"elementor-element elementor-element-56077bfd elementor-widget__width-auto get-free-consultation elementor-widget elementor-widget-button\" data-id=\"56077bfd\" data-element_type=\"widget\" data-e-type=\"widget\" data-widget_type=\"button.default\">\n\t\t\t\t<div class=\"elementor-widget-container\">\n\t\t\t\t\t\t\t\t\t<div class=\"elementor-button-wrapper\">\n\t\t\t\t\t<a class=\"elementor-button elementor-button-link elementor-size-sm elementor-animation-float\" href=\"\/et\/linas-contact-us\/\">\n\t\t\t\t\t\t<span class=\"elementor-button-content-wrapper\">\n\t\t\t\t\t\t\t\t\t<span class=\"elementor-button-text\">Alusta n\u00fc\u00fcd<\/span>\n\t\t\t\t\t<\/span>\n\t\t\t\t\t<\/a>\n\t\t\t\t<\/div>\n\t\t\t\t\t\t\t\t<\/div>\n\t\t\t\t<\/div>\n\t\t\t\t\t<\/div>\n\t\t<\/div>\n\t\t\t\t\t<\/div>\n\t\t<\/section>\n\t\t\t\t<\/div>","protected":false},"excerpt":{"rendered":"<p>Study smart. Go global. Graduate with a future. A Bachelor degree in Australia is your ticket to international recognition, career growth, and long-term visa pathways. Whether you\u2019re just finishing school or already have university credits, LinAs can help you find the right course, apply with confidence, and plan your next steps. \ud83c\udf0d Why Study a [&hellip;]<\/p>\n","protected":false},"author":2,"featured_media":5355,"parent":9190,"menu_order":0,"comment_status":"closed","ping_status":"closed","template":"","meta":{"footnotes":""},"class_list":["post-9201","page","type-page","status-publish","has-post-thumbnail","hentry"],"yoast_head":"<!-- This site is optimized with the Yoast SEO plugin v27.5 - https:\/\/yoast.com\/product\/yoast-seo-wordpress\/ -->\n<title>Bachelor Degrees - Study In Australia<\/title>\n<meta name=\"description\" content=\"Explore Bachelor degrees in Australia with LinAs \u2013 gain international recognition, career growth, and post-study visa opportunities.\" \/>\n<meta name=\"robots\" content=\"index, follow, max-snippet:-1, max-image-preview:large, max-video-preview:-1\" \/>\n<link rel=\"canonical\" href=\"https:\/\/www.linas.com.au\/et\/courses\/bachelor-degrees\/\" \/>\n<meta property=\"og:locale\" content=\"et_EE\" \/>\n<meta property=\"og:type\" content=\"article\" \/>\n<meta property=\"og:title\" content=\"Bachelor Degrees - Study In Australia\" \/>\n<meta property=\"og:description\" content=\"Explore Bachelor degrees in Australia with LinAs \u2013 gain international recognition, career growth, and post-study visa opportunities.\" \/>\n<meta property=\"og:url\" content=\"https:\/\/www.linas.com.au\/et\/courses\/bachelor-degrees\/\" \/>\n<meta property=\"og:site_name\" content=\"Study In Australia\" \/>\n<meta property=\"article:modified_time\" content=\"2025-12-15T17:15:44+00:00\" \/>\n<meta property=\"og:image\" content=\"https:\/\/www.linas.com.au\/wp-content\/uploads\/2021\/09\/8.png\" \/>\n\t<meta property=\"og:image:width\" content=\"1080\" \/>\n\t<meta property=\"og:image:height\" content=\"1080\" \/>\n\t<meta property=\"og:image:type\" content=\"image\/png\" \/>\n<meta name=\"twitter:card\" content=\"summary_large_image\" \/>\n<meta name=\"twitter:label1\" content=\"Est. reading time\" \/>\n\t<meta name=\"twitter:data1\" content=\"2 minutit\" \/>\n<script type=\"application\/ld+json\" class=\"yoast-schema-graph\">{\"@context\":\"https:\\\/\\\/schema.org\",\"@graph\":[{\"@type\":\"WebPage\",\"@id\":\"https:\\\/\\\/www.linas.com.au\\\/lt\\\/courses\\\/bachelor-degrees\\\/\",\"url\":\"https:\\\/\\\/www.linas.com.au\\\/lt\\\/courses\\\/bachelor-degrees\\\/\",\"name\":\"Bachelor Degrees - Study In Australia\",\"isPartOf\":{\"@id\":\"https:\\\/\\\/www.linas.com.au\\\/#website\"},\"primaryImageOfPage\":{\"@id\":\"https:\\\/\\\/www.linas.com.au\\\/lt\\\/courses\\\/bachelor-degrees\\\/#primaryimage\"},\"image\":{\"@id\":\"https:\\\/\\\/www.linas.com.au\\\/lt\\\/courses\\\/bachelor-degrees\\\/#primaryimage\"},\"thumbnailUrl\":\"https:\\\/\\\/www.linas.com.au\\\/wp-content\\\/uploads\\\/2021\\\/09\\\/8.png\",\"datePublished\":\"2025-07-23T14:34:18+00:00\",\"dateModified\":\"2025-12-15T17:15:44+00:00\",\"description\":\"Explore Bachelor degrees in Australia with LinAs \u2013 gain international recognition, career growth, and post-study visa opportunities.\",\"breadcrumb\":{\"@id\":\"https:\\\/\\\/www.linas.com.au\\\/lt\\\/courses\\\/bachelor-degrees\\\/#breadcrumb\"},\"inLanguage\":\"et\",\"potentialAction\":[{\"@type\":\"ReadAction\",\"target\":[\"https:\\\/\\\/www.linas.com.au\\\/lt\\\/courses\\\/bachelor-degrees\\\/\"]}]},{\"@type\":\"ImageObject\",\"inLanguage\":\"et\",\"@id\":\"https:\\\/\\\/www.linas.com.au\\\/lt\\\/courses\\\/bachelor-degrees\\\/#primaryimage\",\"url\":\"https:\\\/\\\/www.linas.com.au\\\/wp-content\\\/uploads\\\/2021\\\/09\\\/8.png\",\"contentUrl\":\"https:\\\/\\\/www.linas.com.au\\\/wp-content\\\/uploads\\\/2021\\\/09\\\/8.png\",\"width\":1080,\"height\":1080,\"caption\":\"$9000 Bachelor In Business\"},{\"@type\":\"BreadcrumbList\",\"@id\":\"https:\\\/\\\/www.linas.com.au\\\/lt\\\/courses\\\/bachelor-degrees\\\/#breadcrumb\",\"itemListElement\":[{\"@type\":\"ListItem\",\"position\":1,\"name\":\"Home\",\"item\":\"https:\\\/\\\/www.linas.com.au\\\/\"},{\"@type\":\"ListItem\",\"position\":2,\"name\":\"Courses\",\"item\":\"https:\\\/\\\/www.linas.com.au\\\/courses\\\/\"},{\"@type\":\"ListItem\",\"position\":3,\"name\":\"Bachelor Degrees\"}]},{\"@type\":\"WebSite\",\"@id\":\"https:\\\/\\\/www.linas.com.au\\\/#website\",\"url\":\"https:\\\/\\\/www.linas.com.au\\\/\",\"name\":\"Study In Australia\",\"description\":\"\",\"publisher\":{\"@id\":\"https:\\\/\\\/www.linas.com.au\\\/#organization\"},\"potentialAction\":[{\"@type\":\"SearchAction\",\"target\":{\"@type\":\"EntryPoint\",\"urlTemplate\":\"https:\\\/\\\/www.linas.com.au\\\/?s={search_term_string}\"},\"query-input\":{\"@type\":\"PropertyValueSpecification\",\"valueRequired\":true,\"valueName\":\"search_term_string\"}}],\"inLanguage\":\"et\"},{\"@type\":\"Organization\",\"@id\":\"https:\\\/\\\/www.linas.com.au\\\/#organization\",\"name\":\"LinAs Student Agency\",\"url\":\"https:\\\/\\\/www.linas.com.au\\\/\",\"logo\":{\"@type\":\"ImageObject\",\"inLanguage\":\"et\",\"@id\":\"https:\\\/\\\/www.linas.com.au\\\/#\\\/schema\\\/logo\\\/image\\\/\",\"url\":\"https:\\\/\\\/www.linas.com.au\\\/wp-content\\\/uploads\\\/2025\\\/12\\\/social_logo.jpg\",\"contentUrl\":\"https:\\\/\\\/www.linas.com.au\\\/wp-content\\\/uploads\\\/2025\\\/12\\\/social_logo.jpg\",\"width\":800,\"height\":315,\"caption\":\"LinAs Student Agency\"},\"image\":{\"@id\":\"https:\\\/\\\/www.linas.com.au\\\/#\\\/schema\\\/logo\\\/image\\\/\"},\"sameAs\":[\"https:\\\/\\\/www.instagram.com\\\/linasaustralia\\\/\"]}]}<\/script>\n<!-- \/ Yoast SEO plugin. -->","yoast_head_json":{"title":"Bakalaureuse\u00f5pe \u2013 \u00f5pingud Austraalias","description":"Avastage bakalaureuse\u00f5pingud Austraalias koos LinAsiga \u2013 saavutage rahvusvaheline tunnustus, karj\u00e4\u00e4riv\u00f5imalused ja v\u00f5imalus taotleda \u00f5pinguj\u00e4rgset viisat.","robots":{"index":"index","follow":"follow","max-snippet":"max-snippet:-1","max-image-preview":"max-image-preview:large","max-video-preview":"max-video-preview:-1"},"canonical":"https:\/\/www.linas.com.au\/et\/courses\/bachelor-degrees\/","og_locale":"et_EE","og_type":"article","og_title":"Bachelor Degrees - Study In Australia","og_description":"Explore Bachelor degrees in Australia with LinAs \u2013 gain international recognition, career growth, and post-study visa opportunities.","og_url":"https:\/\/www.linas.com.au\/et\/courses\/bachelor-degrees\/","og_site_name":"Study In Australia","article_modified_time":"2025-12-15T17:15:44+00:00","og_image":[{"width":1080,"height":1080,"url":"https:\/\/www.linas.com.au\/wp-content\/uploads\/2021\/09\/8.png","type":"image\/png"}],"twitter_card":"summary_large_image","twitter_misc":{"Est. reading time":"2 minutit"},"schema":{"@context":"https:\/\/schema.org","@graph":[{"@type":"WebPage","@id":"https:\/\/www.linas.com.au\/lt\/courses\/bachelor-degrees\/","url":"https:\/\/www.linas.com.au\/lt\/courses\/bachelor-degrees\/","name":"Bakalaureuse\u00f5pe \u2013 \u00f5pingud Austraalias","isPartOf":{"@id":"https:\/\/www.linas.com.au\/#website"},"primaryImageOfPage":{"@id":"https:\/\/www.linas.com.au\/lt\/courses\/bachelor-degrees\/#primaryimage"},"image":{"@id":"https:\/\/www.linas.com.au\/lt\/courses\/bachelor-degrees\/#primaryimage"},"thumbnailUrl":"https:\/\/www.linas.com.au\/wp-content\/uploads\/2021\/09\/8.png","datePublished":"2025-07-23T14:34:18+00:00","dateModified":"2025-12-15T17:15:44+00:00","description":"Avastage bakalaureuse\u00f5pingud Austraalias koos LinAsiga \u2013 saavutage rahvusvaheline tunnustus, karj\u00e4\u00e4riv\u00f5imalused ja v\u00f5imalus taotleda \u00f5pinguj\u00e4rgset viisat.","breadcrumb":{"@id":"https:\/\/www.linas.com.au\/lt\/courses\/bachelor-degrees\/#breadcrumb"},"inLanguage":"et","potentialAction":[{"@type":"ReadAction","target":["https:\/\/www.linas.com.au\/lt\/courses\/bachelor-degrees\/"]}]},{"@type":"ImageObject","inLanguage":"et","@id":"https:\/\/www.linas.com.au\/lt\/courses\/bachelor-degrees\/#primaryimage","url":"https:\/\/www.linas.com.au\/wp-content\/uploads\/2021\/09\/8.png","contentUrl":"https:\/\/www.linas.com.au\/wp-content\/uploads\/2021\/09\/8.png","width":1080,"height":1080,"caption":"$9000 Bachelor In Business"},{"@type":"BreadcrumbList","@id":"https:\/\/www.linas.com.au\/lt\/courses\/bachelor-degrees\/#breadcrumb","itemListElement":[{"@type":"ListItem","position":1,"name":"Home","item":"https:\/\/www.linas.com.au\/"},{"@type":"ListItem","position":2,"name":"Courses","item":"https:\/\/www.linas.com.au\/courses\/"},{"@type":"ListItem","position":3,"name":"Bachelor Degrees"}]},{"@type":"WebSite","@id":"https:\/\/www.linas.com.au\/#website","url":"https:\/\/www.linas.com.au\/","name":"Study In Australia","description":"","publisher":{"@id":"https:\/\/www.linas.com.au\/#organization"},"potentialAction":[{"@type":"SearchAction","target":{"@type":"EntryPoint","urlTemplate":"https:\/\/www.linas.com.au\/?s={search_term_string}"},"query-input":{"@type":"PropertyValueSpecification","valueRequired":true,"valueName":"search_term_string"}}],"inLanguage":"et"},{"@type":"Organization","@id":"https:\/\/www.linas.com.au\/#organization","name":"LinAs Student Agency","url":"https:\/\/www.linas.com.au\/","logo":{"@type":"ImageObject","inLanguage":"et","@id":"https:\/\/www.linas.com.au\/#\/schema\/logo\/image\/","url":"https:\/\/www.linas.com.au\/wp-content\/uploads\/2025\/12\/social_logo.jpg","contentUrl":"https:\/\/www.linas.com.au\/wp-content\/uploads\/2025\/12\/social_logo.jpg","width":800,"height":315,"caption":"LinAs Student Agency"},"image":{"@id":"https:\/\/www.linas.com.au\/#\/schema\/logo\/image\/"},"sameAs":["https:\/\/www.instagram.com\/linasaustralia\/"]}]}},"_links":{"self":[{"href":"https:\/\/www.linas.com.au\/et\/wp-json\/wp\/v2\/pages\/9201","targetHints":{"allow":["GET"]}}],"collection":[{"href":"https:\/\/www.linas.com.au\/et\/wp-json\/wp\/v2\/pages"}],"about":[{"href":"https:\/\/www.linas.com.au\/et\/wp-json\/wp\/v2\/types\/page"}],"author":[{"embeddable":true,"href":"https:\/\/www.linas.com.au\/et\/wp-json\/wp\/v2\/users\/2"}],"replies":[{"embeddable":true,"href":"https:\/\/www.linas.com.au\/et\/wp-json\/wp\/v2\/comments?post=9201"}],"version-history":[{"count":7,"href":"https:\/\/www.linas.com.au\/et\/wp-json\/wp\/v2\/pages\/9201\/revisions"}],"predecessor-version":[{"id":10449,"href":"https:\/\/www.linas.com.au\/et\/wp-json\/wp\/v2\/pages\/9201\/revisions\/10449"}],"up":[{"embeddable":true,"href":"https:\/\/www.linas.com.au\/et\/wp-json\/wp\/v2\/pages\/9190"}],"wp:featuredmedia":[{"embeddable":true,"href":"https:\/\/www.linas.com.au\/et\/wp-json\/wp\/v2\/media\/5355"}],"wp:attachment":[{"href":"https:\/\/www.linas.com.au\/et\/wp-json\/wp\/v2\/media?parent=9201"}],"curies":[{"name":"wp","href":"https:\/\/api.w.org\/{rel}","templated":true}]}}