     {"id":9169,"date":"2025-07-23T12:52:00","date_gmt":"2025-07-23T12:52:00","guid":{"rendered":"https:\/\/www.linas.com.au\/?page_id=9169"},"modified":"2025-12-24T04:16:39","modified_gmt":"2025-12-24T04:16:39","slug":"life-in-australia","status":"publish","type":"page","link":"https:\/\/www.linas.com.au\/et\/life-in-australia\/","title":{"rendered":"Elu Austraalias"},"content":{"rendered":"<div data-elementor-type=\"wp-page\" data-elementor-id=\"9169\" class=\"elementor elementor-9169\" data-elementor-settings=\"{&quot;ha_cmc_init_switcher&quot;:&quot;no&quot;}\" data-elementor-post-type=\"page\">\n\t\t\t\t\t\t<section class=\"elementor-section elementor-top-section elementor-element elementor-element-3df86bb6 elementor-section-height-min-height elementor-section-stretched elementor-section-boxed elementor-section-height-default elementor-section-items-middle\" data-id=\"3df86bb6\" data-element_type=\"section\" data-e-type=\"section\" data-settings=\"{&quot;background_background&quot;:&quot;classic&quot;,&quot;shape_divider_bottom&quot;:&quot;tilt&quot;,&quot;stretch_section&quot;:&quot;section-stretched&quot;,&quot;_ha_eqh_enable&quot;:false}\">\n\t\t\t\t\t\t\t<div class=\"elementor-background-overlay\"><\/div>\n\t\t\t\t\t\t<div class=\"elementor-shape elementor-shape-bottom\" aria-hidden=\"true\" data-negative=\"false\">\n\t\t\t<svg xmlns=\"http:\/\/www.w3.org\/2000\/svg\" viewbox=\"0 0 1000 100\" preserveaspectratio=\"none\">\n\t<path class=\"elementor-shape-fill\" d=\"M0,6V0h1000v100L0,6z\"\/>\n<\/svg>\t\t<\/div>\n\t\t\t\t\t<div class=\"elementor-container elementor-column-gap-default\">\n\t\t\t\t\t<div class=\"elementor-column elementor-col-100 elementor-top-column elementor-element elementor-element-1edd3038\" data-id=\"1edd3038\" data-element_type=\"column\" data-e-type=\"column\">\n\t\t\t<div class=\"elementor-widget-wrap elementor-element-populated\">\n\t\t\t\t\t\t<div class=\"elementor-element elementor-element-6d57e04c elementor-widget elementor-widget-theme-post-title elementor-page-title elementor-widget-heading\" data-id=\"6d57e04c\" data-element_type=\"widget\" data-e-type=\"widget\" data-widget_type=\"theme-post-title.default\">\n\t\t\t\t<div class=\"elementor-widget-container\">\n\t\t\t\t\t<h1 class=\"elementor-heading-title elementor-size-default\">Elu Austraalias<\/h1>\t\t\t\t<\/div>\n\t\t\t\t<\/div>\n\t\t\t\t\t<\/div>\n\t\t<\/div>\n\t\t\t\t\t<\/div>\n\t\t<\/section>\n\t\t\t\t<section class=\"elementor-section elementor-top-section elementor-element elementor-element-48f253cd elementor-section-stretched elementor-section-boxed elementor-section-height-default elementor-section-height-default\" data-id=\"48f253cd\" data-element_type=\"section\" data-e-type=\"section\" data-settings=\"{&quot;stretch_section&quot;:&quot;section-stretched&quot;,&quot;_ha_eqh_enable&quot;:false}\">\n\t\t\t\t\t\t<div class=\"elementor-container elementor-column-gap-default\">\n\t\t\t\t\t<div class=\"elementor-column elementor-col-100 elementor-top-column elementor-element elementor-element-600c70e\" data-id=\"600c70e\" data-element_type=\"column\" data-e-type=\"column\" data-settings=\"{&quot;background_background&quot;:&quot;classic&quot;}\">\n\t\t\t<div class=\"elementor-widget-wrap elementor-element-populated\">\n\t\t\t\t\t<div class=\"elementor-background-overlay\"><\/div>\n\t\t\t\t\t\t<section class=\"elementor-section elementor-inner-section elementor-element elementor-element-234b897 elementor-section-boxed elementor-section-height-default elementor-section-height-default\" data-id=\"234b897\" data-element_type=\"section\" data-e-type=\"section\" data-settings=\"{&quot;_ha_eqh_enable&quot;:false}\">\n\t\t\t\t\t\t<div class=\"elementor-container elementor-column-gap-default\">\n\t\t\t\t\t<div class=\"elementor-column elementor-col-33 elementor-inner-column elementor-element elementor-element-14a6806\" data-id=\"14a6806\" data-element_type=\"column\" data-e-type=\"column\">\n\t\t\t<div class=\"elementor-widget-wrap elementor-element-populated\">\n\t\t\t\t\t\t<div class=\"elementor-element elementor-element-694504ce ha-card--top ha-card--tablet-top ha-card--mobile-top elementor-widget elementor-widget-ha-card happy-addon ha-card\" data-id=\"694504ce\" data-element_type=\"widget\" data-e-type=\"widget\" data-widget_type=\"ha-card.default\">\n\t\t\t\t<div class=\"elementor-widget-container\">\n\t\t\t\t\t\n\t\t\t\t\t<figure class=\"ha-card-figure\">\n\t\t\t\t<img fetchpriority=\"high\" decoding=\"async\" width=\"580\" height=\"387\" src=\"https:\/\/13.54.100.172\/wp-content\/uploads\/2025\/07\/marketing-1024x683.jpg\" class=\"attachment-large size-large wp-image-9315\" alt=\"Elamiskulud Austraalias\" srcset=\"https:\/\/13.54.100.172\/wp-content\/uploads\/2025\/07\/marketing-1024x683.jpg 1024w, https:\/\/13.54.100.172\/wp-content\/uploads\/2025\/07\/marketing-300x200.jpg 300w, https:\/\/13.54.100.172\/wp-content\/uploads\/2025\/07\/marketing-768x512.jpg 768w, https:\/\/13.54.100.172\/wp-content\/uploads\/2025\/07\/marketing-1200x800.jpg 1200w, https:\/\/13.54.100.172\/wp-content\/uploads\/2025\/07\/marketing.jpg 1279w\" sizes=\"(max-width: 580px) 100vw, 580px\" \/>\t\t\t\t\t\t\t<\/figure>\n\t\t\n\t\t<div class=\"ha-card-body\">\n\n\t\t\t<h2 class=\"ha-card-title\">Elamiskulud Austraalias<\/h2>\n\t\t\t\t\t\t\t<div class=\"ha-card-text\">\n\t\t\t\t\t<p>Uurige, kui palju maksab Austraalias elamine rahvusvahelise \u00fcli\u00f5pilasena. Vaata n\u00e4dala eelarvet, hinnangulist \u00fc\u00fcrihinda, toitu, transporti ja seda, kui palju sa saad \u00f5ppimise ajal teenida.\n<\/p>\n\t\t\t\t<\/div>\n\t\t\t\n\t\t\t<a class=\"ha-btn\" href=\"https:\/\/www.linas.com.au\/et\/life-in-australia\/living-cost-australia\/\"><span class=\"ha-btn-text\">Suhtle meiega<\/span><\/a>\t\t<\/div>\n\t\t\t\t\t\t<\/div>\n\t\t\t\t<\/div>\n\t\t\t\t\t<\/div>\n\t\t<\/div>\n\t\t\t\t<div class=\"elementor-column elementor-col-33 elementor-inner-column elementor-element elementor-element-6bc5e60\" data-id=\"6bc5e60\" data-element_type=\"column\" data-e-type=\"column\">\n\t\t\t<div class=\"elementor-widget-wrap elementor-element-populated\">\n\t\t\t\t\t\t<div class=\"elementor-element elementor-element-4a74b4bd ha-card--top ha-card--tablet-top ha-card--mobile-top elementor-widget elementor-widget-ha-card happy-addon ha-card\" data-id=\"4a74b4bd\" data-element_type=\"widget\" data-e-type=\"widget\" data-widget_type=\"ha-card.default\">\n\t\t\t\t<div class=\"elementor-widget-container\">\n\t\t\t\t\t\n\t\t\t\t\t<figure class=\"ha-card-figure\">\n\t\t\t\t<img decoding=\"async\" width=\"580\" height=\"412\" src=\"https:\/\/13.54.100.172\/wp-content\/uploads\/2021\/03\/Untitled-design-2-1024x727.jpg\" class=\"attachment-large size-large wp-image-3626\" alt=\"Elamiskulud Austraalias\" srcset=\"https:\/\/13.54.100.172\/wp-content\/uploads\/2021\/03\/Untitled-design-2-1024x727.jpg 1024w, https:\/\/13.54.100.172\/wp-content\/uploads\/2021\/03\/Untitled-design-2-300x213.jpg 300w, https:\/\/13.54.100.172\/wp-content\/uploads\/2021\/03\/Untitled-design-2-768x545.jpg 768w, https:\/\/13.54.100.172\/wp-content\/uploads\/2021\/03\/Untitled-design-2-1536x1090.jpg 1536w, https:\/\/13.54.100.172\/wp-content\/uploads\/2021\/03\/Untitled-design-2-1200x852.jpg 1200w, https:\/\/13.54.100.172\/wp-content\/uploads\/2021\/03\/Untitled-design-2.jpg 1747w\" sizes=\"(max-width: 580px) 100vw, 580px\" \/>\t\t\t\t\t\t\t<\/figure>\n\t\t\n\t\t<div class=\"ha-card-body\">\n\n\t\t\t<h2 class=\"ha-card-title\">T\u00f6\u00f6tamine Austraalias<\/h2>\n\t\t\t\t\t\t\t<div class=\"ha-card-text\">\n\t\t\t\t\t<p>Learn how international students can work part-time in Australia. Get tips on Living cost in Australia, job types, internships, visa rules, and how LinAs helps you find the right job.\n<\/p>\n\t\t\t\t<\/div>\n\t\t\t\n\t\t\t<a class=\"ha-btn\" href=\"https:\/\/www.linas.com.au\/et\/life-in-australia\/work-in-australia\/\"><span class=\"ha-btn-text\">Let's Fnd Your Path<\/span><\/a>\t\t<\/div>\n\t\t\t\t\t\t<\/div>\n\t\t\t\t<\/div>\n\t\t\t\t\t<\/div>\n\t\t<\/div>\n\t\t\t\t<div class=\"elementor-column elementor-col-33 elementor-inner-column elementor-element elementor-element-f61147a\" data-id=\"f61147a\" data-element_type=\"column\" data-e-type=\"column\">\n\t\t\t<div class=\"elementor-widget-wrap elementor-element-populated\">\n\t\t\t\t\t\t<div class=\"elementor-element elementor-element-2086a42 ha-card--top ha-card--tablet-top ha-card--mobile-top elementor-widget elementor-widget-ha-card happy-addon ha-card\" data-id=\"2086a42\" data-element_type=\"widget\" data-e-type=\"widget\" data-widget_type=\"ha-card.default\">\n\t\t\t\t<div class=\"elementor-widget-container\">\n\t\t\t\t\t\n\t\t\t\t\t<figure class=\"ha-card-figure\">\n\t\t\t\t<img decoding=\"async\" width=\"580\" height=\"580\" src=\"https:\/\/13.54.100.172\/wp-content\/uploads\/2022\/10\/45-1024x1024.jpg\" class=\"attachment-large size-large wp-image-7637\" alt=\"Elu Austraalias\" srcset=\"https:\/\/13.54.100.172\/wp-content\/uploads\/2022\/10\/45-1024x1024.jpg 1024w, https:\/\/13.54.100.172\/wp-content\/uploads\/2022\/10\/45-300x300.jpg 300w, https:\/\/13.54.100.172\/wp-content\/uploads\/2022\/10\/45-150x150.jpg 150w, https:\/\/13.54.100.172\/wp-content\/uploads\/2022\/10\/45-768x768.jpg 768w, https:\/\/13.54.100.172\/wp-content\/uploads\/2022\/10\/45.jpg 1080w\" sizes=\"(max-width: 580px) 100vw, 580px\" \/>\t\t\t\t\t\t\t<\/figure>\n\t\t\n\t\t<div class=\"ha-card-body\">\n\n\t\t\t<h2 class=\"ha-card-title\">Hariduss\u00fcsteemi selgitatakse<\/h2>\n\t\t\t\t\t\t\t<div class=\"ha-card-text\">\n\t\t\t\t\t<p> Tutvu Austraalia hariduss\u00fcsteemiga rahvusvaheliste \u00fcli\u00f5pilaste jaoks. V\u00f5rdle inglise keele, diplomi, kaubanduse, bakalaureuse- ja magistri\u00f5ppe kursusi. Uuri v\u00e4lja, mis sobib sinu viisale, eesm\u00e4rkidele ja tulevikule.\n<\/p>\n\t\t\t\t<\/div>\n\t\t\t\n\t\t\t<a class=\"ha-btn\" href=\"https:\/\/www.linas.com.au\/et\/life-in-australia\/education-system-in-australia\/\"><span class=\"ha-btn-text\">Suhtle meiega - ei mingit survet, vaid t\u00f5eline abi.<\/span><\/a>\t\t<\/div>\n\t\t\t\t\t\t<\/div>\n\t\t\t\t<\/div>\n\t\t\t\t\t<\/div>\n\t\t<\/div>\n\t\t\t\t\t<\/div>\n\t\t<\/section>\n\t\t\t\t\t<\/div>\n\t\t<\/div>\n\t\t\t\t\t<\/div>\n\t\t<\/section>\n\t\t\t\t<\/div>","protected":false},"excerpt":{"rendered":"<p>Living cost in Australia Learn what it costs to live in Australia as an international student. See weekly budgets, rent estimates, food, transport, and how much you can earn while studying. Talk to Us Working in Australia Learn how international students can work part-time in Australia. Get tips on Living cost in Australia, job types, [&hellip;]<\/p>\n","protected":false},"author":2,"featured_media":0,"parent":0,"menu_order":0,"comment_status":"closed","ping_status":"closed","template":"","meta":{"footnotes":""},"class_list":["post-9169","page","type-page","status-publish","hentry"],"yoast_head":"<!-- This site is optimized with the Yoast SEO plugin v27.2 - https:\/\/yoast.com\/product\/yoast-seo-wordpress\/ -->\n<title>Living cost in Australia - Study In Australia<\/title>\n<meta name=\"description\" content=\"Discover Living cost in Australia for international students. Working rights, education system, and practical tips to study and live.\" \/>\n<meta name=\"robots\" content=\"index, follow, max-snippet:-1, max-image-preview:large, max-video-preview:-1\" \/>\n<link rel=\"canonical\" href=\"https:\/\/www.linas.com.au\/et\/life-in-australia\/\" \/>\n<meta property=\"og:locale\" content=\"et_EE\" \/>\n<meta property=\"og:type\" content=\"article\" \/>\n<meta property=\"og:title\" content=\"Living cost in Australia - Study In Australia\" \/>\n<meta property=\"og:description\" content=\"Discover Living cost in Australia for international students. Working rights, education system, and practical tips to study and live.\" \/>\n<meta property=\"og:url\" content=\"https:\/\/www.linas.com.au\/et\/life-in-australia\/\" \/>\n<meta property=\"og:site_name\" content=\"Study In Australia\" \/>\n<meta property=\"article:modified_time\" content=\"2025-12-24T04:16:39+00:00\" \/>\n<meta property=\"og:image\" content=\"https:\/\/www.linas.com.au\/wp-content\/uploads\/2025\/07\/marketing-1024x683.jpg\" \/>\n<meta name=\"twitter:card\" content=\"summary_large_image\" \/>\n<meta name=\"twitter:label1\" content=\"Est. reading time\" \/>\n\t<meta name=\"twitter:data1\" content=\"2 minutit\" \/>\n<script type=\"application\/ld+json\" class=\"yoast-schema-graph\">{\"@context\":\"https:\/\/schema.org\",\"@graph\":[{\"@type\":\"WebPage\",\"@id\":\"https:\/\/www.linas.com.au\/life-in-australia\/\",\"url\":\"https:\/\/www.linas.com.au\/life-in-australia\/\",\"name\":\"Living cost in Australia - Study In Australia\",\"isPartOf\":{\"@id\":\"https:\/\/www.linas.com.au\/lt\/#website\"},\"primaryImageOfPage\":{\"@id\":\"https:\/\/www.linas.com.au\/life-in-australia\/#primaryimage\"},\"image\":{\"@id\":\"https:\/\/www.linas.com.au\/life-in-australia\/#primaryimage\"},\"thumbnailUrl\":\"https:\/\/www.linas.com.au\/wp-content\/uploads\/2025\/07\/marketing-1024x683.jpg\",\"datePublished\":\"2025-07-23T12:52:00+00:00\",\"dateModified\":\"2025-12-24T04:16:39+00:00\",\"description\":\"Discover Living cost in Australia for international students. Working rights, education system, and practical tips to study and live.\",\"breadcrumb\":{\"@id\":\"https:\/\/www.linas.com.au\/life-in-australia\/#breadcrumb\"},\"inLanguage\":\"et\",\"potentialAction\":[{\"@type\":\"ReadAction\",\"target\":[\"https:\/\/www.linas.com.au\/life-in-australia\/\"]}]},{\"@type\":\"ImageObject\",\"inLanguage\":\"et\",\"@id\":\"https:\/\/www.linas.com.au\/life-in-australia\/#primaryimage\",\"url\":\"https:\/\/www.linas.com.au\/wp-content\/uploads\/2025\/07\/marketing-1024x683.jpg\",\"contentUrl\":\"https:\/\/www.linas.com.au\/wp-content\/uploads\/2025\/07\/marketing-1024x683.jpg\"},{\"@type\":\"BreadcrumbList\",\"@id\":\"https:\/\/www.linas.com.au\/life-in-australia\/#breadcrumb\",\"itemListElement\":[{\"@type\":\"ListItem\",\"position\":1,\"name\":\"Home\",\"item\":\"https:\/\/www.linas.com.au\/et\/\"},{\"@type\":\"ListItem\",\"position\":2,\"name\":\"Life in Australia\"}]},{\"@type\":\"WebSite\",\"@id\":\"https:\/\/www.linas.com.au\/lt\/#website\",\"url\":\"https:\/\/www.linas.com.au\/lt\/\",\"name\":\"Study In Australia\",\"description\":\"\",\"publisher\":{\"@id\":\"https:\/\/www.linas.com.au\/lt\/#organization\"},\"potentialAction\":[{\"@type\":\"SearchAction\",\"target\":{\"@type\":\"EntryPoint\",\"urlTemplate\":\"https:\/\/www.linas.com.au\/lt\/?s={search_term_string}\"},\"query-input\":{\"@type\":\"PropertyValueSpecification\",\"valueRequired\":true,\"valueName\":\"search_term_string\"}}],\"inLanguage\":\"et\"},{\"@type\":\"Organization\",\"@id\":\"https:\/\/www.linas.com.au\/lt\/#organization\",\"name\":\"LinAs Student Agency\",\"url\":\"https:\/\/www.linas.com.au\/lt\/\",\"logo\":{\"@type\":\"ImageObject\",\"inLanguage\":\"et\",\"@id\":\"https:\/\/www.linas.com.au\/lt\/#\/schema\/logo\/image\/\",\"url\":\"https:\/\/www.linas.com.au\/wp-content\/uploads\/2025\/12\/social_logo.jpg\",\"contentUrl\":\"https:\/\/www.linas.com.au\/wp-content\/uploads\/2025\/12\/social_logo.jpg\",\"width\":800,\"height\":315,\"caption\":\"LinAs Student Agency\"},\"image\":{\"@id\":\"https:\/\/www.linas.com.au\/lt\/#\/schema\/logo\/image\/\"},\"sameAs\":[\"https:\/\/www.instagram.com\/linasaustralia\/\"]}]}<\/script>\n<!-- \/ Yoast SEO plugin. -->","yoast_head_json":{"title":"Elamiskulud Austraalias \u2013 \u00d5ppimine Austraalias","description":"Tutvu Austraalia elamiskuludega rahvusvahelistele \u00fcli\u00f5pilastele: t\u00f6\u00f6tamis\u00f5igused, hariduss\u00fcsteem ja praktilised n\u00f5uanded \u00f5ppimiseks ja elamiseks.","robots":{"index":"index","follow":"follow","max-snippet":"max-snippet:-1","max-image-preview":"max-image-preview:large","max-video-preview":"max-video-preview:-1"},"canonical":"https:\/\/www.linas.com.au\/et\/life-in-australia\/","og_locale":"et_EE","og_type":"article","og_title":"Living cost in Australia - Study In Australia","og_description":"Discover Living cost in Australia for international students. Working rights, education system, and practical tips to study and live.","og_url":"https:\/\/www.linas.com.au\/et\/life-in-australia\/","og_site_name":"Study In Australia","article_modified_time":"2025-12-24T04:16:39+00:00","og_image":[{"url":"https:\/\/www.linas.com.au\/wp-content\/uploads\/2025\/07\/marketing-1024x683.jpg","type":"","width":"","height":""}],"twitter_card":"summary_large_image","twitter_misc":{"Est. reading time":"2 minutit"},"schema":{"@context":"https:\/\/schema.org","@graph":[{"@type":"WebPage","@id":"https:\/\/www.linas.com.au\/life-in-australia\/","url":"https:\/\/www.linas.com.au\/life-in-australia\/","name":"Elamiskulud Austraalias \u2013 \u00d5ppimine Austraalias","isPartOf":{"@id":"https:\/\/www.linas.com.au\/lt\/#website"},"primaryImageOfPage":{"@id":"https:\/\/www.linas.com.au\/life-in-australia\/#primaryimage"},"image":{"@id":"https:\/\/www.linas.com.au\/life-in-australia\/#primaryimage"},"thumbnailUrl":"https:\/\/www.linas.com.au\/wp-content\/uploads\/2025\/07\/marketing-1024x683.jpg","datePublished":"2025-07-23T12:52:00+00:00","dateModified":"2025-12-24T04:16:39+00:00","description":"Tutvu Austraalia elamiskuludega rahvusvahelistele \u00fcli\u00f5pilastele: t\u00f6\u00f6tamis\u00f5igused, hariduss\u00fcsteem ja praktilised n\u00f5uanded \u00f5ppimiseks ja elamiseks.","breadcrumb":{"@id":"https:\/\/www.linas.com.au\/life-in-australia\/#breadcrumb"},"inLanguage":"et","potentialAction":[{"@type":"ReadAction","target":["https:\/\/www.linas.com.au\/life-in-australia\/"]}]},{"@type":"ImageObject","inLanguage":"et","@id":"https:\/\/www.linas.com.au\/life-in-australia\/#primaryimage","url":"https:\/\/www.linas.com.au\/wp-content\/uploads\/2025\/07\/marketing-1024x683.jpg","contentUrl":"https:\/\/www.linas.com.au\/wp-content\/uploads\/2025\/07\/marketing-1024x683.jpg"},{"@type":"BreadcrumbList","@id":"https:\/\/www.linas.com.au\/life-in-australia\/#breadcrumb","itemListElement":[{"@type":"ListItem","position":1,"name":"Home","item":"https:\/\/www.linas.com.au\/et\/"},{"@type":"ListItem","position":2,"name":"Life in Australia"}]},{"@type":"WebSite","@id":"https:\/\/www.linas.com.au\/lt\/#website","url":"https:\/\/www.linas.com.au\/lt\/","name":"Study In Australia","description":"","publisher":{"@id":"https:\/\/www.linas.com.au\/lt\/#organization"},"potentialAction":[{"@type":"SearchAction","target":{"@type":"EntryPoint","urlTemplate":"https:\/\/www.linas.com.au\/lt\/?s={search_term_string}"},"query-input":{"@type":"PropertyValueSpecification","valueRequired":true,"valueName":"search_term_string"}}],"inLanguage":"et"},{"@type":"Organization","@id":"https:\/\/www.linas.com.au\/lt\/#organization","name":"LinAs Student Agency","url":"https:\/\/www.linas.com.au\/lt\/","logo":{"@type":"ImageObject","inLanguage":"et","@id":"https:\/\/www.linas.com.au\/lt\/#\/schema\/logo\/image\/","url":"https:\/\/www.linas.com.au\/wp-content\/uploads\/2025\/12\/social_logo.jpg","contentUrl":"https:\/\/www.linas.com.au\/wp-content\/uploads\/2025\/12\/social_logo.jpg","width":800,"height":315,"caption":"LinAs Student Agency"},"image":{"@id":"https:\/\/www.linas.com.au\/lt\/#\/schema\/logo\/image\/"},"sameAs":["https:\/\/www.instagram.com\/linasaustralia\/"]}]}},"_links":{"self":[{"href":"https:\/\/www.linas.com.au\/et\/wp-json\/wp\/v2\/pages\/9169","targetHints":{"allow":["GET"]}}],"collection":[{"href":"https:\/\/www.linas.com.au\/et\/wp-json\/wp\/v2\/pages"}],"about":[{"href":"https:\/\/www.linas.com.au\/et\/wp-json\/wp\/v2\/types\/page"}],"author":[{"embeddable":true,"href":"https:\/\/www.linas.com.au\/et\/wp-json\/wp\/v2\/users\/2"}],"replies":[{"embeddable":true,"href":"https:\/\/www.linas.com.au\/et\/wp-json\/wp\/v2\/comments?post=9169"}],"version-history":[{"count":20,"href":"https:\/\/www.linas.com.au\/et\/wp-json\/wp\/v2\/pages\/9169\/revisions"}],"predecessor-version":[{"id":10559,"href":"https:\/\/www.linas.com.au\/et\/wp-json\/wp\/v2\/pages\/9169\/revisions\/10559"}],"wp:attachment":[{"href":"https:\/\/www.linas.com.au\/et\/wp-json\/wp\/v2\/media?parent=9169"}],"curies":[{"name":"wp","href":"https:\/\/api.w.org\/{rel}","templated":true}]}}