     {"id":44,"date":"2021-01-30T16:19:11","date_gmt":"2021-01-30T16:19:11","guid":{"rendered":"https:\/\/www.linas.com.au\/?page_id=44"},"modified":"2025-12-16T11:53:49","modified_gmt":"2025-12-16T11:53:49","slug":"work-in-australia","status":"publish","type":"page","link":"https:\/\/www.linas.com.au\/et\/life-in-australia\/work-in-australia\/","title":{"rendered":"T\u00f6\u00f6"},"content":{"rendered":"<div data-elementor-type=\"wp-page\" data-elementor-id=\"44\" class=\"elementor elementor-44\" data-elementor-settings=\"{&quot;ha_cmc_init_switcher&quot;:&quot;no&quot;}\" data-elementor-post-type=\"page\">\n\t\t\t\t\t\t<section class=\"elementor-section elementor-top-section elementor-element elementor-element-2b8746cf elementor-section-height-min-height elementor-section-stretched elementor-section-boxed elementor-section-height-default elementor-section-items-middle\" data-id=\"2b8746cf\" data-element_type=\"section\" data-e-type=\"section\" data-settings=\"{&quot;background_background&quot;:&quot;classic&quot;,&quot;shape_divider_bottom&quot;:&quot;tilt&quot;,&quot;stretch_section&quot;:&quot;section-stretched&quot;,&quot;_ha_eqh_enable&quot;:false}\">\n\t\t\t\t\t\t\t<div class=\"elementor-background-overlay\"><\/div>\n\t\t\t\t\t\t<div class=\"elementor-shape elementor-shape-bottom\" aria-hidden=\"true\" data-negative=\"false\">\n\t\t\t<svg xmlns=\"http:\/\/www.w3.org\/2000\/svg\" viewbox=\"0 0 1000 100\" preserveaspectratio=\"none\">\n\t<path class=\"elementor-shape-fill\" d=\"M0,6V0h1000v100L0,6z\"\/>\n<\/svg>\t\t<\/div>\n\t\t\t\t\t<div class=\"elementor-container elementor-column-gap-default\">\n\t\t\t\t\t<div class=\"elementor-column elementor-col-100 elementor-top-column elementor-element elementor-element-6820048\" data-id=\"6820048\" data-element_type=\"column\" data-e-type=\"column\">\n\t\t\t<div class=\"elementor-widget-wrap elementor-element-populated\">\n\t\t\t\t\t\t<div class=\"elementor-element elementor-element-2bb9bd2b elementor-widget elementor-widget-theme-post-title elementor-page-title elementor-widget-heading\" data-id=\"2bb9bd2b\" data-element_type=\"widget\" data-e-type=\"widget\" data-widget_type=\"theme-post-title.default\">\n\t\t\t\t<div class=\"elementor-widget-container\">\n\t\t\t\t\t<h1 class=\"elementor-heading-title elementor-size-default\">T\u00f6\u00f6<\/h1>\t\t\t\t<\/div>\n\t\t\t\t<\/div>\n\t\t\t\t\t<\/div>\n\t\t<\/div>\n\t\t\t\t\t<\/div>\n\t\t<\/section>\n\t\t\t\t<section class=\"elementor-section elementor-top-section elementor-element elementor-element-91f3f66 elementor-section-stretched elementor-section-boxed elementor-section-height-default elementor-section-height-default\" data-id=\"91f3f66\" data-element_type=\"section\" data-e-type=\"section\" data-settings=\"{&quot;stretch_section&quot;:&quot;section-stretched&quot;,&quot;_ha_eqh_enable&quot;:false}\">\n\t\t\t\t\t\t\t<div class=\"elementor-background-overlay\"><\/div>\n\t\t\t\t\t\t\t<div class=\"elementor-container elementor-column-gap-default\">\n\t\t\t\t\t<div class=\"elementor-column elementor-col-100 elementor-top-column elementor-element elementor-element-0a8be8f\" data-id=\"0a8be8f\" data-element_type=\"column\" data-e-type=\"column\" data-settings=\"{&quot;background_background&quot;:&quot;classic&quot;}\">\n\t\t\t<div class=\"elementor-widget-wrap elementor-element-populated\">\n\t\t\t\t\t<div class=\"elementor-background-overlay\"><\/div>\n\t\t\t\t\t\t<div class=\"elementor-element elementor-element-a14c7d0 elementor-widget elementor-widget-text-editor\" data-id=\"a14c7d0\" data-element_type=\"widget\" data-e-type=\"widget\" data-widget_type=\"text-editor.default\">\n\t\t\t\t<div class=\"elementor-widget-container\">\n\t\t\t\t\t\t\t\t\t<h3 style=\"text-align: left;\"><span style=\"color: #000000;\"><b>Teeni raha, arenda oskusi ja muuda oma elu Austraalias lihtsamaks.<\/b><\/span><span style=\"font-size: inherit; text-align: inherit;\"><br \/><\/span><\/h3><p><span style=\"font-weight: 400;\">Austraalias \u00f5ppimise ajal osalise t\u00f6\u00f6ajaga t\u00f6\u00f6tamine ei ole lihtsalt lubatud - see on \u00fcks nutikaimaid viise, kuidas saada <\/span><b>rahvusvahelist kogemust<\/b><span style=\"font-weight: 400;\">, teenida <\/span><b>sissetulekut<\/b><span style=\"font-weight: 400;\">, ja suurendada oma <\/span><b>karj\u00e4\u00e4ri- ja migratsiooni v\u00f5imalusi<\/b><span style=\"font-weight: 400;\">.<\/span><\/p><p><span style=\"font-weight: 400;\">Aitame sul m\u00f5ista oma \u00f5igusi, leida oma esimese t\u00f6\u00f6 ja luua tutvusi \u00f5igete inimestega.<\/span><\/p><h5><b>\ud83e\uddfe <span style=\"color: #000000;\">\u00d5pilasviisa aja t\u00f6\u00f6tamise reeglid (uuendatud 2024)<\/span><\/b><\/h5><ul><li style=\"font-weight: 400;\" aria-level=\"1\"><span style=\"font-weight: 400;\">Saad t\u00f6\u00f6tada <\/span><b>kuni 48 tundi kahe n\u00e4dala jooksul<\/b><span style=\"font-weight: 400;\"> \u00f5ppimise ajal<\/span><\/li><li style=\"font-weight: 400;\" aria-level=\"1\"><span style=\"font-weight: 400;\">Saad t\u00f6\u00f6tada <\/span><b>piiramatult<\/b><span style=\"font-weight: 400;\"> kursuse vaheaegadel<\/span><\/li><li style=\"font-weight: 400;\" aria-level=\"1\"><span style=\"font-weight: 400;\">\u00d5pid <\/span><b>Master\u2019s by Research<\/b><span style=\"font-weight: 400;\"> v\u00f5i <\/span><b>PhD<\/b><span style=\"font-weight: 400;\">kraadi? V\u00f5id t\u00f6\u00f6tada t\u00e4ist\u00f6\u00f6ajaga igal ajal<\/span><\/li><\/ul><h5><b>\ud83d\udcb8 <span style=\"color: #000000;\">Kui palju on sul v\u00f5imalik teenida?<\/span><\/b><\/h5><p><span style=\"font-weight: 400;\">Miinimumpalk Austraalias: <\/span><b>AU$ 24,10\/tunnis<\/b><b><br \/><\/b><span style=\"font-weight: 400;\"> Kuid juhut\u00f6\u00f6tajad teenivad tavaliselt rohkem:<\/span><\/p><table><tbody><tr><td><p><b>T\u00f6\u00f6 t\u00fc\u00fcp<\/b><\/p><\/td><td><p><b>Tunnipalga vahemik (AUD)<\/b><\/p><\/td><\/tr><tr><td><p><span style=\"font-weight: 400;\">Kelner \/ baarmen<\/span><\/p><\/td><td><p><span style=\"font-weight: 400;\">$27-$36 (+ tipp)<\/span><\/p><\/td><\/tr><tr><td><p><span style=\"font-weight: 400;\">Koristaja<\/span><\/p><\/td><td><p><span style=\"font-weight: 400;\">$27-$40<\/span><\/p><\/td><\/tr><tr><td><p><span style=\"font-weight: 400;\">K\u00f6\u00f6gi abiline<\/span><\/p><\/td><td><p><span style=\"font-weight: 400;\">$26-$33<\/span><\/p><\/td><\/tr><tr><td><p><span style=\"font-weight: 400;\">Jaem\u00fc\u00fck<\/span><\/p><\/td><td><p><span style=\"font-weight: 400;\">$28-$35<\/span><\/p><\/td><\/tr><tr><td><p><span style=\"font-weight: 400;\">Kokk<\/span><\/p><\/td><td><p><span style=\"font-weight: 400;\">$35-$50<\/span><\/p><\/td><\/tr><tr><td><p><span style=\"font-weight: 400;\">Hooldust\u00f6\u00f6taja<\/span><\/p><\/td><td><p><span style=\"font-weight: 400;\">$36-$66<\/span><\/p><\/td><\/tr><tr><td><p><span style=\"font-weight: 400;\">Maaler \/ abit\u00f6\u00f6line<\/span><\/p><\/td><td><p><span style=\"font-weight: 400;\">$35-$50<\/span><\/p><\/td><\/tr><tr><td><p><span style=\"font-weight: 400;\">Personaaltreener<\/span><\/p><\/td><td><p><span style=\"font-weight: 400;\">$40-$90<\/span><\/p><\/td><\/tr><\/tbody><\/table><p><span style=\"font-weight: 400;\">\u2705 Riiklikel p\u00fchadel v\u00f5ivad m\u00f5ned t\u00f6\u00f6kohad maksta <\/span><b>$60\u2013$70+\/tunnis<\/b><span style=\"font-weight: 400;\">.<\/span><\/p><h5><b>\ud83d\udcbc <span style=\"color: #000000;\">Kus \u00f5pilased tavaliselt t\u00f6\u00f6tavad?<\/span><\/b><\/h5><ul><li style=\"font-weight: 400;\" aria-level=\"1\"><span style=\"font-weight: 400;\">Kohvikud, baarid, restoranid<\/span><\/li><li style=\"font-weight: 400;\" aria-level=\"1\"><span style=\"font-weight: 400;\">Jaem\u00fc\u00fcgipoed ja supermarketid<\/span><\/li><li style=\"font-weight: 400;\" aria-level=\"1\"><span style=\"font-weight: 400;\">Hotellid ja turismiettev\u00f5tted<\/span><\/li><li style=\"font-weight: 400;\" aria-level=\"1\"><span style=\"font-weight: 400;\">Ehitusel ja koristajana<\/span><\/li><li style=\"font-weight: 400;\" aria-level=\"1\"><span style=\"font-weight: 400;\">P\u00f5llumajanduses (hooajaline ja piirkondlik)<\/span><\/li><li style=\"font-weight: 400;\" aria-level=\"1\"><span style=\"font-weight: 400;\">Haldus-, turundus- v\u00f5i loovt\u00f6\u00f6 (kogemustega)<\/span><\/li><li style=\"font-weight: 400;\" aria-level=\"1\"><span style=\"font-weight: 400;\">Praktika oma kursuse kaudu v\u00f5i iseseisvalt<\/span><\/li><\/ul><h5><b>\ud83c\udf93 <span style=\"color: #000000;\">Praktika ja karj\u00e4\u00e4ri kujundamine<\/span><\/b><\/h5><p><span style=\"font-weight: 400;\">M\u00f5ned kolled\u017eid ja \u00fclikoolid pakuvad <\/span><b>praktikakohta<\/b><span style=\"font-weight: 400;\"> osana sinu \u00f5pingutest. Isegi kui sinu kursus seda ei paku, aitame sul leida iseseisvaid praktikav\u00f5imalusi, mis vastavad sinu eesm\u00e4rkidele.<\/span><\/p><p><span style=\"font-weight: 400;\">\u2705 N\u00f5uanne: Austraalias, <\/span><b>on kogemus t\u00e4htsam kui diplom<\/b><span style=\"font-weight: 400;\"> - seega tasub juba varakult alustada t\u00f6\u00f6kogemuse saamisega.<\/span><\/p><h5><b>\ud83e\udde0 <span style=\"color: #000000;\">Mida on t\u00f6\u00f6tamiseks vaja<\/span><\/b><\/h5><ul><li style=\"font-weight: 400;\" aria-level=\"1\"><b>Tax File Number (TFN)<\/b><\/li><li style=\"font-weight: 400;\" aria-level=\"1\"><b>Austraalia pangakonto<\/b><\/li><li style=\"font-weight: 400;\" aria-level=\"1\"><span style=\"font-weight: 400;\">Inglise keeles <\/span><b>CV<\/b><\/li><li style=\"font-weight: 400;\" aria-level=\"1\"><span style=\"font-weight: 400;\">(vabatahtlik) <\/span><b>ABN<\/b><span style=\"font-weight: 400;\"> kui soovid tegutseda vabakutselisena v\u00f5i alustada oma ettev\u00f5tet<\/span><\/li><\/ul><h5><b>\ud83d\udcac <span style=\"color: #000000;\">Kuidas LinAs aitab<\/span><\/b><\/h5><ul><li style=\"font-weight: 400;\" aria-level=\"1\"><span style=\"font-weight: 400;\">Abi TFN-i, pangakonto loomise ja CVkoostamise osas<\/span><\/li><li style=\"font-weight: 400;\" aria-level=\"1\"><span style=\"font-weight: 400;\">Osalemisv\u00f5imalus <\/span><b>networking-\u00fcritustel<\/b><span style=\"font-weight: 400;\"> ja tudengiorganisatsioonides.<\/span><\/li><li style=\"font-weight: 400;\" aria-level=\"1\"><span style=\"font-weight: 400;\">T\u00f6\u00f6andjate tutvused ja kogukonna soovitused<\/span><\/li><li style=\"font-weight: 400;\" aria-level=\"1\"><span style=\"font-weight: 400;\">Ausad n\u00f5uanded t\u00f6\u00f6 leidmiseks vastavalt teie inglise keele oskusele ja viisat\u00fc\u00fcbile<\/span><\/li><\/ul><p><span style=\"font-weight: 400;\">Info <\/span><b>kursuste kohta,<\/b><span style=\"font-weight: 400;\"> mis parandavad sponsorluse v\u00f5imalusi<\/span><span style=\"font-weight: 400;\"><br \/><\/span><\/p>\t\t\t\t\t\t\t\t<\/div>\n\t\t\t\t<\/div>\n\t\t\t\t<div class=\"elementor-element elementor-element-3496811f elementor-widget__width-auto get-free-consultation elementor-widget elementor-widget-button\" data-id=\"3496811f\" data-element_type=\"widget\" data-e-type=\"widget\" data-widget_type=\"button.default\">\n\t\t\t\t<div class=\"elementor-widget-container\">\n\t\t\t\t\t\t\t\t\t<div class=\"elementor-button-wrapper\">\n\t\t\t\t\t<a class=\"elementor-button elementor-button-link elementor-size-sm elementor-animation-float\" href=\"\/et\/linas-contact-us\/\">\n\t\t\t\t\t\t<span class=\"elementor-button-content-wrapper\">\n\t\t\t\t\t\t\t\t\t<span class=\"elementor-button-text\">Leiame sinu tee<\/span>\n\t\t\t\t\t<\/span>\n\t\t\t\t\t<\/a>\n\t\t\t\t<\/div>\n\t\t\t\t\t\t\t\t<\/div>\n\t\t\t\t<\/div>\n\t\t\t\t\t<\/div>\n\t\t<\/div>\n\t\t\t\t\t<\/div>\n\t\t<\/section>\n\t\t\t\t<\/div>","protected":false},"excerpt":{"rendered":"<p>Earn money, build skills, and make your Aussie life smoother. Working part-time while studying in Australia isn\u2019t just allowed \u2014 it\u2019s one of the smartest ways to gain international experience, earn real income, and boost your career and migration prospects. We\u2019ll help you understand your rights, find your first job, and connect you to the [&hellip;]<\/p>\n","protected":false},"author":4,"featured_media":0,"parent":9169,"menu_order":0,"comment_status":"closed","ping_status":"closed","template":"","meta":{"footnotes":""},"class_list":["post-44","page","type-page","status-publish","hentry"],"yoast_head":"<!-- This site is optimized with the Yoast SEO plugin v27.5 - https:\/\/yoast.com\/product\/yoast-seo-wordpress\/ -->\n<title>Work - Study In Australia<\/title>\n<meta name=\"description\" content=\"Study and work in Australia legally. Discover student visa work limits, hourly pay, job options, and expert support from LinAs.\" \/>\n<meta name=\"robots\" content=\"index, follow, max-snippet:-1, max-image-preview:large, max-video-preview:-1\" \/>\n<link rel=\"canonical\" href=\"https:\/\/www.linas.com.au\/et\/life-in-australia\/work-in-australia\/\" \/>\n<meta property=\"og:locale\" content=\"et_EE\" \/>\n<meta property=\"og:type\" content=\"article\" \/>\n<meta property=\"og:title\" content=\"Work - Study In Australia\" \/>\n<meta property=\"og:description\" content=\"Study and work in Australia legally. Discover student visa work limits, hourly pay, job options, and expert support from LinAs.\" \/>\n<meta property=\"og:url\" content=\"https:\/\/www.linas.com.au\/et\/life-in-australia\/work-in-australia\/\" \/>\n<meta property=\"og:site_name\" content=\"Study In Australia\" \/>\n<meta property=\"article:modified_time\" content=\"2025-12-16T11:53:49+00:00\" \/>\n<meta name=\"twitter:card\" content=\"summary_large_image\" \/>\n<meta name=\"twitter:label1\" content=\"Est. reading time\" \/>\n\t<meta name=\"twitter:data1\" content=\"2 minutit\" \/>\n<script type=\"application\/ld+json\" class=\"yoast-schema-graph\">{\"@context\":\"https:\\\/\\\/schema.org\",\"@graph\":[{\"@type\":\"WebPage\",\"@id\":\"https:\\\/\\\/www.linas.com.au\\\/life-in-australia\\\/work-in-australia\\\/\",\"url\":\"https:\\\/\\\/www.linas.com.au\\\/life-in-australia\\\/work-in-australia\\\/\",\"name\":\"Work - Study In Australia\",\"isPartOf\":{\"@id\":\"https:\\\/\\\/www.linas.com.au\\\/#website\"},\"datePublished\":\"2021-01-30T16:19:11+00:00\",\"dateModified\":\"2025-12-16T11:53:49+00:00\",\"description\":\"Study and work in Australia legally. Discover student visa work limits, hourly pay, job options, and expert support from LinAs.\",\"breadcrumb\":{\"@id\":\"https:\\\/\\\/www.linas.com.au\\\/life-in-australia\\\/work-in-australia\\\/#breadcrumb\"},\"inLanguage\":\"et\",\"potentialAction\":[{\"@type\":\"ReadAction\",\"target\":[\"https:\\\/\\\/www.linas.com.au\\\/life-in-australia\\\/work-in-australia\\\/\"]}]},{\"@type\":\"BreadcrumbList\",\"@id\":\"https:\\\/\\\/www.linas.com.au\\\/life-in-australia\\\/work-in-australia\\\/#breadcrumb\",\"itemListElement\":[{\"@type\":\"ListItem\",\"position\":1,\"name\":\"Home\",\"item\":\"https:\\\/\\\/www.linas.com.au\\\/\"},{\"@type\":\"ListItem\",\"position\":2,\"name\":\"Life in Australia\",\"item\":\"https:\\\/\\\/www.linas.com.au\\\/life-in-australia\\\/\"},{\"@type\":\"ListItem\",\"position\":3,\"name\":\"Work\"}]},{\"@type\":\"WebSite\",\"@id\":\"https:\\\/\\\/www.linas.com.au\\\/#website\",\"url\":\"https:\\\/\\\/www.linas.com.au\\\/\",\"name\":\"Study In Australia\",\"description\":\"\",\"publisher\":{\"@id\":\"https:\\\/\\\/www.linas.com.au\\\/#organization\"},\"potentialAction\":[{\"@type\":\"SearchAction\",\"target\":{\"@type\":\"EntryPoint\",\"urlTemplate\":\"https:\\\/\\\/www.linas.com.au\\\/?s={search_term_string}\"},\"query-input\":{\"@type\":\"PropertyValueSpecification\",\"valueRequired\":true,\"valueName\":\"search_term_string\"}}],\"inLanguage\":\"et\"},{\"@type\":\"Organization\",\"@id\":\"https:\\\/\\\/www.linas.com.au\\\/#organization\",\"name\":\"LinAs Student Agency\",\"url\":\"https:\\\/\\\/www.linas.com.au\\\/\",\"logo\":{\"@type\":\"ImageObject\",\"inLanguage\":\"et\",\"@id\":\"https:\\\/\\\/www.linas.com.au\\\/#\\\/schema\\\/logo\\\/image\\\/\",\"url\":\"https:\\\/\\\/www.linas.com.au\\\/wp-content\\\/uploads\\\/2025\\\/12\\\/social_logo.jpg\",\"contentUrl\":\"https:\\\/\\\/www.linas.com.au\\\/wp-content\\\/uploads\\\/2025\\\/12\\\/social_logo.jpg\",\"width\":800,\"height\":315,\"caption\":\"LinAs Student Agency\"},\"image\":{\"@id\":\"https:\\\/\\\/www.linas.com.au\\\/#\\\/schema\\\/logo\\\/image\\\/\"},\"sameAs\":[\"https:\\\/\\\/www.instagram.com\\\/linasaustralia\\\/\"]}]}<\/script>\n<!-- \/ Yoast SEO plugin. -->","yoast_head_json":{"title":"T\u00f6\u00f6tamine ja \u00f5ppimine Austraalias","description":"\u00d5ppige ja t\u00f6\u00f6tage Austraalias seaduslikult. Tutvuge tudengiviisa t\u00f6\u00f6piirangute, tunnitasu, t\u00f6\u00f6v\u00f5imaluste ja LinAs\u2019e professionaalse toega.","robots":{"index":"index","follow":"follow","max-snippet":"max-snippet:-1","max-image-preview":"max-image-preview:large","max-video-preview":"max-video-preview:-1"},"canonical":"https:\/\/www.linas.com.au\/et\/life-in-australia\/work-in-australia\/","og_locale":"et_EE","og_type":"article","og_title":"Work - Study In Australia","og_description":"Study and work in Australia legally. Discover student visa work limits, hourly pay, job options, and expert support from LinAs.","og_url":"https:\/\/www.linas.com.au\/et\/life-in-australia\/work-in-australia\/","og_site_name":"Study In Australia","article_modified_time":"2025-12-16T11:53:49+00:00","twitter_card":"summary_large_image","twitter_misc":{"Est. reading time":"2 minutit"},"schema":{"@context":"https:\/\/schema.org","@graph":[{"@type":"WebPage","@id":"https:\/\/www.linas.com.au\/life-in-australia\/work-in-australia\/","url":"https:\/\/www.linas.com.au\/life-in-australia\/work-in-australia\/","name":"T\u00f6\u00f6tamine ja \u00f5ppimine Austraalias","isPartOf":{"@id":"https:\/\/www.linas.com.au\/#website"},"datePublished":"2021-01-30T16:19:11+00:00","dateModified":"2025-12-16T11:53:49+00:00","description":"\u00d5ppige ja t\u00f6\u00f6tage Austraalias seaduslikult. Tutvuge tudengiviisa t\u00f6\u00f6piirangute, tunnitasu, t\u00f6\u00f6v\u00f5imaluste ja LinAs\u2019e professionaalse toega.","breadcrumb":{"@id":"https:\/\/www.linas.com.au\/life-in-australia\/work-in-australia\/#breadcrumb"},"inLanguage":"et","potentialAction":[{"@type":"ReadAction","target":["https:\/\/www.linas.com.au\/life-in-australia\/work-in-australia\/"]}]},{"@type":"BreadcrumbList","@id":"https:\/\/www.linas.com.au\/life-in-australia\/work-in-australia\/#breadcrumb","itemListElement":[{"@type":"ListItem","position":1,"name":"Home","item":"https:\/\/www.linas.com.au\/"},{"@type":"ListItem","position":2,"name":"Life in Australia","item":"https:\/\/www.linas.com.au\/life-in-australia\/"},{"@type":"ListItem","position":3,"name":"Work"}]},{"@type":"WebSite","@id":"https:\/\/www.linas.com.au\/#website","url":"https:\/\/www.linas.com.au\/","name":"Study In Australia","description":"","publisher":{"@id":"https:\/\/www.linas.com.au\/#organization"},"potentialAction":[{"@type":"SearchAction","target":{"@type":"EntryPoint","urlTemplate":"https:\/\/www.linas.com.au\/?s={search_term_string}"},"query-input":{"@type":"PropertyValueSpecification","valueRequired":true,"valueName":"search_term_string"}}],"inLanguage":"et"},{"@type":"Organization","@id":"https:\/\/www.linas.com.au\/#organization","name":"LinAs Student Agency","url":"https:\/\/www.linas.com.au\/","logo":{"@type":"ImageObject","inLanguage":"et","@id":"https:\/\/www.linas.com.au\/#\/schema\/logo\/image\/","url":"https:\/\/www.linas.com.au\/wp-content\/uploads\/2025\/12\/social_logo.jpg","contentUrl":"https:\/\/www.linas.com.au\/wp-content\/uploads\/2025\/12\/social_logo.jpg","width":800,"height":315,"caption":"LinAs Student Agency"},"image":{"@id":"https:\/\/www.linas.com.au\/#\/schema\/logo\/image\/"},"sameAs":["https:\/\/www.instagram.com\/linasaustralia\/"]}]}},"_links":{"self":[{"href":"https:\/\/www.linas.com.au\/et\/wp-json\/wp\/v2\/pages\/44","targetHints":{"allow":["GET"]}}],"collection":[{"href":"https:\/\/www.linas.com.au\/et\/wp-json\/wp\/v2\/pages"}],"about":[{"href":"https:\/\/www.linas.com.au\/et\/wp-json\/wp\/v2\/types\/page"}],"author":[{"embeddable":true,"href":"https:\/\/www.linas.com.au\/et\/wp-json\/wp\/v2\/users\/4"}],"replies":[{"embeddable":true,"href":"https:\/\/www.linas.com.au\/et\/wp-json\/wp\/v2\/comments?post=44"}],"version-history":[{"count":7,"href":"https:\/\/www.linas.com.au\/et\/wp-json\/wp\/v2\/pages\/44\/revisions"}],"predecessor-version":[{"id":10476,"href":"https:\/\/www.linas.com.au\/et\/wp-json\/wp\/v2\/pages\/44\/revisions\/10476"}],"up":[{"embeddable":true,"href":"https:\/\/www.linas.com.au\/et\/wp-json\/wp\/v2\/pages\/9169"}],"wp:attachment":[{"href":"https:\/\/www.linas.com.au\/et\/wp-json\/wp\/v2\/media?parent=44"}],"curies":[{"name":"wp","href":"https:\/\/api.w.org\/{rel}","templated":true}]}}