     {"id":35,"date":"2021-01-30T16:17:00","date_gmt":"2021-01-30T16:17:00","guid":{"rendered":"https:\/\/www.linas.com.au\/?page_id=35"},"modified":"2025-12-16T11:30:15","modified_gmt":"2025-12-16T11:30:15","slug":"education-system-in-australia","status":"publish","type":"page","link":"https:\/\/www.linas.com.au\/et\/life-in-australia\/education-system-in-australia\/","title":{"rendered":"Hariduss\u00fcsteem"},"content":{"rendered":"<div data-elementor-type=\"wp-page\" data-elementor-id=\"35\" class=\"elementor elementor-35\" data-elementor-settings=\"{&quot;ha_cmc_init_switcher&quot;:&quot;no&quot;}\" data-elementor-post-type=\"page\">\n\t\t\t\t\t\t<section class=\"elementor-section elementor-top-section elementor-element elementor-element-29cb052b elementor-section-height-min-height elementor-section-stretched elementor-section-boxed elementor-section-height-default elementor-section-items-middle\" data-id=\"29cb052b\" data-element_type=\"section\" data-e-type=\"section\" data-settings=\"{&quot;background_background&quot;:&quot;classic&quot;,&quot;shape_divider_bottom&quot;:&quot;tilt&quot;,&quot;stretch_section&quot;:&quot;section-stretched&quot;,&quot;_ha_eqh_enable&quot;:false}\">\n\t\t\t\t\t\t\t<div class=\"elementor-background-overlay\"><\/div>\n\t\t\t\t\t\t<div class=\"elementor-shape elementor-shape-bottom\" aria-hidden=\"true\" data-negative=\"false\">\n\t\t\t<svg xmlns=\"http:\/\/www.w3.org\/2000\/svg\" viewbox=\"0 0 1000 100\" preserveaspectratio=\"none\">\n\t<path class=\"elementor-shape-fill\" d=\"M0,6V0h1000v100L0,6z\"\/>\n<\/svg>\t\t<\/div>\n\t\t\t\t\t<div class=\"elementor-container elementor-column-gap-default\">\n\t\t\t\t\t<div class=\"elementor-column elementor-col-100 elementor-top-column elementor-element elementor-element-3f7a21c9\" data-id=\"3f7a21c9\" data-element_type=\"column\" data-e-type=\"column\">\n\t\t\t<div class=\"elementor-widget-wrap elementor-element-populated\">\n\t\t\t\t\t\t<div class=\"elementor-element elementor-element-52e009b6 elementor-widget elementor-widget-theme-post-title elementor-page-title elementor-widget-heading\" data-id=\"52e009b6\" data-element_type=\"widget\" data-e-type=\"widget\" data-widget_type=\"theme-post-title.default\">\n\t\t\t\t<div class=\"elementor-widget-container\">\n\t\t\t\t\t<h1 class=\"elementor-heading-title elementor-size-default\">Hariduss\u00fcsteem<\/h1>\t\t\t\t<\/div>\n\t\t\t\t<\/div>\n\t\t\t\t\t<\/div>\n\t\t<\/div>\n\t\t\t\t\t<\/div>\n\t\t<\/section>\n\t\t\t\t<section class=\"elementor-section elementor-top-section elementor-element elementor-element-49620699 elementor-section-stretched elementor-section-boxed elementor-section-height-default elementor-section-height-default\" data-id=\"49620699\" data-element_type=\"section\" data-e-type=\"section\" data-settings=\"{&quot;stretch_section&quot;:&quot;section-stretched&quot;,&quot;_ha_eqh_enable&quot;:false}\">\n\t\t\t\t\t\t<div class=\"elementor-container elementor-column-gap-default\">\n\t\t\t\t\t<div class=\"elementor-column elementor-col-100 elementor-top-column elementor-element elementor-element-159281c9\" data-id=\"159281c9\" data-element_type=\"column\" data-e-type=\"column\" data-settings=\"{&quot;background_background&quot;:&quot;classic&quot;}\">\n\t\t\t<div class=\"elementor-widget-wrap elementor-element-populated\">\n\t\t\t\t\t<div class=\"elementor-background-overlay\"><\/div>\n\t\t\t\t\t\t<section class=\"elementor-section elementor-inner-section elementor-element elementor-element-aa3aeb2 elementor-section-boxed elementor-section-height-default elementor-section-height-default\" data-id=\"aa3aeb2\" data-element_type=\"section\" data-e-type=\"section\" data-settings=\"{&quot;_ha_eqh_enable&quot;:false}\">\n\t\t\t\t\t\t<div class=\"elementor-container elementor-column-gap-default\">\n\t\t\t\t\t<div class=\"elementor-column elementor-col-100 elementor-inner-column elementor-element elementor-element-56a15e5f\" data-id=\"56a15e5f\" data-element_type=\"column\" data-e-type=\"column\">\n\t\t\t<div class=\"elementor-widget-wrap elementor-element-populated\">\n\t\t\t\t\t\t<div class=\"elementor-element elementor-element-7a25383d elementor-widget elementor-widget-text-editor\" data-id=\"7a25383d\" data-element_type=\"widget\" data-e-type=\"widget\" data-widget_type=\"text-editor.default\">\n\t\t\t\t<div class=\"elementor-widget-container\">\n\t\t\t\t\t\t\t\t\t<h3 style=\"margin-top: 0px;\"><span style=\"color: #000000;\"><b>Valikuid on meeletult. Aitame sul selguse luua.<\/b><\/span><\/h3><p><span style=\"font-weight: 400;\">Austraalia hariduss\u00fcsteem v\u00f5ib alguses tunduda \u00fcle j\u00f5u k\u00e4ivana. Diplomid, sertifikaadid, kraadid, CRICOS, AQF - mida see k\u00f5ik t\u00e4hendab?<\/span><\/p><p><span style=\"font-weight: 400;\">Ei ole vaja muretseda - LinAs aitab sul asjad lahti m\u00f5testada, keskendudes sellele, mis p\u00e4riselt oluline on: <\/span><b>sinu eesm\u00e4rgid<\/b><span style=\"font-weight: 400;\">, <\/span><b>sinu viisa<\/b><span style=\"font-weight: 400;\">ja <\/span><b>sinu eelarve<\/b><span style=\"font-weight: 400;\">.<\/span><\/p><h5><b>\ud83e\udded <span style=\"color: #000000;\">Millised on minu \u00f5ppimisv\u00f5imalused?<\/span><\/b><\/h5><p><span style=\"font-weight: 400;\">Olenemata sellest, kas sinu eesm\u00e4rk on t\u00e4iendada oma oskusi, luua karj\u00e4\u00e4ri v\u00f5i planeerida enda migratsiooniteed, siin on <\/span><b>peamised v\u00f5imalused v\u00e4lis\u00fcli\u00f5pilastele<\/b><span style=\"font-weight: 400;\">:<\/span><\/p><h5><b>\ud83d\udcca <span style=\"color: #000000;\">\u00d5ppetasemete selgitused<\/span><\/b><\/h5><table><tbody><tr><td><b>Kursuse t\u00fc\u00fcp<\/b><\/td><td><b>Mida see t\u00e4hendab<\/b><\/td><td><b>Kestus<\/b><\/td><td><b>Miks see valida?<\/b><\/td><\/tr><tr><td><b>Inglise keele kursused<\/b><\/td><td><span style=\"font-weight: 400;\">\u00dcldine, akadeemiline v\u00f5i IELTS ettevalmistus - et parandada oma keeleoskust ja alustada targalt.<\/span><\/td><td><span style=\"font-weight: 400;\">2 n\u00e4dalat - 12 kuud<\/span><\/td><td><span style=\"font-weight: 400;\">T\u00e4ienda suhtlemisoskust, vasta sisseastumistingimustele v\u00f5i tugevdada enesekindlust enne \u00f5ppima asumist.<\/span><\/td><\/tr><tr><td><b>Certificate I\u2013IV<\/b><\/td><td><span style=\"font-weight: 400;\">Praktiline algtaseme \u00f5pe (sageli esimene samm kutseerialade valdkonnas).<\/span><\/td><td><span style=\"font-weight: 400;\">3-12 kuud<\/span><\/td><td><span style=\"font-weight: 400;\">\u00d5pi t\u00f6\u00f6ks vajalikke oskusi v\u00f5i valmistu diplomi omandamiseks<\/span><\/td><\/tr><tr><td><b>Diploma<\/b><\/td><td><span style=\"font-weight: 400;\">Kesktaseme karj\u00e4\u00e4rikoolitus v\u00f5i \u00fclikooli\u00f5pingute tee \u00e4rinduses, IT-s, disainis, spordis ja mujal<\/span><\/td><td><span style=\"font-weight: 400;\">6-24 kuud<\/span><\/td><td><span style=\"font-weight: 400;\">Suurep\u00e4rane \u00f5ppimise ajal t\u00f6\u00f6tamiseks ja viisa v\u00f5imalusteks.<\/span><\/td><\/tr><tr><td><b>Kutseharidus<\/b><\/td><td><span style=\"font-weight: 400;\">Praktiline, migratsioonis\u00f5bralik koolitus puusepa-, auto-, kokandus- jne. valdkonnas.<\/span><\/td><td><span style=\"font-weight: 400;\">12-36 kuud<\/span><\/td><td><span style=\"font-weight: 400;\">Suure n\u00f5udlusega ametid, hea tasu ja tugev potentsiaal p\u00fcsivaks elamisloaks.<\/span><\/td><\/tr><tr><td><b>Advanced Diploma<\/b><\/td><td><span style=\"font-weight: 400;\">K\u00f5rgem kutsekvalifikatsioon - p\u00f5hjalikum, sageli juhtimistasandil<\/span><\/td><td><span style=\"font-weight: 400;\">1-2 aastat<\/span><\/td><td><span style=\"font-weight: 400;\">Hea kvalifitseeritud t\u00f6\u00f6 ja pikaajalise planeerimise jaoks<\/span><\/td><\/tr><tr><td><b>Bakalaureusekraad<\/b><\/td><td><span style=\"font-weight: 400;\">3-4 aastane \u00fclikooliprogramm<\/span><\/td><td><span style=\"font-weight: 400;\">3-4 aastat<\/span><\/td><td><span style=\"font-weight: 400;\">\u00dclemaailmselt tunnustatud, 485 viisa n\u00f5uetele vastav, karj\u00e4\u00e4rile orienteeritud<\/span><\/td><\/tr><tr><td><b>Magistrikraad<\/b><\/td><td><span style=\"font-weight: 400;\">Spetsialiseeritud bakalaureusej\u00e4rgne \u00f5pe<\/span><\/td><td><span style=\"font-weight: 400;\">1-2 aastat<\/span><\/td><td><span style=\"font-weight: 400;\">Edenda oma karj\u00e4\u00e4ri, paranda r\u00e4nde v\u00f5imalusi ja teeni rohkem<\/span><\/td><\/tr><\/tbody><\/table><h5><b>\ud83c\udfaf <span style=\"color: #000000;\">Millise variandi peaksin ma valima?<\/span><\/b><\/h5><p><span style=\"font-weight: 400;\">See s\u00f5ltub:<\/span><\/p><ul><li style=\"font-weight: 400;\" aria-level=\"1\"><span style=\"font-weight: 400;\">Sinu <\/span><b>viisa eesm\u00e4rkidest<\/b><span style=\"font-weight: 400;\"> (l\u00fchiajaline viibimine vs. PR-kava)<\/span><\/li><li style=\"font-weight: 400;\" aria-level=\"1\"><span style=\"font-weight: 400;\">Sinu <\/span><b>eelarvest<\/b><\/li><li style=\"font-weight: 400;\" aria-level=\"1\"><span style=\"font-weight: 400;\">Sinu <\/span><b>\u00f5ppimisharjumustest<\/b><span style=\"font-weight: 400;\"> (teooria vs. praktika)<\/span><\/li><li style=\"font-weight: 400;\" aria-level=\"1\"><span style=\"font-weight: 400;\">Sinu <\/span><b>inglise keele tasemest<\/b><span style=\"font-weight: 400;\"> ja eelnevast haridusest<\/span><\/li><\/ul><p><span style=\"font-weight: 400;\">\u2705 <\/span><b>Kutse- ja diplomikursused<\/b><span style=\"font-weight: 400;\"> on meie \u00f5pilaste seas k\u00f5ige populaarsemad - need on paindlikud, taskukohased ja viivad sageli t\u00f6\u00f6- v\u00f5i sponsorlusv\u00f5imalusteni.<\/span><span style=\"font-weight: 400;\"><br \/><\/span><span style=\"font-weight: 400;\"> \u2705 <\/span><b>Bakalaureuse- ja magistrikraadid<\/b><span style=\"font-weight: 400;\"> on ideaalsed neile, kes ehitavad pikaajalist karj\u00e4\u00e4ri v\u00f5i planeerivad tulevikus migratsiooni Austraaliasse.<\/span><span style=\"font-weight: 400;\"><br \/><\/span><span style=\"font-weight: 400;\"> \u2705 <\/span><b>Inglise keele kursused<\/b><span style=\"font-weight: 400;\"> sobivad ideaalselt alustamiseks, kui vajad abi v\u00f5i soovid astuda k\u00f5rgkooli.<\/span><\/p><h5><b>\ud83e\udde1 <span style=\"color: #000000;\">Kuidas LinAs aitab<\/span><\/b><\/h5><p><span style=\"font-weight: 400;\">Me ei m\u00fc\u00fc lihtsalt \"kursusi\", me k\u00fcsime, mida te tegelikult soovite teha ja me soovitame:<\/span><\/p><ul><li style=\"font-weight: 400;\" aria-level=\"1\"><span style=\"font-weight: 400;\">\u00d5ppimise v\u00f5imalusi, mis sobivad <\/span><b>viisa n\u00f5uetega<\/b><\/li><li style=\"font-weight: 400;\" aria-level=\"1\"><span style=\"font-weight: 400;\">Kursused, mis sobivad sinu <\/span><b>eelarve ja eesm\u00e4rkidega.<\/b><\/li><li style=\"font-weight: 400;\" aria-level=\"1\"><span style=\"font-weight: 400;\">\u00d5ige <\/span><b>linna, kolled\u017ei v\u00f5i \u00fclikooli<\/b><span style=\"font-weight: 400;\"> valimine teie elustiili jaoks.<\/span><\/li><li style=\"font-weight: 400;\" aria-level=\"1\"><span style=\"font-weight: 400;\">Ausad n\u00f5uanded selle kohta, mis on seda v\u00e4\u00e4rt (ja mis mitte).<\/span><\/li><\/ul>\t\t\t\t\t\t\t\t<\/div>\n\t\t\t\t<\/div>\n\t\t\t\t<div class=\"elementor-element elementor-element-3c9fefb5 elementor-widget__width-auto get-free-consultation elementor-widget elementor-widget-button\" data-id=\"3c9fefb5\" data-element_type=\"widget\" data-e-type=\"widget\" data-widget_type=\"button.default\">\n\t\t\t\t<div class=\"elementor-widget-container\">\n\t\t\t\t\t\t\t\t\t<div class=\"elementor-button-wrapper\">\n\t\t\t\t\t<a class=\"elementor-button elementor-button-link elementor-size-sm elementor-animation-float\" href=\"\/et\/linas-contact-us\/\">\n\t\t\t\t\t\t<span class=\"elementor-button-content-wrapper\">\n\t\t\t\t\t\t\t\t\t<span class=\"elementor-button-text\">Suhtle meiega - ei mingit survet, vaid t\u00f5eline abi.<\/span>\n\t\t\t\t\t<\/span>\n\t\t\t\t\t<\/a>\n\t\t\t\t<\/div>\n\t\t\t\t\t\t\t\t<\/div>\n\t\t\t\t<\/div>\n\t\t\t\t\t<\/div>\n\t\t<\/div>\n\t\t\t\t\t<\/div>\n\t\t<\/section>\n\t\t\t\t\t<\/div>\n\t\t<\/div>\n\t\t\t\t\t<\/div>\n\t\t<\/section>\n\t\t\t\t<\/div>","protected":false},"excerpt":{"rendered":"<p>So many options. Let\u2019s make it make sense. Australia\u2019s education system can feel overwhelming at first. Diplomas, Certificates, Degrees, CRICOS, AQF\u2014what does it all mean? Don\u2019t stress \u2014 LinAs is here to break it down in real terms, based on what actually matters: your goals, your visa, and your budget. \ud83e\udded What Are My Study [&hellip;]<\/p>\n","protected":false},"author":4,"featured_media":0,"parent":9169,"menu_order":0,"comment_status":"closed","ping_status":"closed","template":"","meta":{"footnotes":""},"class_list":["post-35","page","type-page","status-publish","hentry"],"yoast_head":"<!-- This site is optimized with the Yoast SEO plugin v27.5 - https:\/\/yoast.com\/product\/yoast-seo-wordpress\/ -->\n<title>Education System - Study In Australia<\/title>\n<meta name=\"description\" content=\"Learn how the Australian education system works for international students. Compare courses, costs, and choose the right study pathway\" \/>\n<meta name=\"robots\" content=\"index, follow, max-snippet:-1, max-image-preview:large, max-video-preview:-1\" \/>\n<link rel=\"canonical\" href=\"https:\/\/13.54.100.172\/life-in-australia\/education-system-in-australia\/\" \/>\n<meta property=\"og:locale\" content=\"et_EE\" \/>\n<meta property=\"og:type\" content=\"article\" \/>\n<meta property=\"og:title\" content=\"Education System - Study In Australia\" \/>\n<meta property=\"og:description\" content=\"Learn how the Australian education system works for international students. Compare courses, costs, and choose the right study pathway\" \/>\n<meta property=\"og:url\" content=\"https:\/\/13.54.100.172\/life-in-australia\/education-system-in-australia\/\" \/>\n<meta property=\"og:site_name\" content=\"Study In Australia\" \/>\n<meta property=\"article:modified_time\" content=\"2025-12-16T11:30:15+00:00\" \/>\n<meta name=\"twitter:card\" content=\"summary_large_image\" \/>\n<meta name=\"twitter:label1\" content=\"Est. reading time\" \/>\n\t<meta name=\"twitter:data1\" content=\"2 minutit\" \/>\n<script type=\"application\/ld+json\" class=\"yoast-schema-graph\">{\"@context\":\"https:\\\/\\\/schema.org\",\"@graph\":[{\"@type\":\"WebPage\",\"@id\":\"https:\\\/\\\/13.54.100.172\\\/life-in-australia\\\/education-system-in-australia\\\/\",\"url\":\"https:\\\/\\\/13.54.100.172\\\/life-in-australia\\\/education-system-in-australia\\\/\",\"name\":\"Education System - Study In Australia\",\"isPartOf\":{\"@id\":\"https:\\\/\\\/www.linas.com.au\\\/#website\"},\"datePublished\":\"2021-01-30T16:17:00+00:00\",\"dateModified\":\"2025-12-16T11:30:15+00:00\",\"description\":\"Learn how the Australian education system works for international students. Compare courses, costs, and choose the right study pathway\",\"breadcrumb\":{\"@id\":\"https:\\\/\\\/13.54.100.172\\\/life-in-australia\\\/education-system-in-australia\\\/#breadcrumb\"},\"inLanguage\":\"et\",\"potentialAction\":[{\"@type\":\"ReadAction\",\"target\":[\"https:\\\/\\\/13.54.100.172\\\/life-in-australia\\\/education-system-in-australia\\\/\"]}]},{\"@type\":\"BreadcrumbList\",\"@id\":\"https:\\\/\\\/13.54.100.172\\\/life-in-australia\\\/education-system-in-australia\\\/#breadcrumb\",\"itemListElement\":[{\"@type\":\"ListItem\",\"position\":1,\"name\":\"Home\",\"item\":\"https:\\\/\\\/www.linas.com.au\\\/\"},{\"@type\":\"ListItem\",\"position\":2,\"name\":\"Life in Australia\",\"item\":\"https:\\\/\\\/www.linas.com.au\\\/life-in-australia\\\/\"},{\"@type\":\"ListItem\",\"position\":3,\"name\":\"Education System\"}]},{\"@type\":\"WebSite\",\"@id\":\"https:\\\/\\\/www.linas.com.au\\\/#website\",\"url\":\"https:\\\/\\\/www.linas.com.au\\\/\",\"name\":\"Study In Australia\",\"description\":\"\",\"publisher\":{\"@id\":\"https:\\\/\\\/www.linas.com.au\\\/#organization\"},\"potentialAction\":[{\"@type\":\"SearchAction\",\"target\":{\"@type\":\"EntryPoint\",\"urlTemplate\":\"https:\\\/\\\/www.linas.com.au\\\/?s={search_term_string}\"},\"query-input\":{\"@type\":\"PropertyValueSpecification\",\"valueRequired\":true,\"valueName\":\"search_term_string\"}}],\"inLanguage\":\"et\"},{\"@type\":\"Organization\",\"@id\":\"https:\\\/\\\/www.linas.com.au\\\/#organization\",\"name\":\"LinAs Student Agency\",\"url\":\"https:\\\/\\\/www.linas.com.au\\\/\",\"logo\":{\"@type\":\"ImageObject\",\"inLanguage\":\"et\",\"@id\":\"https:\\\/\\\/www.linas.com.au\\\/#\\\/schema\\\/logo\\\/image\\\/\",\"url\":\"https:\\\/\\\/www.linas.com.au\\\/wp-content\\\/uploads\\\/2025\\\/12\\\/social_logo.jpg\",\"contentUrl\":\"https:\\\/\\\/www.linas.com.au\\\/wp-content\\\/uploads\\\/2025\\\/12\\\/social_logo.jpg\",\"width\":800,\"height\":315,\"caption\":\"LinAs Student Agency\"},\"image\":{\"@id\":\"https:\\\/\\\/www.linas.com.au\\\/#\\\/schema\\\/logo\\\/image\\\/\"},\"sameAs\":[\"https:\\\/\\\/www.instagram.com\\\/linasaustralia\\\/\"]}]}<\/script>\n<!-- \/ Yoast SEO plugin. -->","yoast_head_json":{"title":"Austraalia hariduss\u00fcsteem \u2013 \u00d5ppimine Austraalias","description":"Saage teada, kuidas Austraalia hariduss\u00fcsteem toimib rahvusvahelistele \u00fcli\u00f5pilastele. V\u00f5rrelge \u00f5ppekavasid, kulusid ja valige sobiv \u00f5pitee.","robots":{"index":"index","follow":"follow","max-snippet":"max-snippet:-1","max-image-preview":"max-image-preview:large","max-video-preview":"max-video-preview:-1"},"canonical":"https:\/\/13.54.100.172\/life-in-australia\/education-system-in-australia\/","og_locale":"et_EE","og_type":"article","og_title":"Education System - Study In Australia","og_description":"Learn how the Australian education system works for international students. Compare courses, costs, and choose the right study pathway","og_url":"https:\/\/13.54.100.172\/life-in-australia\/education-system-in-australia\/","og_site_name":"Study In Australia","article_modified_time":"2025-12-16T11:30:15+00:00","twitter_card":"summary_large_image","twitter_misc":{"Est. reading time":"2 minutit"},"schema":{"@context":"https:\/\/schema.org","@graph":[{"@type":"WebPage","@id":"https:\/\/13.54.100.172\/life-in-australia\/education-system-in-australia\/","url":"https:\/\/13.54.100.172\/life-in-australia\/education-system-in-australia\/","name":"Austraalia hariduss\u00fcsteem \u2013 \u00d5ppimine Austraalias","isPartOf":{"@id":"https:\/\/www.linas.com.au\/#website"},"datePublished":"2021-01-30T16:17:00+00:00","dateModified":"2025-12-16T11:30:15+00:00","description":"Saage teada, kuidas Austraalia hariduss\u00fcsteem toimib rahvusvahelistele \u00fcli\u00f5pilastele. V\u00f5rrelge \u00f5ppekavasid, kulusid ja valige sobiv \u00f5pitee.","breadcrumb":{"@id":"https:\/\/13.54.100.172\/life-in-australia\/education-system-in-australia\/#breadcrumb"},"inLanguage":"et","potentialAction":[{"@type":"ReadAction","target":["https:\/\/13.54.100.172\/life-in-australia\/education-system-in-australia\/"]}]},{"@type":"BreadcrumbList","@id":"https:\/\/13.54.100.172\/life-in-australia\/education-system-in-australia\/#breadcrumb","itemListElement":[{"@type":"ListItem","position":1,"name":"Home","item":"https:\/\/www.linas.com.au\/"},{"@type":"ListItem","position":2,"name":"Life in Australia","item":"https:\/\/www.linas.com.au\/life-in-australia\/"},{"@type":"ListItem","position":3,"name":"Education System"}]},{"@type":"WebSite","@id":"https:\/\/www.linas.com.au\/#website","url":"https:\/\/www.linas.com.au\/","name":"Study In Australia","description":"","publisher":{"@id":"https:\/\/www.linas.com.au\/#organization"},"potentialAction":[{"@type":"SearchAction","target":{"@type":"EntryPoint","urlTemplate":"https:\/\/www.linas.com.au\/?s={search_term_string}"},"query-input":{"@type":"PropertyValueSpecification","valueRequired":true,"valueName":"search_term_string"}}],"inLanguage":"et"},{"@type":"Organization","@id":"https:\/\/www.linas.com.au\/#organization","name":"LinAs Student Agency","url":"https:\/\/www.linas.com.au\/","logo":{"@type":"ImageObject","inLanguage":"et","@id":"https:\/\/www.linas.com.au\/#\/schema\/logo\/image\/","url":"https:\/\/www.linas.com.au\/wp-content\/uploads\/2025\/12\/social_logo.jpg","contentUrl":"https:\/\/www.linas.com.au\/wp-content\/uploads\/2025\/12\/social_logo.jpg","width":800,"height":315,"caption":"LinAs Student Agency"},"image":{"@id":"https:\/\/www.linas.com.au\/#\/schema\/logo\/image\/"},"sameAs":["https:\/\/www.instagram.com\/linasaustralia\/"]}]}},"_links":{"self":[{"href":"https:\/\/www.linas.com.au\/et\/wp-json\/wp\/v2\/pages\/35","targetHints":{"allow":["GET"]}}],"collection":[{"href":"https:\/\/www.linas.com.au\/et\/wp-json\/wp\/v2\/pages"}],"about":[{"href":"https:\/\/www.linas.com.au\/et\/wp-json\/wp\/v2\/types\/page"}],"author":[{"embeddable":true,"href":"https:\/\/www.linas.com.au\/et\/wp-json\/wp\/v2\/users\/4"}],"replies":[{"embeddable":true,"href":"https:\/\/www.linas.com.au\/et\/wp-json\/wp\/v2\/comments?post=35"}],"version-history":[{"count":10,"href":"https:\/\/www.linas.com.au\/et\/wp-json\/wp\/v2\/pages\/35\/revisions"}],"predecessor-version":[{"id":10465,"href":"https:\/\/www.linas.com.au\/et\/wp-json\/wp\/v2\/pages\/35\/revisions\/10465"}],"up":[{"embeddable":true,"href":"https:\/\/www.linas.com.au\/et\/wp-json\/wp\/v2\/pages\/9169"}],"wp:attachment":[{"href":"https:\/\/www.linas.com.au\/et\/wp-json\/wp\/v2\/media?parent=35"}],"curies":[{"name":"wp","href":"https:\/\/api.w.org\/{rel}","templated":true}]}}